{"id":203633,"date":"2023-08-02T00:03:51","date_gmt":"2023-08-01T22:03:51","guid":{"rendered":"https:\/\/ab-marineservice.com\/product\/anlasser-1158\/"},"modified":"2026-03-27T14:51:55","modified_gmt":"2026-03-27T13:51:55","slug":"anlasser-volvo-2-2-kw-12v-11-zahne","status":"publish","type":"product","link":"https:\/\/ab-marineservice.com\/de\/produkt\/anlasser-volvo-2-2-kw-12v-11-zahne\/","title":{"rendered":"Anlasser Volvo 2.2 kW &#8211; 12V, 11 Z\u00e4hne"},"content":{"rendered":"<p><strong>Technische Daten:<\/strong><br \/>\nSpannung: 12V<br \/>\nLeistung: 2.2 kW<br \/>\nFittingkante: 62.00 mm<br \/>\nZ\u00e4hne: 11<br \/>\nBasisposition des Antriebszahnrades: -5.00 mm<br \/>\nB+: M8<br \/>\nAnzahl der Montagebohrungen: 2<br \/>\nWinkel (\u00b0): +40<br \/>\nDrehung: CW<\/p>\n<p><strong>Verwendet auf:<\/strong><br \/>\nVOLVO S60 Cross Country (02-2015 &#8211; 06-2018)<br \/>\nVOLVO V40 (02-2012 &#8211; 02-2015)<br \/>\nVOLVO V40 (02-2012 &#8211; 11-2014)<br \/>\nVOLVO V40 (08-2013 &#8211; 11-2015)<br \/>\nVOLVO V60 (05-2012 &#8211; 04-2018)<br \/>\nVOLVO V60 (09-2013 &#8211; 11-2015)<br \/>\nVOLVO V60 (02-2015 &#8211; 04-2018)<br \/>\nVOLVO V60 Cross Country (02-2015 &#8211; 04-2018)<\/p>\n<p><strong>Cross-Referenz:<\/strong><br \/>\n0986026260 Bosch Exchange<br \/>\n116051 HC-Cargo<br \/>\n116483 HC-Cargo<br \/>\n15130100 AES<br \/>\n1986S00226 Bosch<br \/>\n30659314 Volvo<br \/>\n31218N WAI<br \/>\n31218NOS WAI<br \/>\n36001683 Volvo<br \/>\n5014893 Meat &#038; Doria<br \/>\n810538112 PSH<br \/>\nAMEV5C11000CA Ford<br \/>\nDRS1064 Delco Remy<br \/>\nEV5C11000CA Ford<br \/>\nEV5CCA Ford<br \/>\nF032116483 HC-Cargo<br \/>\nLRS02706 Lucas<br \/>\nLRS2706 Lucas<br \/>\nRNL30659314 RNL<br \/>\nSTM1504 Rolling Components<br \/>\nSTR61823 Wood Auto<br \/>\nWOOSTR61823 Wood Auto<\/p>\n","protected":false},"excerpt":{"rendered":"<p>Dieser Anlasser liefert eine Leistung von 2,2 kW bei einer Spannung von 12V, ideal f\u00fcr zuverl\u00e4ssige Leistung in verschiedenen Volvo-Fahrzeugen. Der Anlasser hat 11 Z\u00e4hne, eine Fittingkante von 62,00 mm und eine Basisposition des Antriebszahnrades von -5,00 mm. Das B+ hat einen M8-Anschluss, und das Produkt verf\u00fcgt \u00fcber zwei Montagebohrungen. Die Drehung ist im Uhrzeigersinn (CW) mit einem Winkel von +40\u00b0. Dieser Anlasser ist f\u00fcr Langlebigkeit ausgelegt, \u00f6lfest und doppelt isoliert f\u00fcr eine optimale Funktion unter schweren Bedingungen.<\/p>\n","protected":false},"featured_media":432653,"comment_status":"open","ping_status":"closed","template":"","meta":[],"location":[],"product_brand":[26252],"product_cat":[1496],"product_tag":[],"class_list":{"0":"post-203633","1":"product","2":"type-product","3":"status-publish","4":"has-post-thumbnail","6":"product_brand-wai-global","7":"product_cat-volvo-penta-de","8":"product_shipping_class-paket-0-10-kg","10":"first","11":"instock","12":"sale","13":"taxable","14":"shipping-taxable","15":"purchasable","16":"product-type-simple"},"group_of_quantity":0,"min_quantity":0,"max_quantity":"","exclude_order_quantity_value_rules":"no","exclude_category_quantity_rules":"no","combine_variations":"no","locations":[{"id":4160,"name":"PSH","slug":"psh","quantity":""},{"id":20835,"name":"PSH Poland","slug":"psh-poland","quantity":""}],"_links":{"self":[{"href":"https:\/\/ab-marineservice.com\/de\/wp-json\/wp\/v2\/product\/203633","targetHints":{"allow":["GET"]}}],"collection":[{"href":"https:\/\/ab-marineservice.com\/de\/wp-json\/wp\/v2\/product"}],"about":[{"href":"https:\/\/ab-marineservice.com\/de\/wp-json\/wp\/v2\/types\/product"}],"replies":[{"embeddable":true,"href":"https:\/\/ab-marineservice.com\/de\/wp-json\/wp\/v2\/comments?post=203633"}],"wp:featuredmedia":[{"embeddable":true,"href":"https:\/\/ab-marineservice.com\/de\/wp-json\/wp\/v2\/media\/432653"}],"wp:attachment":[{"href":"https:\/\/ab-marineservice.com\/de\/wp-json\/wp\/v2\/media?parent=203633"}],"wp:term":[{"taxonomy":"location","embeddable":true,"href":"https:\/\/ab-marineservice.com\/de\/wp-json\/wp\/v2\/location?post=203633"},{"taxonomy":"product_brand","embeddable":true,"href":"https:\/\/ab-marineservice.com\/de\/wp-json\/wp\/v2\/product_brand?post=203633"},{"taxonomy":"product_cat","embeddable":true,"href":"https:\/\/ab-marineservice.com\/de\/wp-json\/wp\/v2\/product_cat?post=203633"},{"taxonomy":"product_tag","embeddable":true,"href":"https:\/\/ab-marineservice.com\/de\/wp-json\/wp\/v2\/product_tag?post=203633"}],"curies":[{"name":"wp","href":"https:\/\/api.w.org\/{rel}","templated":true}]}}