{"id":203645,"date":"2023-08-02T00:10:53","date_gmt":"2023-08-01T22:10:53","guid":{"rendered":"https:\/\/ab-marineservice.com\/product\/anlasser-1161\/"},"modified":"2026-03-24T17:40:43","modified_gmt":"2026-03-24T16:40:43","slug":"startermotor-audi-1-7-kw-12v-9-zahne","status":"publish","type":"product","link":"https:\/\/ab-marineservice.com\/de\/produkt\/startermotor-audi-1-7-kw-12v-9-zahne\/","title":{"rendered":"Startermotor Audi 1.7 kW &#8211; 12V, 9 Z\u00e4hne"},"content":{"rendered":"<p><strong>Spezifikationen:<\/strong><br \/>\nSpannung: 12V<br \/>\nLeistung: 1,7 kW<br \/>\nFittingkante: 76,00 mm<br \/>\nZ\u00e4hnezahl: 9<br \/>\nBasisposition des Antriebszahnrads: 22,00 mm<br \/>\nB+: M8<br \/>\nAnzahl der Montagel\u00f6cher: 3<br \/>\nPosition: +105\u00b0<br \/>\nDrehung: CW<\/p>\n<p><strong>Querverweise:<\/strong><br \/>\n077911023D Volkswagen AG<br \/>\n079911023C Volkswagen AG<br \/>\n079911023D Volkswagen AG<br \/>\n079911023DX Volkswagen AG<br \/>\n0986019207 Bosch Exchange<br \/>\n0986UR1540 Bosch Exchange<br \/>\n116505 HC-Cargo<br \/>\n14130170 AES<br \/>\n17887N WAI<br \/>\n191143 Valeo<br \/>\n1986S01488 Bosch<br \/>\n300579093 PSH<br \/>\n438161 Valeo<br \/>\n458181 Valeo<br \/>\n91156962 Wilson<br \/>\nD7G6 Valeo<br \/>\nD7GP21 Valeo<br \/>\nDRS0398 Delco Remy<br \/>\nDRS3806 Delco Remy<br \/>\nF032116505 HC-Cargo<br \/>\nG7GP21 Valeo<br \/>\nHCS985 HC-Parts<br \/>\nLES0239 Lucas<br \/>\nLRS01728 Lucas<br \/>\nLRS1728 Lucas<br \/>\nLRS1795 Lucas<br \/>\nRNLD7G6 RNL<br \/>\nSR410X Bosch (USA)<br \/>\nSR9500X Bosch (USA)<br \/>\nSTR54095 Wood Auto<br \/>\nVAL438161 Wood Auto<br \/>\nVALD7G6 Wood Auto<\/p>\n<p><strong>Anwendung:<\/strong><br \/>\nGeeignet f\u00fcr die folgenden Audi-Modelle:<br \/>\nAUDI A4 Cabrio Quattro (01-2004 &#8211; 11-2005)<br \/>\nAUDI A6 Allroad Quattro (04-2006 &#8211; 11-2010)<br \/>\nAUDI A6 Quattro (03-2004 &#8211; 04-2006)<br \/>\nAUDI A6 Quattro (02-2005 &#8211; 04-2006)<br \/>\nAUDI A6 Quattro (05-2006 &#8211; 02-2011)<br \/>\nAUDI A6 Quattro (05-2006 &#8211; 07-2011)<br \/>\nAUDI A8 Quattro (05-2006 &#8211; 06-2010)<br \/>\nAUDI Allroad Quattro (03-2003 &#8211; 11-2005)<br \/>\nAUDI RS4 Cabrio Quattro (01-2006 &#8211; 11-2008)<br \/>\nAUDI RS4 Quattro (03-2005 &#8211; 11-2008)<br \/>\nAUDI RS4 Quattro (03-2006 &#8211; 07-2008)<br \/>\nAUDI S4 Cabrio Quattro (10-2005 &#8211; 02-2009)<br \/>\nAUDI S4 Quattro (02-2003 &#8211; 11-2004)<br \/>\nAUDI S4 Quattro (10-2004 &#8211; 05-2008)<\/p>\n","protected":false},"excerpt":{"rendered":"<p>Startermotor Audi 1.7 kW, 12V, mit 9 Z\u00e4hnen und CW-Drehung. Liefert 1,7 kW Leistung f\u00fcr zuverl\u00e4ssige Leistung, ideal f\u00fcr Motoren mit einer Basisposition von 22 mm.<\/p>\n","protected":false},"featured_media":425682,"comment_status":"open","ping_status":"closed","template":"","meta":[],"location":[4160,20835],"product_brand":[26252],"product_cat":[1222,1463,1464],"product_tag":[],"class_list":{"0":"post-203645","1":"product","2":"type-product","3":"status-publish","4":"has-post-thumbnail","6":"location-psh","7":"location-psh-poland","8":"product_brand-wai-global","9":"product_cat-motorteile","10":"product_cat-anlasser","11":"product_cat-innenbordstarter","12":"product_shipping_class-paket-0-10-kg","14":"first","15":"instock","16":"sale","17":"taxable","18":"shipping-taxable","19":"purchasable","20":"product-type-simple"},"group_of_quantity":0,"min_quantity":0,"max_quantity":"","exclude_order_quantity_value_rules":"no","exclude_category_quantity_rules":"no","combine_variations":"no","locations":[{"id":4160,"name":"PSH","slug":"psh","quantity":""},{"id":20835,"name":"PSH Poland","slug":"psh-poland","quantity":""}],"_links":{"self":[{"href":"https:\/\/ab-marineservice.com\/de\/wp-json\/wp\/v2\/product\/203645","targetHints":{"allow":["GET"]}}],"collection":[{"href":"https:\/\/ab-marineservice.com\/de\/wp-json\/wp\/v2\/product"}],"about":[{"href":"https:\/\/ab-marineservice.com\/de\/wp-json\/wp\/v2\/types\/product"}],"replies":[{"embeddable":true,"href":"https:\/\/ab-marineservice.com\/de\/wp-json\/wp\/v2\/comments?post=203645"}],"wp:featuredmedia":[{"embeddable":true,"href":"https:\/\/ab-marineservice.com\/de\/wp-json\/wp\/v2\/media\/425682"}],"wp:attachment":[{"href":"https:\/\/ab-marineservice.com\/de\/wp-json\/wp\/v2\/media?parent=203645"}],"wp:term":[{"taxonomy":"location","embeddable":true,"href":"https:\/\/ab-marineservice.com\/de\/wp-json\/wp\/v2\/location?post=203645"},{"taxonomy":"product_brand","embeddable":true,"href":"https:\/\/ab-marineservice.com\/de\/wp-json\/wp\/v2\/product_brand?post=203645"},{"taxonomy":"product_cat","embeddable":true,"href":"https:\/\/ab-marineservice.com\/de\/wp-json\/wp\/v2\/product_cat?post=203645"},{"taxonomy":"product_tag","embeddable":true,"href":"https:\/\/ab-marineservice.com\/de\/wp-json\/wp\/v2\/product_tag?post=203645"}],"curies":[{"name":"wp","href":"https:\/\/api.w.org\/{rel}","templated":true}]}}