{"id":203649,"date":"2023-08-02T00:10:53","date_gmt":"2023-08-01T22:10:53","guid":{"rendered":"https:\/\/ab-marineservice.com\/product\/anlasser-1162\/"},"modified":"2026-03-24T17:40:46","modified_gmt":"2026-03-24T16:40:46","slug":"startermotor-man-5-0-kw-24v-12-zahne","status":"publish","type":"product","link":"https:\/\/ab-marineservice.com\/de\/produkt\/startermotor-man-5-0-kw-24v-12-zahne\/","title":{"rendered":"Startermotor MAN 5.0 kW &#8211; 24V, 12 Z\u00e4hne"},"content":{"rendered":"<p><strong>Spezifikationen:<\/strong><br \/>\nSpannung: 24V<br \/>\nLeistung: 5,0 kW<br \/>\nFittingkante: 88,80 mm<br \/>\nZ\u00e4hnezahl: 12<br \/>\nBasisposition des Antriebszahnrads: 28,00 mm<br \/>\nB+: M10<br \/>\nAnzahl der Montagel\u00f6cher: 3<br \/>\nPosition: +55\u00b0<br \/>\nDrehung: CW<\/p>\n<p><strong>Querverweise:<\/strong><br \/>\n11139217 Mahle<br \/>\n116511 HC-Cargo<br \/>\n11696272 Liebherr<br \/>\n11696273 Liebherr<br \/>\n15130125 AES<br \/>\n19081034 Delco Remy<br \/>\n19081103 Delco Remy<br \/>\n30220N WAI<br \/>\n5126201723 MAN<br \/>\n51262017236 MAN<br \/>\n551514123 PSH<br \/>\n72524870 Mahle<br \/>\n861293 Prestolite<br \/>\nAZE4708 Mahle<br \/>\nDRS0548 Delco Remy<br \/>\nDRS0548N Delco Remy<br \/>\nDS1658 Delco Remy<br \/>\nF032116511 HC-Cargo<br \/>\nIS9515 Mahle<br \/>\nLES0460 Lucas<br \/>\nLRS02725 Lucas<br \/>\nLRS2725 Lucas<br \/>\nM008T62671 Mitsubishi<br \/>\nM008T62671AM Mitsubishi<br \/>\nM008T62671Z Mitsubishi<br \/>\nM85R3003SE Prestolite<br \/>\nM8T62671 Mitsubishi<br \/>\nM8T62671AM Mitsubishi<br \/>\nM8T62671Z Mitsubishi<br \/>\nMITM8T62671 Wood Auto<br \/>\nMS1033 Mahle<br \/>\nRNLM8T62671 RNL<br \/>\nSER81103 Delco Remy<br \/>\nSER8110312B1 Delco Remy<br \/>\nSTR71249 Wood Auto<br \/>\nWOOSTR71249 Wood Auto<\/p>\n","protected":false},"excerpt":{"rendered":"<p>Startermotor MAN 5.0 kW, 24V, mit 12 Z\u00e4hnen und CW-Drehung. Liefert 5,0 kW Leistung f\u00fcr starke Leistung, ideal f\u00fcr Motoren mit einer Basisposition von 28 mm.<\/p>\n","protected":false},"featured_media":425691,"comment_status":"open","ping_status":"closed","template":"","meta":[],"location":[4160,20835],"product_brand":[26252],"product_cat":[1222,1463,1464,25570],"product_tag":[],"class_list":{"0":"post-203649","1":"product","2":"type-product","3":"status-publish","4":"has-post-thumbnail","6":"location-psh","7":"location-psh-poland","8":"product_brand-wai-global","9":"product_cat-motorteile","10":"product_cat-anlasser","11":"product_cat-innenbordstarter","12":"product_cat-man-anlasser","13":"product_shipping_class-paket-0-10-kg","15":"first","16":"instock","17":"sale","18":"taxable","19":"shipping-taxable","20":"purchasable","21":"product-type-simple"},"group_of_quantity":0,"min_quantity":0,"max_quantity":"","exclude_order_quantity_value_rules":"no","exclude_category_quantity_rules":"no","combine_variations":"no","locations":[{"id":4160,"name":"PSH","slug":"psh","quantity":""},{"id":20835,"name":"PSH Poland","slug":"psh-poland","quantity":""}],"_links":{"self":[{"href":"https:\/\/ab-marineservice.com\/de\/wp-json\/wp\/v2\/product\/203649","targetHints":{"allow":["GET"]}}],"collection":[{"href":"https:\/\/ab-marineservice.com\/de\/wp-json\/wp\/v2\/product"}],"about":[{"href":"https:\/\/ab-marineservice.com\/de\/wp-json\/wp\/v2\/types\/product"}],"replies":[{"embeddable":true,"href":"https:\/\/ab-marineservice.com\/de\/wp-json\/wp\/v2\/comments?post=203649"}],"wp:featuredmedia":[{"embeddable":true,"href":"https:\/\/ab-marineservice.com\/de\/wp-json\/wp\/v2\/media\/425691"}],"wp:attachment":[{"href":"https:\/\/ab-marineservice.com\/de\/wp-json\/wp\/v2\/media?parent=203649"}],"wp:term":[{"taxonomy":"location","embeddable":true,"href":"https:\/\/ab-marineservice.com\/de\/wp-json\/wp\/v2\/location?post=203649"},{"taxonomy":"product_brand","embeddable":true,"href":"https:\/\/ab-marineservice.com\/de\/wp-json\/wp\/v2\/product_brand?post=203649"},{"taxonomy":"product_cat","embeddable":true,"href":"https:\/\/ab-marineservice.com\/de\/wp-json\/wp\/v2\/product_cat?post=203649"},{"taxonomy":"product_tag","embeddable":true,"href":"https:\/\/ab-marineservice.com\/de\/wp-json\/wp\/v2\/product_tag?post=203649"}],"curies":[{"name":"wp","href":"https:\/\/api.w.org\/{rel}","templated":true}]}}