{"id":203677,"date":"2023-08-02T00:20:49","date_gmt":"2023-08-01T22:20:49","guid":{"rendered":"https:\/\/ab-marineservice.com\/product\/anlasser-1174\/"},"modified":"2026-03-24T17:40:21","modified_gmt":"2026-03-24T16:40:21","slug":"anlasser-1174","status":"publish","type":"product","link":"https:\/\/ab-marineservice.com\/de\/produkt\/anlasser-1174\/","title":{"rendered":"Startermotor Nissan 1,4 kW &#8211; 12V, 13 Z\u00e4hne"},"content":{"rendered":"<p><strong>Spezifikationen:<\/strong><br \/>\nSpannung: 12V<br \/>\nLeistung: 1,4 kW<br \/>\nFittingkante: 82,00 mm<br \/>\nZ\u00e4hne: 13<br \/>\nBasisposition Antriebszahnrad: 55,50 mm<br \/>\nB+: M8<br \/>\nAnzahl der Montagebohrungen: 2<br \/>\nPosition: +168<br \/>\nDrehung: CCW<\/p>\n<p><strong>Cross-Referenz:<\/strong><br \/>\n986029010 Bosch Austausch<br \/>\n114628 HC-Cargo<br \/>\n116565 HC-Cargo<br \/>\n1318JSRF RNL<br \/>\n160550132 PSH<br \/>\n17833N WAI<br \/>\n17833R WAI<br \/>\n233008H500 Nissan<br \/>\n233008H50A Nissan<br \/>\n233008J010 Nissan<br \/>\n33225N WAI<br \/>\n5035782 Meat &#038; Doria<br \/>\nADS231 ATK<br \/>\nDRS0069 Delco Remy<br \/>\nF032116565 HC-Cargo<br \/>\nHJS1318 HC-Parts<br \/>\nJS1318 HC-Parts<br \/>\nLES0270 Lucas<br \/>\nLRS02225 Lucas<br \/>\nLRS2225 Lucas<br \/>\nM000T87081 Mitsubishi<br \/>\nM000T87085 Mitsubishi<br \/>\nM000T87085ZC Mitsubishi<br \/>\nM0T87081 Mitsubishi<br \/>\nM0T87085 Mitsubishi<br \/>\nM0T87085ZC Mitsubishi<br \/>\nSTR71161 Wood Auto<br \/>\nWOOSTR71161 Wood Auto<\/p>\n<p><strong>Gilt f\u00fcr:<\/strong><br \/>\nNISSAN Primera: 02-2002 &#8211; 09-2008<br \/>\nNISSAN Primera: 06-2002 &#8211; 09-2008<br \/>\nNISSAN Primera Estate\/Wagon: 02-2002 &#8211; 05-2008<br \/>\nNISSAN X-Trail: 06-2001 &#8211; 11-2008<br \/>\nNISSAN X-Trail: 08-2001 &#8211; 04-2007<br \/>\nNISSAN X-Trail: 08-2001 &#8211; 04-2007<br \/>\nNISSAN X-Trail: 08-2001 &#8211; 04-2007<br \/>\nNISSAN X-Trail: 08-2002 &#8211; 11-2008<br \/>\nNISSAN X-Trail: 08-2001 &#8211; 04-2007<br \/>\nNISSAN X-Trail: 08-2001 &#8211; 01-2007<\/p>\n","protected":false},"excerpt":{"rendered":"<p>Nissan Startermotor 1,4 kW, 12V mit 13 Z\u00e4hnen und CCW-Drehung. Bietet 1,4 kW Leistung f\u00fcr zuverl\u00e4ssige Leistung, ideal f\u00fcr Motoren mit einer Basisposition von 55,5 mm.<\/p>\n","protected":false},"featured_media":423769,"comment_status":"open","ping_status":"closed","template":"","meta":[],"location":[4160,20835],"product_brand":[26252],"product_cat":[1222,1463,1464,1474],"product_tag":[],"class_list":{"0":"post-203677","1":"product","2":"type-product","3":"status-publish","4":"has-post-thumbnail","6":"location-psh","7":"location-psh-poland","8":"product_brand-wai-global","9":"product_cat-motorteile","10":"product_cat-anlasser","11":"product_cat-innenbordstarter","12":"product_cat-verschiedene-de","13":"product_shipping_class-paket-0-10-kg","15":"first","16":"instock","17":"sale","18":"taxable","19":"shipping-taxable","20":"purchasable","21":"product-type-simple"},"group_of_quantity":0,"min_quantity":0,"max_quantity":"","exclude_order_quantity_value_rules":"no","exclude_category_quantity_rules":"no","combine_variations":"no","locations":[{"id":4160,"name":"PSH","slug":"psh","quantity":""},{"id":20835,"name":"PSH Poland","slug":"psh-poland","quantity":""}],"_links":{"self":[{"href":"https:\/\/ab-marineservice.com\/de\/wp-json\/wp\/v2\/product\/203677","targetHints":{"allow":["GET"]}}],"collection":[{"href":"https:\/\/ab-marineservice.com\/de\/wp-json\/wp\/v2\/product"}],"about":[{"href":"https:\/\/ab-marineservice.com\/de\/wp-json\/wp\/v2\/types\/product"}],"replies":[{"embeddable":true,"href":"https:\/\/ab-marineservice.com\/de\/wp-json\/wp\/v2\/comments?post=203677"}],"wp:featuredmedia":[{"embeddable":true,"href":"https:\/\/ab-marineservice.com\/de\/wp-json\/wp\/v2\/media\/423769"}],"wp:attachment":[{"href":"https:\/\/ab-marineservice.com\/de\/wp-json\/wp\/v2\/media?parent=203677"}],"wp:term":[{"taxonomy":"location","embeddable":true,"href":"https:\/\/ab-marineservice.com\/de\/wp-json\/wp\/v2\/location?post=203677"},{"taxonomy":"product_brand","embeddable":true,"href":"https:\/\/ab-marineservice.com\/de\/wp-json\/wp\/v2\/product_brand?post=203677"},{"taxonomy":"product_cat","embeddable":true,"href":"https:\/\/ab-marineservice.com\/de\/wp-json\/wp\/v2\/product_cat?post=203677"},{"taxonomy":"product_tag","embeddable":true,"href":"https:\/\/ab-marineservice.com\/de\/wp-json\/wp\/v2\/product_tag?post=203677"}],"curies":[{"name":"wp","href":"https:\/\/api.w.org\/{rel}","templated":true}]}}