{"id":203678,"date":"2023-08-02T00:20:49","date_gmt":"2023-08-01T22:20:49","guid":{"rendered":"https:\/\/ab-marineservice.com\/product\/anlasser-1175\/"},"modified":"2026-03-24T17:40:24","modified_gmt":"2026-03-24T16:40:24","slug":"anlasser-1175","status":"publish","type":"product","link":"https:\/\/ab-marineservice.com\/de\/produkt\/anlasser-1175\/","title":{"rendered":"Startermotor Porsche 1,7 kW &#8211; 12V, 10 Z\u00e4hne"},"content":{"rendered":"<p><strong>Spezifikationen:<\/strong><br \/>\nSpannung: 12V<br \/>\nLeistung: 1,7 kW<br \/>\nFittingkante: 76,20 mm<br \/>\nZ\u00e4hne: 10<br \/>\nBasisposition Antriebszahnrad: 77,00 mm<br \/>\nB+: M8<br \/>\nAnzahl der Montagebohrungen: 2<br \/>\nPosition: +75\u00b0<br \/>\nDrehung: CCW<\/p>\n<p><strong>Cross-Referenz:<\/strong><br \/>\n1115011 Bosch<br \/>\n1115013 Bosch<br \/>\n1115118 Bosch<br \/>\n986022870 Bosch Austausch<br \/>\n986022873 Bosch Austausch<br \/>\n116571 HC-Cargo<br \/>\n12130344 AES<br \/>\n1986S00778 Bosch<br \/>\n480504102 PSH<br \/>\n964604104X Porsche<br \/>\n99660410100 Porsche<br \/>\n99660410700 Porsche<br \/>\n99660410701 Porsche<br \/>\n99660410702 Porsche<br \/>\n996604107BX Porsche<br \/>\n99660410800 Porsche<br \/>\nBOS0001115011 Wood Auto<br \/>\nCS1558 HC-Parts<br \/>\nDRT2870 Delco Remy<br \/>\nF032116571 HC-Cargo<br \/>\nLRS02629 Lucas<br \/>\nLRS2629 Lucas<br \/>\nRNL115011 RNL<br \/>\nRNL115011T RNL<br \/>\nSEG0001115118 Wood Auto<br \/>\nSR0451N Bosch (USA)<\/p>\n<p><strong>Gilt f\u00fcr:<\/strong><br \/>\nPORSCHE 911: 02-1995 &#8211; 08-1997<br \/>\nPORSCHE 911: 07-1995 &#8211; 08-1997<br \/>\nPORSCHE 911: 02-1995 &#8211; 08-1997<br \/>\nPORSCHE 911: 02-1995 &#8211; 08-1997<br \/>\nPORSCHE 911: 02-1995 &#8211; 08-1997<br \/>\nPORSCHE 911 Turbo: 07-2004 &#8211; 07-2005<\/p>\n","protected":false},"excerpt":{"rendered":"<p>Porsche Startermotor 1,7 kW, 12V, mit 10 Z\u00e4hnen und CCW-Drehung. Bietet 1,7 kW Leistung f\u00fcr zuverl\u00e4ssige Motorleistungen, ideal f\u00fcr Motoren mit einer Basisposition von 77 mm.<\/p>\n","protected":false},"featured_media":423785,"comment_status":"open","ping_status":"closed","template":"","meta":[],"location":[4160,20835],"product_brand":[26252],"product_cat":[1222,1463,1464,1474],"product_tag":[],"class_list":{"0":"post-203678","1":"product","2":"type-product","3":"status-publish","4":"has-post-thumbnail","6":"location-psh","7":"location-psh-poland","8":"product_brand-wai-global","9":"product_cat-motorteile","10":"product_cat-anlasser","11":"product_cat-innenbordstarter","12":"product_cat-verschiedene-de","13":"product_shipping_class-paket-0-10-kg","15":"first","16":"instock","17":"sale","18":"taxable","19":"shipping-taxable","20":"purchasable","21":"product-type-simple"},"group_of_quantity":0,"min_quantity":0,"max_quantity":"","exclude_order_quantity_value_rules":"no","exclude_category_quantity_rules":"no","combine_variations":"no","locations":[{"id":4160,"name":"PSH","slug":"psh","quantity":""},{"id":20835,"name":"PSH Poland","slug":"psh-poland","quantity":""}],"_links":{"self":[{"href":"https:\/\/ab-marineservice.com\/de\/wp-json\/wp\/v2\/product\/203678","targetHints":{"allow":["GET"]}}],"collection":[{"href":"https:\/\/ab-marineservice.com\/de\/wp-json\/wp\/v2\/product"}],"about":[{"href":"https:\/\/ab-marineservice.com\/de\/wp-json\/wp\/v2\/types\/product"}],"replies":[{"embeddable":true,"href":"https:\/\/ab-marineservice.com\/de\/wp-json\/wp\/v2\/comments?post=203678"}],"wp:featuredmedia":[{"embeddable":true,"href":"https:\/\/ab-marineservice.com\/de\/wp-json\/wp\/v2\/media\/423785"}],"wp:attachment":[{"href":"https:\/\/ab-marineservice.com\/de\/wp-json\/wp\/v2\/media?parent=203678"}],"wp:term":[{"taxonomy":"location","embeddable":true,"href":"https:\/\/ab-marineservice.com\/de\/wp-json\/wp\/v2\/location?post=203678"},{"taxonomy":"product_brand","embeddable":true,"href":"https:\/\/ab-marineservice.com\/de\/wp-json\/wp\/v2\/product_brand?post=203678"},{"taxonomy":"product_cat","embeddable":true,"href":"https:\/\/ab-marineservice.com\/de\/wp-json\/wp\/v2\/product_cat?post=203678"},{"taxonomy":"product_tag","embeddable":true,"href":"https:\/\/ab-marineservice.com\/de\/wp-json\/wp\/v2\/product_tag?post=203678"}],"curies":[{"name":"wp","href":"https:\/\/api.w.org\/{rel}","templated":true}]}}