{"id":203685,"date":"2023-08-02T00:22:03","date_gmt":"2023-08-01T22:22:03","guid":{"rendered":"https:\/\/ab-marineservice.com\/product\/anlasser-1177\/"},"modified":"2026-03-24T17:40:18","modified_gmt":"2026-03-24T16:40:18","slug":"anlasser-1177","status":"publish","type":"product","link":"https:\/\/ab-marineservice.com\/de\/produkt\/anlasser-1177\/","title":{"rendered":"Startermotor Opel 2,2 kW &#8211; 12V, 11 Z\u00e4hne"},"content":{"rendered":"<p><strong>Technische Daten:<\/strong><br \/>\nSpannung: 12V<br \/>\nLeistung: 2,2 kW<br \/>\nFittingkante: 82,00 mm<br \/>\nZ\u00e4hne: 11<br \/>\nBasisposition des Antriebzahnrads: 4,50 mm<br \/>\nB+: M8<br \/>\nAnzahl der Montageschraubenl\u00f6cher: 3<br \/>\nPosition: +45\u00b0<br \/>\nDrehung: CW<\/p>\n<p><strong>Querverweise:<\/strong><br \/>\n1148003 SEG<br \/>\n1148004 SEG<br \/>\n63521480030 Magneti Marelli<br \/>\n986025550 Bosch Exchange<br \/>\n115768 HC-Cargo<br \/>\n116584 HC-Cargo<br \/>\n1202216 Opel<br \/>\n1202398 Opel<br \/>\n12130383 AES<br \/>\n130563113 PSH<br \/>\n19241N WAI<br \/>\n458869 Valeo<br \/>\n55572065 Opel<br \/>\n95518996 Opel<br \/>\nASM1540 Apec<br \/>\nBOS0001148003 Wood Auto<br \/>\nDRS0549 Delco Remy<br \/>\nF032116584 HC-Cargo<br \/>\nLRS02591 Lucas<br \/>\nLRS2591 Lucas<br \/>\nMSN2162 Magneti Marelli<br \/>\nRNL2555 RNL<br \/>\nST403 FAI<br \/>\nSTM1306 Rolling Components<br \/>\nSTR50652 Wood Auto<br \/>\nWOOSTR50652 Wood Auto<br \/>\nWURT5B700563 W\u00fcrtemberg<\/p>\n<p><strong>Anwendbar f\u00fcr:<\/strong><br \/>\nCHEVROLET Malibu 12-2011 &#8211; 11-2015<br \/>\nOPEL Astra: 09-2010 &#8211; 09-2015<br \/>\nOPEL Astra: 06-2011 &#8211; 09-2015<br \/>\nOPEL Astra: 11-2009 &#8211; 09-2015<br \/>\nOPEL Astra: 11-2012 &#8211; 09-2015<br \/>\nOPEL Astra GTC: 12-2011 &#8211; 05-2015<br \/>\nOPEL Astra GTC: 09-2013 &#8211; 05-2015<br \/>\nOPEL Astra: 09-2012 &#8211; 09-2015<br \/>\nOPEL Cascada: 03-2013 &#8211; 05-2015<br \/>\nOPEL Insignia: 12-2011 &#8211; 02-2017<br \/>\nOPEL Insignia: 05-2013 &#8211; 02-2017<br \/>\nOPEL Insignia: 06-2013 &#8211; 02-2017<br \/>\nOPEL Insignia: 06-2008 &#8211; 02-2017<br \/>\nOPEL Insignia: 06-2008 &#8211; 11-2011<br \/>\nOPEL Insignia: 04-2009 &#8211; 11-2011<br \/>\nOPEL Insignia: 05-2010 &#8211; 02-2017<br \/>\nOPEL Insignia: 02-2012 &#8211; 02-2017<br \/>\nOPEL Insignia Country Tourer: 08-2013 &#8211; 02-2017<br \/>\nOPEL Insignia Country Tourer: 06-2014 &#8211; 02-2017<br \/>\nOPEL Insignia Country Tourer: 06-2008 &#8211; 02-2017<br \/>\nOPEL Insignia Country Tourer: 02-2012 &#8211; 02-2017<br \/>\nOPEL Insignia Sports Tourer: 12-2011 &#8211; 05-2015<br \/>\nOPEL Insignia Sports Tourer: 12-2011 &#8211; 02-2017<br \/>\nOPEL Insignia Sports Tourer: 06-2013 &#8211; 02-2017<br \/>\nOPEL Insignia Sports Tourer: 05-2013 &#8211; 02-2017<br \/>\nOPEL Insignia Sports Tourer: 06-2008 &#8211; 02-2017<br \/>\nOPEL Insignia Sports Tourer: 06-2008 &#8211; 11-2011<br \/>\nOPEL Insignia Sports Tourer: 05-2010 &#8211; 02-2017<br \/>\nOPEL Insignia Sports Tourer: 02-2012 &#8211; 02-2017<br \/>\nOPEL Zafira Tourer: 09-2011 &#8211; Heute<br \/>\nOPEL Zafira Tourer: 08-2011 &#8211; Heute<br \/>\nOPEL Zafira Tourer: 10-2012 &#8211; Heute<br \/>\nOPEL Zafira Tourer: 12-2012 &#8211; Heute<br \/>\nOPEL Zafira Tourer: 12-2011 &#8211; Heute<br \/>\nVAUXHALL Astra: 09-2010 &#8211; 05-2011<br \/>\nVAUXHALL Astra: 07-2011 &#8211; 09-2015<br \/>\nVAUXHALL Astra: 06-2011 &#8211; 09-2015<br \/>\nVAUXHALL Astra: 11-2009 &#8211; 05-2011<br \/>\nVAUXHALL Astra: 11-2012 &#8211; 09-2015<br \/>\nVAUXHALL Astra GTC: 09-2011 &#8211; 09-2018<br \/>\nVAUXHALL Astra GTC: 07-2012 &#8211; 09-2018<br \/>\nVAUXHALL Cascada: 03-2013 &#8211; Heute<br \/>\nVAUXHALL Cascada: 01-2013 &#8211; Heute<br \/>\nVAUXHALL Insignia: 06-2013 &#8211; 04-2017<br \/>\nVAUXHALL Insignia: 10-2008 &#8211; 01-2012<br \/>\nVAUXHALL Insignia: 04-2009 &#8211; 01-2012<br \/>\nVAUXHALL Insignia: 02-2012 &#8211; 04-2017<br \/>\nVAUXHALL Insignia: 06-2008 &#8211; 04-2017<br \/>\nVAUXHALL Insignia Country Tourer: 06-2013 &#8211; 04-2017<br \/>\nVAUXHALL Insignia Sports Tourer: 06-2013 &#8211; 04-2017<br \/>\nVAUXHALL Insignia Sports Tourer: 10-2008 &#8211; 01-2012<br \/>\nVAUXHALL Insignia Sports Tourer: 04-2009 &#8211; 01-2012<br \/>\nVAUXHALL Insignia Sports Tourer: 06-2008 &#8211; 05-2010<br \/>\nVAUXHALL Insignia Sports Tourer: 02-2012 &#8211; 04-2017<br \/>\nVAUXHALL Insignia Sports Tourer: 06-2008 &#8211; 04-2017<br \/>\nVAUXHALL Zafira Tourer: 09-2011 &#8211; 07-2018<br \/>\nVAUXHALL Zafira Tourer: 10-2012 &#8211; 07-2018<\/p>\n","protected":false},"excerpt":{"rendered":"<p>Opel 2,2 kW Startermotor, 12V, mit 11 Z\u00e4hnen und CW-Drehung. Liefert 2,2 kW Leistung f\u00fcr zuverl\u00e4ssige Performance, ideal f\u00fcr Motoren mit einer Basisposition von 4,5 mm.<\/p>\n","protected":false},"featured_media":423741,"comment_status":"open","ping_status":"closed","template":"","meta":[],"location":[4160,20835],"product_brand":[26252],"product_cat":[1222,1463,1464],"product_tag":[],"class_list":{"0":"post-203685","1":"product","2":"type-product","3":"status-publish","4":"has-post-thumbnail","6":"location-psh","7":"location-psh-poland","8":"product_brand-wai-global","9":"product_cat-motorteile","10":"product_cat-anlasser","11":"product_cat-innenbordstarter","12":"product_shipping_class-paket-0-10-kg","14":"first","15":"instock","16":"sale","17":"taxable","18":"shipping-taxable","19":"purchasable","20":"product-type-simple"},"group_of_quantity":0,"min_quantity":0,"max_quantity":"","exclude_order_quantity_value_rules":"no","exclude_category_quantity_rules":"no","combine_variations":"no","locations":[{"id":4160,"name":"PSH","slug":"psh","quantity":""},{"id":20835,"name":"PSH Poland","slug":"psh-poland","quantity":""}],"_links":{"self":[{"href":"https:\/\/ab-marineservice.com\/de\/wp-json\/wp\/v2\/product\/203685","targetHints":{"allow":["GET"]}}],"collection":[{"href":"https:\/\/ab-marineservice.com\/de\/wp-json\/wp\/v2\/product"}],"about":[{"href":"https:\/\/ab-marineservice.com\/de\/wp-json\/wp\/v2\/types\/product"}],"replies":[{"embeddable":true,"href":"https:\/\/ab-marineservice.com\/de\/wp-json\/wp\/v2\/comments?post=203685"}],"wp:featuredmedia":[{"embeddable":true,"href":"https:\/\/ab-marineservice.com\/de\/wp-json\/wp\/v2\/media\/423741"}],"wp:attachment":[{"href":"https:\/\/ab-marineservice.com\/de\/wp-json\/wp\/v2\/media?parent=203685"}],"wp:term":[{"taxonomy":"location","embeddable":true,"href":"https:\/\/ab-marineservice.com\/de\/wp-json\/wp\/v2\/location?post=203685"},{"taxonomy":"product_brand","embeddable":true,"href":"https:\/\/ab-marineservice.com\/de\/wp-json\/wp\/v2\/product_brand?post=203685"},{"taxonomy":"product_cat","embeddable":true,"href":"https:\/\/ab-marineservice.com\/de\/wp-json\/wp\/v2\/product_cat?post=203685"},{"taxonomy":"product_tag","embeddable":true,"href":"https:\/\/ab-marineservice.com\/de\/wp-json\/wp\/v2\/product_tag?post=203685"}],"curies":[{"name":"wp","href":"https:\/\/api.w.org\/{rel}","templated":true}]}}