{"id":203691,"date":"2023-08-02T00:22:03","date_gmt":"2023-08-01T22:22:03","guid":{"rendered":"https:\/\/ab-marineservice.com\/product\/anlasser-1178\/"},"modified":"2026-03-24T17:40:11","modified_gmt":"2026-03-24T16:40:11","slug":"anlasser-1178","status":"publish","type":"product","link":"https:\/\/ab-marineservice.com\/de\/produkt\/anlasser-1178\/","title":{"rendered":"Startermotor Zetor 3,2 kW &#8211; 12V, 9 Z\u00e4hne"},"content":{"rendered":"<p><strong>Technische Daten:<\/strong><br \/>\nSpannung: 12V<br \/>\nLeistung: 3,2 kW<br \/>\nFittingkante: 88,80 mm<br \/>\nZ\u00e4hne: 9<br \/>\nBasisposition des Antriebzahnrads: 48,00 mm<br \/>\nB+: M10<br \/>\nAnzahl der Montageschraubenl\u00f6cher: 2<br \/>\nDrehung: CW<\/p>\n<p><strong>Querverweise:<\/strong><br \/>\n11131957 Mahle<br \/>\n116596 HC-Cargo<br \/>\n16359124 Zetor<br \/>\n31777N WAI<br \/>\n4,50115E+11 Magneton<br \/>\n580502092 PSH<br \/>\n72735662 Mahle<br \/>\n91399501 Wilson<br \/>\nAZE4205 Mahle<br \/>\nF032116596 HC-Cargo<br \/>\nIS1297 Mahle<br \/>\nLETIS1297 Wood Auto<br \/>\nMAHMS34 Wood Auto<br \/>\nMN16359124 Zetor<br \/>\nMS34 Mahle<br \/>\nRNLMS34 RNL<br \/>\nRNLMS34A RNL<br \/>\nSTR60723 Wood Auto<br \/>\nWOOSTR60723 Wood Auto<\/p>\n","protected":false},"excerpt":{"rendered":"<p>Zetor 3,2 kW Startermotor, 12V, mit 9 Z\u00e4hnen und CW-Drehung. Liefert 3,2 kW Leistung f\u00fcr zuverl\u00e4ssige Startkapazit\u00e4t, ideal f\u00fcr Motoren mit einer Basisposition von 48 mm.<\/p>\n","protected":false},"featured_media":423751,"comment_status":"open","ping_status":"closed","template":"","meta":[],"location":[4160,20835],"product_brand":[26252],"product_cat":[1222,1463,1464,1474],"product_tag":[],"class_list":{"0":"post-203691","1":"product","2":"type-product","3":"status-publish","4":"has-post-thumbnail","6":"location-psh","7":"location-psh-poland","8":"product_brand-wai-global","9":"product_cat-motorteile","10":"product_cat-anlasser","11":"product_cat-innenbordstarter","12":"product_cat-verschiedene-de","13":"product_shipping_class-paket-0-10-kg","15":"first","16":"instock","17":"sale","18":"taxable","19":"shipping-taxable","20":"purchasable","21":"product-type-simple"},"group_of_quantity":0,"min_quantity":0,"max_quantity":"","exclude_order_quantity_value_rules":"no","exclude_category_quantity_rules":"no","combine_variations":"no","locations":[{"id":4160,"name":"PSH","slug":"psh","quantity":""},{"id":20835,"name":"PSH Poland","slug":"psh-poland","quantity":""}],"_links":{"self":[{"href":"https:\/\/ab-marineservice.com\/de\/wp-json\/wp\/v2\/product\/203691","targetHints":{"allow":["GET"]}}],"collection":[{"href":"https:\/\/ab-marineservice.com\/de\/wp-json\/wp\/v2\/product"}],"about":[{"href":"https:\/\/ab-marineservice.com\/de\/wp-json\/wp\/v2\/types\/product"}],"replies":[{"embeddable":true,"href":"https:\/\/ab-marineservice.com\/de\/wp-json\/wp\/v2\/comments?post=203691"}],"wp:featuredmedia":[{"embeddable":true,"href":"https:\/\/ab-marineservice.com\/de\/wp-json\/wp\/v2\/media\/423751"}],"wp:attachment":[{"href":"https:\/\/ab-marineservice.com\/de\/wp-json\/wp\/v2\/media?parent=203691"}],"wp:term":[{"taxonomy":"location","embeddable":true,"href":"https:\/\/ab-marineservice.com\/de\/wp-json\/wp\/v2\/location?post=203691"},{"taxonomy":"product_brand","embeddable":true,"href":"https:\/\/ab-marineservice.com\/de\/wp-json\/wp\/v2\/product_brand?post=203691"},{"taxonomy":"product_cat","embeddable":true,"href":"https:\/\/ab-marineservice.com\/de\/wp-json\/wp\/v2\/product_cat?post=203691"},{"taxonomy":"product_tag","embeddable":true,"href":"https:\/\/ab-marineservice.com\/de\/wp-json\/wp\/v2\/product_tag?post=203691"}],"curies":[{"name":"wp","href":"https:\/\/api.w.org\/{rel}","templated":true}]}}