{"id":203693,"date":"2023-08-02T00:22:03","date_gmt":"2023-08-01T22:22:03","guid":{"rendered":"https:\/\/ab-marineservice.com\/product\/anlasser-1179\/"},"modified":"2026-03-24T17:40:14","modified_gmt":"2026-03-24T16:40:14","slug":"anlasser-1179","status":"publish","type":"product","link":"https:\/\/ab-marineservice.com\/de\/produkt\/anlasser-1179\/","title":{"rendered":"Startermotor Mitsubishi 2,0 kW &#8211; 12V, 9 Z\u00e4hne"},"content":{"rendered":"<p><strong>Spezifikationen:<\/strong><br \/>\nSpannung: 12V<br \/>\nLeistung: 2,0 kW<br \/>\nFittingkante: 83,10 mm<br \/>\nZ\u00e4hne: 9<br \/>\nBasisposition Antriebszahnrad: 27,00 mm<br \/>\nB+: M8<br \/>\nAnzahl der Montagebohrungen: 3<br \/>\nPosition: +80\u00b0<br \/>\nDrehung: CW<\/p>\n<p><strong>Cross-Referenz:<\/strong><br \/>\n10896N WAI<br \/>\n116598 HC-Cargo<br \/>\n150595093 PSH<br \/>\n5035745 Meat &#038; Doria<br \/>\nACS109 ATK<br \/>\nACS118 ATK<br \/>\nF032116598 HC-Cargo<br \/>\nLRS04293 Lucas<br \/>\nLRS4293 Lucas<br \/>\nM001T31071 Mitsubishi<br \/>\nM001T31071AM Mitsubishi<br \/>\nM001T31072 Mitsubishi<br \/>\nM001T31072A Mitsubishi<br \/>\nM001T31072AM Mitsubishi<br \/>\nM001T31073 Mitsubishi<br \/>\nM001T31073A Mitsubishi<br \/>\nM001T31073AM Mitsubishi<br \/>\nM1T31071 Mitsubishi<br \/>\nM1T31071AM Mitsubishi<br \/>\nM1T31072 Mitsubishi<br \/>\nM1T31072A Mitsubishi<br \/>\nM1T31072AM Mitsubishi<br \/>\nM1T31073 Mitsubishi<br \/>\nM1T31073A Mitsubishi<br \/>\nM1T31073AM Mitsubishi<br \/>\nME427513 Mitsubishi<br \/>\nMITM1T31071 Wood Auto<br \/>\nMITM1T31072 Wood Auto<br \/>\nMITM1T31073 Wood Auto<br \/>\nMK663008 Mitsubishi<br \/>\nMK666135 Mitsubishi<br \/>\nMK668008 Mitsubishi<br \/>\nRNLM1T31072 RNL<br \/>\nSTM1452 Rolling Components<br \/>\nSTR71347 Wood Auto<br \/>\nWOOSTR71347 Wood Auto<br \/>\nWURT5B700008 W\u00fcrtemberg<\/p>\n","protected":false},"excerpt":{"rendered":"<p>Mitsubishi Startermotor 2,0 kW, 12V mit 9 Z\u00e4hnen und CW-Drehung. Bietet 2,0 kW Leistung f\u00fcr zuverl\u00e4ssige Motorleistungen, ideal f\u00fcr Motoren mit einer Basisposition von 27 mm.<\/p>\n","protected":false},"featured_media":423761,"comment_status":"open","ping_status":"closed","template":"","meta":[],"location":[4160,20835],"product_brand":[26252],"product_cat":[1222,1463,1464,1486],"product_tag":[],"class_list":{"0":"post-203693","1":"product","2":"type-product","3":"status-publish","4":"has-post-thumbnail","6":"location-psh","7":"location-psh-poland","8":"product_brand-wai-global","9":"product_cat-motorteile","10":"product_cat-anlasser","11":"product_cat-innenbordstarter","12":"product_cat-mitsubishi-de-3","13":"product_shipping_class-paket-0-10-kg","15":"first","16":"instock","17":"sale","18":"taxable","19":"shipping-taxable","20":"purchasable","21":"product-type-simple"},"group_of_quantity":0,"min_quantity":0,"max_quantity":"","exclude_order_quantity_value_rules":"no","exclude_category_quantity_rules":"no","combine_variations":"no","locations":[{"id":4160,"name":"PSH","slug":"psh","quantity":""},{"id":20835,"name":"PSH Poland","slug":"psh-poland","quantity":""}],"_links":{"self":[{"href":"https:\/\/ab-marineservice.com\/de\/wp-json\/wp\/v2\/product\/203693","targetHints":{"allow":["GET"]}}],"collection":[{"href":"https:\/\/ab-marineservice.com\/de\/wp-json\/wp\/v2\/product"}],"about":[{"href":"https:\/\/ab-marineservice.com\/de\/wp-json\/wp\/v2\/types\/product"}],"replies":[{"embeddable":true,"href":"https:\/\/ab-marineservice.com\/de\/wp-json\/wp\/v2\/comments?post=203693"}],"wp:featuredmedia":[{"embeddable":true,"href":"https:\/\/ab-marineservice.com\/de\/wp-json\/wp\/v2\/media\/423761"}],"wp:attachment":[{"href":"https:\/\/ab-marineservice.com\/de\/wp-json\/wp\/v2\/media?parent=203693"}],"wp:term":[{"taxonomy":"location","embeddable":true,"href":"https:\/\/ab-marineservice.com\/de\/wp-json\/wp\/v2\/location?post=203693"},{"taxonomy":"product_brand","embeddable":true,"href":"https:\/\/ab-marineservice.com\/de\/wp-json\/wp\/v2\/product_brand?post=203693"},{"taxonomy":"product_cat","embeddable":true,"href":"https:\/\/ab-marineservice.com\/de\/wp-json\/wp\/v2\/product_cat?post=203693"},{"taxonomy":"product_tag","embeddable":true,"href":"https:\/\/ab-marineservice.com\/de\/wp-json\/wp\/v2\/product_tag?post=203693"}],"curies":[{"name":"wp","href":"https:\/\/api.w.org\/{rel}","templated":true}]}}