{"id":203698,"date":"2023-08-02T00:25:05","date_gmt":"2023-08-01T22:25:05","guid":{"rendered":"https:\/\/ab-marineservice.com\/product\/anlasser-1180\/"},"modified":"2026-03-24T17:40:01","modified_gmt":"2026-03-24T16:40:01","slug":"anlasser-1180","status":"publish","type":"product","link":"https:\/\/ab-marineservice.com\/de\/produkt\/anlasser-1180\/","title":{"rendered":"Startermotor Opel 1,7 kW &#8211; 12V, 17 Z\u00e4hne"},"content":{"rendered":"<p><strong>Spezifikationen:<\/strong><br \/>\nSpannung: 12V<br \/>\nLeistung: 1,7 kW<br \/>\nFittingkante: 60,00 mm<br \/>\nZ\u00e4hne: 17<br \/>\nB+: M8<br \/>\nAnzahl der Montagebohrungen: 2<br \/>\nDrehung: CW<\/p>\n<p><strong>Cross-Referenz:<\/strong><br \/>\n116618 HC-Cargo<br \/>\n1202305 Opel<br \/>\n1202370 Opel<br \/>\n130580172 PSH<br \/>\n31504N WAI<br \/>\n31504NOS WAI<br \/>\n55588501 Opel<br \/>\n55598591 Opel<br \/>\n95520340 Opel<br \/>\nF032116618 HC-Cargo<br \/>\nLRS04084 Lucas<br \/>\nLRS4084 Lucas<br \/>\nM001TF5072 Mitsubishi<br \/>\nM001TF5072ZE Mitsubishi<br \/>\nM1TF5072 Mitsubishi<br \/>\nM1TF5072ZE Mitsubishi<br \/>\nRNLM1TF5072 RNL<br \/>\nSTR71321 Wood Auto<br \/>\nWOOSTR71321 Wood Auto<\/p>\n<p><strong>Gilt f\u00fcr:<\/strong><br \/>\nOPEL Astra: 10-2015 &#8211; 11-2022<br \/>\nOPEL Astra: 10-2015 &#8211; 11-2022<br \/>\nOPEL Astra GTC: 06-2013 &#8211; 03-2018<br \/>\nOPEL Cascada: 10-2013 &#8211; 03-2018<br \/>\nOPEL Zafira Tourer: 06-2013 &#8211; Heute<br \/>\nVAUXHALL Astra: 10-2015 &#8211; Heute<br \/>\nVAUXHALL Astra: 10-2015 &#8211; Heute<br \/>\nVAUXHALL Astra: 11-2012 &#8211; 09-2015<br \/>\nVAUXHALL Astra: 11-2012 &#8211; 09-2015<br \/>\nVAUXHALL Astra GTC: 08-2013 &#8211; 09-2018<br \/>\nVAUXHALL Astra GTC: 08-2013 &#8211; 09-2018<\/p>\n","protected":false},"excerpt":{"rendered":"<p>Opel Startermotor 1,7 kW, 12V, mit 17 Z\u00e4hnen und CW-Drehung. Bietet 1,7 kW Leistung f\u00fcr zuverl\u00e4ssige Motorleistungen und ist f\u00fcr verschiedene Motoren geeignet.<\/p>\n","protected":false},"featured_media":423719,"comment_status":"open","ping_status":"closed","template":"","meta":[],"location":[4160,20835],"product_brand":[26252],"product_cat":[1222,1463,1464],"product_tag":[],"class_list":{"0":"post-203698","1":"product","2":"type-product","3":"status-publish","4":"has-post-thumbnail","6":"location-psh","7":"location-psh-poland","8":"product_brand-wai-global","9":"product_cat-motorteile","10":"product_cat-anlasser","11":"product_cat-innenbordstarter","12":"product_shipping_class-paket-0-10-kg","14":"first","15":"instock","16":"sale","17":"taxable","18":"shipping-taxable","19":"purchasable","20":"product-type-simple"},"group_of_quantity":0,"min_quantity":0,"max_quantity":"","exclude_order_quantity_value_rules":"no","exclude_category_quantity_rules":"no","combine_variations":"no","locations":[{"id":4160,"name":"PSH","slug":"psh","quantity":""},{"id":20835,"name":"PSH Poland","slug":"psh-poland","quantity":""}],"_links":{"self":[{"href":"https:\/\/ab-marineservice.com\/de\/wp-json\/wp\/v2\/product\/203698","targetHints":{"allow":["GET"]}}],"collection":[{"href":"https:\/\/ab-marineservice.com\/de\/wp-json\/wp\/v2\/product"}],"about":[{"href":"https:\/\/ab-marineservice.com\/de\/wp-json\/wp\/v2\/types\/product"}],"replies":[{"embeddable":true,"href":"https:\/\/ab-marineservice.com\/de\/wp-json\/wp\/v2\/comments?post=203698"}],"wp:featuredmedia":[{"embeddable":true,"href":"https:\/\/ab-marineservice.com\/de\/wp-json\/wp\/v2\/media\/423719"}],"wp:attachment":[{"href":"https:\/\/ab-marineservice.com\/de\/wp-json\/wp\/v2\/media?parent=203698"}],"wp:term":[{"taxonomy":"location","embeddable":true,"href":"https:\/\/ab-marineservice.com\/de\/wp-json\/wp\/v2\/location?post=203698"},{"taxonomy":"product_brand","embeddable":true,"href":"https:\/\/ab-marineservice.com\/de\/wp-json\/wp\/v2\/product_brand?post=203698"},{"taxonomy":"product_cat","embeddable":true,"href":"https:\/\/ab-marineservice.com\/de\/wp-json\/wp\/v2\/product_cat?post=203698"},{"taxonomy":"product_tag","embeddable":true,"href":"https:\/\/ab-marineservice.com\/de\/wp-json\/wp\/v2\/product_tag?post=203698"}],"curies":[{"name":"wp","href":"https:\/\/api.w.org\/{rel}","templated":true}]}}