{"id":203702,"date":"2023-08-02T00:25:05","date_gmt":"2023-08-01T22:25:05","guid":{"rendered":"https:\/\/ab-marineservice.com\/product\/anlasser-1182\/"},"modified":"2026-03-24T17:40:08","modified_gmt":"2026-03-24T16:40:08","slug":"anlasser-1182","status":"publish","type":"product","link":"https:\/\/ab-marineservice.com\/de\/produkt\/anlasser-1182\/","title":{"rendered":"Startermotor Tata 7,0 kW &#8211; 24V, 11 Z\u00e4hne"},"content":{"rendered":"<p><strong>Spezifikationen:<\/strong><br \/>\nSpannung: 24V<br \/>\nLeistung: 7,0 kW<br \/>\nFittingkante: 92,00 mm<br \/>\nZ\u00e4hne: 11<br \/>\nBasisposition Antriebszahnrad: 48,00 mm<br \/>\nB+: M10<br \/>\nAnzahl der Montagebohrungen: 3<br \/>\nDrehung: CW<\/p>\n<p><strong>Cross-Referenz:<\/strong><br \/>\n080723KA Doosan<br \/>\n116626 HC-Cargo<br \/>\n16130236 AES<br \/>\n19080029 Delco Remy<br \/>\n20038204 Dixie<br \/>\n281001113 PSH<br \/>\n30051600075 Doosan<br \/>\n30051600075A Doosan<br \/>\n30051600075B Doosan<br \/>\n30218N WAI<br \/>\n5000902 Delco Remy<br \/>\n500902 Delco Remy<br \/>\n65262017058 Daewoo<br \/>\n65262017058A Daewoo<br \/>\n65262017062C Doosan<br \/>\n65262017067 Doosan<br \/>\n65262017067A Daewoo<br \/>\n65262017074 Daewoo<br \/>\n65262017074A Daewoo<br \/>\n65262017074B Daewoo<br \/>\n65262017074C Daewoo<br \/>\n65262017074D Doosan<br \/>\nDRS0306 Delco Remy<br \/>\nF032116626 HC-Cargo<br \/>\nKTR562002226 Daewoo<br \/>\nRNL30051600075 RNL<br \/>\nSTR80126 Wood Auto<br \/>\nTRS212 TWA<br \/>\nTS1791 Dixie<br \/>\nWOOSTR80126 Wood Auto<\/p>\n","protected":false},"excerpt":{"rendered":"<p>Tata Startermotor 7,0 kW, 24V, mit 11 Z\u00e4hnen und CW-Drehung. Bietet 7 kW Leistung f\u00fcr starke Startleistungen und ist f\u00fcr Motoren mit einer Basisposition von 48 mm geeignet.<\/p>\n","protected":false},"featured_media":423729,"comment_status":"open","ping_status":"closed","template":"","meta":[],"location":[],"product_brand":[26252],"product_cat":[1222,1463,1464,1474],"product_tag":[],"class_list":{"0":"post-203702","1":"product","2":"type-product","3":"status-publish","4":"has-post-thumbnail","6":"product_brand-wai-global","7":"product_cat-motorteile","8":"product_cat-anlasser","9":"product_cat-innenbordstarter","10":"product_cat-verschiedene-de","11":"product_shipping_class-paket-0-10-kg","13":"first","14":"instock","15":"sale","16":"taxable","17":"shipping-taxable","18":"purchasable","19":"product-type-simple"},"group_of_quantity":0,"min_quantity":0,"max_quantity":"","exclude_order_quantity_value_rules":"no","exclude_category_quantity_rules":"no","combine_variations":"no","locations":[{"id":4160,"name":"PSH","slug":"psh","quantity":""},{"id":20835,"name":"PSH Poland","slug":"psh-poland","quantity":""}],"_links":{"self":[{"href":"https:\/\/ab-marineservice.com\/de\/wp-json\/wp\/v2\/product\/203702","targetHints":{"allow":["GET"]}}],"collection":[{"href":"https:\/\/ab-marineservice.com\/de\/wp-json\/wp\/v2\/product"}],"about":[{"href":"https:\/\/ab-marineservice.com\/de\/wp-json\/wp\/v2\/types\/product"}],"replies":[{"embeddable":true,"href":"https:\/\/ab-marineservice.com\/de\/wp-json\/wp\/v2\/comments?post=203702"}],"wp:featuredmedia":[{"embeddable":true,"href":"https:\/\/ab-marineservice.com\/de\/wp-json\/wp\/v2\/media\/423729"}],"wp:attachment":[{"href":"https:\/\/ab-marineservice.com\/de\/wp-json\/wp\/v2\/media?parent=203702"}],"wp:term":[{"taxonomy":"location","embeddable":true,"href":"https:\/\/ab-marineservice.com\/de\/wp-json\/wp\/v2\/location?post=203702"},{"taxonomy":"product_brand","embeddable":true,"href":"https:\/\/ab-marineservice.com\/de\/wp-json\/wp\/v2\/product_brand?post=203702"},{"taxonomy":"product_cat","embeddable":true,"href":"https:\/\/ab-marineservice.com\/de\/wp-json\/wp\/v2\/product_cat?post=203702"},{"taxonomy":"product_tag","embeddable":true,"href":"https:\/\/ab-marineservice.com\/de\/wp-json\/wp\/v2\/product_tag?post=203702"}],"curies":[{"name":"wp","href":"https:\/\/api.w.org\/{rel}","templated":true}]}}