{"id":203709,"date":"2023-08-02T00:27:20","date_gmt":"2023-08-01T22:27:20","guid":{"rendered":"https:\/\/ab-marineservice.com\/product\/anlasser-1185\/"},"modified":"2026-03-24T17:39:52","modified_gmt":"2026-03-24T16:39:52","slug":"anlasser-1185","status":"publish","type":"product","link":"https:\/\/ab-marineservice.com\/de\/produkt\/anlasser-1185\/","title":{"rendered":"Startermotor Kubota 0,9 kW &#8211; 12V, 8 Z\u00e4hne"},"content":{"rendered":"<p><strong>Technische Daten:<\/strong><br \/>\nSpannung: 12V<br \/>\nLeistung: 0,9 kW<br \/>\nFittingkante: 77,00 mm<br \/>\nZ\u00e4hne: 8<br \/>\nBasisposition des Antriebzahnrads: 16,5<br \/>\nB+: M8<br \/>\nAnzahl der Montageschraubenl\u00f6cher: 2<br \/>\nPosition: +70\u00b0<br \/>\nDrehung: CW<\/p>\n<p><strong>Querverweise:<\/strong><br \/>\n11139372 Mahle<br \/>\n116640 HC-Cargo<br \/>\n18396N WAI<br \/>\n18396R WAI<br \/>\n5035788 Meat &#038; Doria<br \/>\n6004059212 Kubota<br \/>\n690533082 PSH<br \/>\n6C04059210 Kubota<br \/>\n6C04059212 Kubota<br \/>\n6C14059210 Kubota<br \/>\n6C14059211 Kubota<br \/>\n6C14059212 Kubota<br \/>\n6C14059213 Kubota<br \/>\n6C14059215 Kubota<br \/>\n72561032 Mahle<br \/>\n91273328 Wilson<br \/>\nF032116640 HC-Cargo<br \/>\nIS9581 Mahle<br \/>\nLRS04057 Lucas<br \/>\nLRS4057 Lucas<br \/>\nM000T71981 Mitsubishi<br \/>\nM000T90281 Mitsubishi<br \/>\nM000T90282 Mitsubishi<br \/>\nM000T90284 Mitsubishi<br \/>\nM000T90285 Mitsubishi<br \/>\nM000T90285AM Mitsubishi<br \/>\nM0T71981 Mitsubishi<br \/>\nM0T90281 Mitsubishi<br \/>\nM0T90282 Mitsubishi<br \/>\nM0T90284 Mitsubishi<br \/>\nM0T90285 Mitsubishi<br \/>\nM0T90285AM Mitsubishi<br \/>\nMITM0T90285 Wood Auto<br \/>\nMS1167 Mahle<br \/>\nS8925 Dixie<br \/>\nSTR71226 Wood Auto<br \/>\nWOOSTR71226 Wood Auto<\/p>\n","protected":false},"excerpt":{"rendered":"<p>Kubota 0,9 kW Startermotor f\u00fcr 12V-Systeme, mit 8 Z\u00e4hnen und CW-Drehung. Liefert 0,9 kW Leistung f\u00fcr zuverl\u00e4ssige Performance in verschiedenen Anwendungen.<\/p>\n","protected":false},"featured_media":423596,"comment_status":"open","ping_status":"closed","template":"","meta":[],"location":[],"product_brand":[26252],"product_cat":[1222,1463,1464,1480],"product_tag":[],"class_list":{"0":"post-203709","1":"product","2":"type-product","3":"status-publish","4":"has-post-thumbnail","6":"product_brand-wai-global","7":"product_cat-motorteile","8":"product_cat-anlasser","9":"product_cat-innenbordstarter","10":"product_cat-kubota","11":"product_shipping_class-paket-0-10-kg","13":"first","14":"instock","15":"sale","16":"taxable","17":"shipping-taxable","18":"purchasable","19":"product-type-simple"},"group_of_quantity":0,"min_quantity":0,"max_quantity":"","exclude_order_quantity_value_rules":"no","exclude_category_quantity_rules":"no","combine_variations":"no","locations":[{"id":4160,"name":"PSH","slug":"psh","quantity":""},{"id":20835,"name":"PSH Poland","slug":"psh-poland","quantity":""}],"_links":{"self":[{"href":"https:\/\/ab-marineservice.com\/de\/wp-json\/wp\/v2\/product\/203709","targetHints":{"allow":["GET"]}}],"collection":[{"href":"https:\/\/ab-marineservice.com\/de\/wp-json\/wp\/v2\/product"}],"about":[{"href":"https:\/\/ab-marineservice.com\/de\/wp-json\/wp\/v2\/types\/product"}],"replies":[{"embeddable":true,"href":"https:\/\/ab-marineservice.com\/de\/wp-json\/wp\/v2\/comments?post=203709"}],"wp:featuredmedia":[{"embeddable":true,"href":"https:\/\/ab-marineservice.com\/de\/wp-json\/wp\/v2\/media\/423596"}],"wp:attachment":[{"href":"https:\/\/ab-marineservice.com\/de\/wp-json\/wp\/v2\/media?parent=203709"}],"wp:term":[{"taxonomy":"location","embeddable":true,"href":"https:\/\/ab-marineservice.com\/de\/wp-json\/wp\/v2\/location?post=203709"},{"taxonomy":"product_brand","embeddable":true,"href":"https:\/\/ab-marineservice.com\/de\/wp-json\/wp\/v2\/product_brand?post=203709"},{"taxonomy":"product_cat","embeddable":true,"href":"https:\/\/ab-marineservice.com\/de\/wp-json\/wp\/v2\/product_cat?post=203709"},{"taxonomy":"product_tag","embeddable":true,"href":"https:\/\/ab-marineservice.com\/de\/wp-json\/wp\/v2\/product_tag?post=203709"}],"curies":[{"name":"wp","href":"https:\/\/api.w.org\/{rel}","templated":true}]}}