{"id":203719,"date":"2023-08-02T00:30:46","date_gmt":"2023-08-01T22:30:46","guid":{"rendered":"https:\/\/ab-marineservice.com\/product\/lichtmaschine-1482\/"},"modified":"2026-04-09T16:43:21","modified_gmt":"2026-04-09T14:43:21","slug":"lichtmaschine-chrysler-160a-12v-52-30-mm-riemenscheibe","status":"publish","type":"product","link":"https:\/\/ab-marineservice.com\/de\/produkt\/lichtmaschine-chrysler-160a-12v-52-30-mm-riemenscheibe\/","title":{"rendered":"Lichtmaschine Chrysler 160A &#8211; 12V, 52.30 mm Riemenscheibe"},"content":{"rendered":"<p><strong>Technische Daten:<\/strong><br \/>\nSpannung: 12V<br \/>\nStromst\u00e4rke: 160A<br \/>\nFreilaufriemenscheibe: ja<br \/>\nRiemenscheibe: 52,30 mm<br \/>\nRippen: 6<br \/>\nB+: M8<br \/>\nAnzahl der Montageschraubenl\u00f6cher: 3<\/p>\n<p><strong>Angewendet auf:<\/strong><br \/>\nCHRYSLER 300C (08-2011 &#8211; 10-2021)<br \/>\nCHRYSLER 300C (12-2010 &#8211; Gegenwart)<br \/>\nJEEP Grand Cherokee (10-2010 &#8211; Gegenwart)<br \/>\nJEEP Grand Cherokee (10-2010 &#8211; 11-2013)<br \/>\nJEEP Grand Cherokee (04-2013 &#8211; Gegenwart)<br \/>\nJEEP Grand Cherokee (08-2014 &#8211; Gegenwart)<\/p>\n<p><strong>Cross-Referenz:<\/strong><br \/>\n04801779AG Chrysler<br \/>\n0986CR6070 Bosch Exchange<br \/>\n0986UR6070 Bosch Exchange<br \/>\n11572N WAI<br \/>\n4210000750 Denso<br \/>\n4210000751 Denso<br \/>\n4210000752 Denso<br \/>\n4801779AG Chrysler<br \/>\n4801779AH Chrysler<br \/>\n4801779AI Chrysler<br \/>\n835979160 PSH<br \/>\nAL6483X Bosch (USA)<br \/>\nK04801779AI Jeep<br \/>\nKRL801779AG Chrysler<br \/>\nP04801779AG Chrysler<br \/>\nRL801779AG Chrysler<br \/>\nRNL4210000750 RNL<br \/>\nTN4210000750 Denso<\/p>\n","protected":false},"excerpt":{"rendered":"<p>Dieser Dynamo liefert 160A bei 12V und ist f\u00fcr verschiedene Chrysler- und Jeep-Fahrzeuge geeignet, einschlie\u00dflich des Chrysler 300C und des Jeep Grand Cherokee. Der Dynamo hat eine Riemenscheibe von 52,30 mm mit 6 Rippen und einen B+ Anschluss von M8. Mit drei Montageschraubenl\u00f6chern und einer Freilaufriemenscheibe bietet dieser Dynamo zuverl\u00e4ssige Leistung und ist ideal f\u00fcr anspruchsvolle Bedingungen.<\/p>\n","protected":false},"featured_media":433684,"comment_status":"open","ping_status":"closed","template":"","meta":[],"location":[],"product_brand":[],"product_cat":[1404],"product_tag":[],"class_list":{"0":"post-203719","1":"product","2":"type-product","3":"status-publish","4":"has-post-thumbnail","6":"product_cat-universell-lichtmaschinen","7":"product_shipping_class-paket-0-10-kg","9":"first","10":"instock","11":"sale","12":"taxable","13":"shipping-taxable","14":"purchasable","15":"product-type-simple"},"group_of_quantity":0,"min_quantity":0,"max_quantity":"","exclude_order_quantity_value_rules":"no","exclude_category_quantity_rules":"no","combine_variations":"no","locations":[{"id":4160,"name":"PSH","slug":"psh","quantity":""},{"id":20835,"name":"PSH Poland","slug":"psh-poland","quantity":""}],"_links":{"self":[{"href":"https:\/\/ab-marineservice.com\/de\/wp-json\/wp\/v2\/product\/203719","targetHints":{"allow":["GET"]}}],"collection":[{"href":"https:\/\/ab-marineservice.com\/de\/wp-json\/wp\/v2\/product"}],"about":[{"href":"https:\/\/ab-marineservice.com\/de\/wp-json\/wp\/v2\/types\/product"}],"replies":[{"embeddable":true,"href":"https:\/\/ab-marineservice.com\/de\/wp-json\/wp\/v2\/comments?post=203719"}],"wp:featuredmedia":[{"embeddable":true,"href":"https:\/\/ab-marineservice.com\/de\/wp-json\/wp\/v2\/media\/433684"}],"wp:attachment":[{"href":"https:\/\/ab-marineservice.com\/de\/wp-json\/wp\/v2\/media?parent=203719"}],"wp:term":[{"taxonomy":"location","embeddable":true,"href":"https:\/\/ab-marineservice.com\/de\/wp-json\/wp\/v2\/location?post=203719"},{"taxonomy":"product_brand","embeddable":true,"href":"https:\/\/ab-marineservice.com\/de\/wp-json\/wp\/v2\/product_brand?post=203719"},{"taxonomy":"product_cat","embeddable":true,"href":"https:\/\/ab-marineservice.com\/de\/wp-json\/wp\/v2\/product_cat?post=203719"},{"taxonomy":"product_tag","embeddable":true,"href":"https:\/\/ab-marineservice.com\/de\/wp-json\/wp\/v2\/product_tag?post=203719"}],"curies":[{"name":"wp","href":"https:\/\/api.w.org\/{rel}","templated":true}]}}