{"id":203725,"date":"2023-08-02T00:34:39","date_gmt":"2023-08-01T22:34:39","guid":{"rendered":"https:\/\/ab-marineservice.com\/product\/anlasser-1190\/"},"modified":"2026-03-24T17:39:44","modified_gmt":"2026-03-24T16:39:44","slug":"anlasser-1190","status":"publish","type":"product","link":"https:\/\/ab-marineservice.com\/de\/produkt\/anlasser-1190\/","title":{"rendered":"Startermotor Fiat 3,2 kW &#8211; 24V, 9 Z\u00e4hne"},"content":{"rendered":"<p><strong>Technische Daten:<\/strong><br \/>\nSpannung: 24V<br \/>\nLeistung: 3,2 kW<br \/>\nFittingkante: 82,00 mm<br \/>\nZ\u00e4hne: 9<br \/>\nBasisposition des Antriebzahnrads: 21,00 mm<br \/>\nB+: M10<br \/>\nAnzahl der Montageschraubenl\u00f6cher: 2<br \/>\nPosition: +75\u00b0<br \/>\nDrehung: CW<\/p>\n<p><strong>Querverweise:<\/strong><br \/>\n1355014 Bosch<br \/>\n1363110 Bosch<br \/>\n11130370 Mahle<br \/>\n116681 HC-Cargo<br \/>\n19070141 Delco Remy<br \/>\n2107 Fiat Group<br \/>\n31022N WAI<br \/>\n35532026A Fiat Group<br \/>\n4002986 Fiat Group<br \/>\n4104783 Fiat Group<br \/>\n4130796 Fiat Group<br \/>\n501006092 PSH<br \/>\n509304 WAI<br \/>\n5110008 Meat &#038; Doria<br \/>\n63223800 Magneti Marelli<br \/>\n63223800010 Magneti Marelli<br \/>\n63223802 Magneti Marelli<br \/>\n63223802010 Magneti Marelli<br \/>\n63223830010 Magneti Marelli<br \/>\n852962 Fiat Group<br \/>\nE115324 Magneti Marelli<br \/>\nE115324MS Magneti Marelli<br \/>\nE115324SP Magneti Marelli<br \/>\nF032116681 HC-Cargo<br \/>\nLRS01817 Lucas<br \/>\nLRS1817 Lucas<br \/>\nRNL363110 RNL<br \/>\nSER70141 Delco Remy<br \/>\nSER7014112B1 Delco Remy<br \/>\nSTR50375 Wood Auto<br \/>\nWOOSTR50375 Wood Auto<\/p>\n","protected":false},"excerpt":{"rendered":"<p>Erh\u00f6hen Sie die Startkraft Ihres Motors mit dem Fiat 3,2 kW Startermotor. Geeignet f\u00fcr 24V-Systeme, mit 9 Z\u00e4hnen, 3,2 kW Leistung und einer CW-Drehung f\u00fcr zuverl\u00e4ssige Leistung.<\/p>\n","protected":false},"featured_media":423586,"comment_status":"open","ping_status":"closed","template":"","meta":[],"location":[4160,20835],"product_brand":[26252],"product_cat":[1222,1463,1464,1474],"product_tag":[],"class_list":{"0":"post-203725","1":"product","2":"type-product","3":"status-publish","4":"has-post-thumbnail","6":"location-psh","7":"location-psh-poland","8":"product_brand-wai-global","9":"product_cat-motorteile","10":"product_cat-anlasser","11":"product_cat-innenbordstarter","12":"product_cat-verschiedene-de","13":"product_shipping_class-paket-0-10-kg","15":"first","16":"instock","17":"sale","18":"taxable","19":"shipping-taxable","20":"purchasable","21":"product-type-simple"},"group_of_quantity":0,"min_quantity":0,"max_quantity":"","exclude_order_quantity_value_rules":"no","exclude_category_quantity_rules":"no","combine_variations":"no","locations":[{"id":4160,"name":"PSH","slug":"psh","quantity":""},{"id":20835,"name":"PSH Poland","slug":"psh-poland","quantity":""}],"_links":{"self":[{"href":"https:\/\/ab-marineservice.com\/de\/wp-json\/wp\/v2\/product\/203725","targetHints":{"allow":["GET"]}}],"collection":[{"href":"https:\/\/ab-marineservice.com\/de\/wp-json\/wp\/v2\/product"}],"about":[{"href":"https:\/\/ab-marineservice.com\/de\/wp-json\/wp\/v2\/types\/product"}],"replies":[{"embeddable":true,"href":"https:\/\/ab-marineservice.com\/de\/wp-json\/wp\/v2\/comments?post=203725"}],"wp:featuredmedia":[{"embeddable":true,"href":"https:\/\/ab-marineservice.com\/de\/wp-json\/wp\/v2\/media\/423586"}],"wp:attachment":[{"href":"https:\/\/ab-marineservice.com\/de\/wp-json\/wp\/v2\/media?parent=203725"}],"wp:term":[{"taxonomy":"location","embeddable":true,"href":"https:\/\/ab-marineservice.com\/de\/wp-json\/wp\/v2\/location?post=203725"},{"taxonomy":"product_brand","embeddable":true,"href":"https:\/\/ab-marineservice.com\/de\/wp-json\/wp\/v2\/product_brand?post=203725"},{"taxonomy":"product_cat","embeddable":true,"href":"https:\/\/ab-marineservice.com\/de\/wp-json\/wp\/v2\/product_cat?post=203725"},{"taxonomy":"product_tag","embeddable":true,"href":"https:\/\/ab-marineservice.com\/de\/wp-json\/wp\/v2\/product_tag?post=203725"}],"curies":[{"name":"wp","href":"https:\/\/api.w.org\/{rel}","templated":true}]}}