{"id":203727,"date":"2023-08-02T00:34:39","date_gmt":"2023-08-01T22:34:39","guid":{"rendered":"https:\/\/ab-marineservice.com\/product\/lichtmaschinen\/"},"modified":"2026-04-09T16:43:00","modified_gmt":"2026-04-09T14:43:00","slug":"lichtmaschine-mercedes-150a-24v","status":"publish","type":"product","link":"https:\/\/ab-marineservice.com\/de\/produkt\/lichtmaschine-mercedes-150a-24v\/","title":{"rendered":"Lichtmaschine Mercedes 150A &#8211; 24V"},"content":{"rendered":"<p><strong>Technische Daten:<\/strong><br \/>\nSpannung: 24V<br \/>\nStromst\u00e4rke: 150A<br \/>\nB+: M8<br \/>\nAnzahl der Montagebohrungen: 3<br \/>\nPosition (\u00b0): 60<\/p>\n<p><strong>Cross-Referenz:<\/strong><br \/>\n0001506550 Mercedes-Benz<br \/>\n0124655125 Bosch<br \/>\n0124655161 Bosch<br \/>\n0124655922 Bosch<br \/>\n0128821295 SEG<br \/>\n0986085300 Bosch Exchange<br \/>\n115808 HC-Cargo<br \/>\n116684 HC-Cargo<br \/>\n12201363 AES<br \/>\n19092067 Delco Remy<br \/>\n1986A00989 Bosch<br \/>\n20550N WAI<br \/>\n443508 Valeo<br \/>\n556514150 PSH<br \/>\n861331 Prestolite<br \/>\nA0001506550 Mercedes-Benz<br \/>\nA148331 Prestolite<br \/>\nALT10877 Wood Auto<br \/>\nBOS0124655161 Wood Auto<br \/>\nDRA1445 Delco Remy<br \/>\nF032116684 HC-Cargo<br \/>\nLRA04299 Lucas<br \/>\nLRA4299 Lucas<br \/>\nRNL655161OER RNL<br \/>\nSEG0124655161 Wood Auto<br \/>\nWOOALT10877 Wood Auto<\/p>\n","protected":false},"excerpt":{"rendered":"<p>Dieser Dynamo liefert 150A bei 24V und ist ideal f\u00fcr verschiedene Mercedes-Benz Anwendungen. Der Dynamo hat einen B+ Anschluss von M8 und verf\u00fcgt \u00fcber drei Montagebohrungen. Mit einer Position von 60\u00b0 wurde dieser Dynamo f\u00fcr eine einfache Installation entwickelt und bietet zuverl\u00e4ssige Leistung unter schweren Bedingungen.<\/p>\n","protected":false},"featured_media":433012,"comment_status":"open","ping_status":"closed","template":"","meta":[],"location":[],"product_brand":[],"product_cat":[1222,1229,1404],"product_tag":[],"class_list":{"0":"post-203727","1":"product","2":"type-product","3":"status-publish","4":"has-post-thumbnail","6":"product_cat-motorteile","7":"product_cat-lichtmaschinen","8":"product_cat-universell-lichtmaschinen","9":"product_shipping_class-paket-0-10-kg","11":"first","12":"instock","13":"sale","14":"taxable","15":"shipping-taxable","16":"purchasable","17":"product-type-simple"},"group_of_quantity":0,"min_quantity":0,"max_quantity":"","exclude_order_quantity_value_rules":"no","exclude_category_quantity_rules":"no","combine_variations":"no","locations":[{"id":4160,"name":"PSH","slug":"psh","quantity":""},{"id":20835,"name":"PSH Poland","slug":"psh-poland","quantity":""}],"_links":{"self":[{"href":"https:\/\/ab-marineservice.com\/de\/wp-json\/wp\/v2\/product\/203727","targetHints":{"allow":["GET"]}}],"collection":[{"href":"https:\/\/ab-marineservice.com\/de\/wp-json\/wp\/v2\/product"}],"about":[{"href":"https:\/\/ab-marineservice.com\/de\/wp-json\/wp\/v2\/types\/product"}],"replies":[{"embeddable":true,"href":"https:\/\/ab-marineservice.com\/de\/wp-json\/wp\/v2\/comments?post=203727"}],"wp:featuredmedia":[{"embeddable":true,"href":"https:\/\/ab-marineservice.com\/de\/wp-json\/wp\/v2\/media\/433012"}],"wp:attachment":[{"href":"https:\/\/ab-marineservice.com\/de\/wp-json\/wp\/v2\/media?parent=203727"}],"wp:term":[{"taxonomy":"location","embeddable":true,"href":"https:\/\/ab-marineservice.com\/de\/wp-json\/wp\/v2\/location?post=203727"},{"taxonomy":"product_brand","embeddable":true,"href":"https:\/\/ab-marineservice.com\/de\/wp-json\/wp\/v2\/product_brand?post=203727"},{"taxonomy":"product_cat","embeddable":true,"href":"https:\/\/ab-marineservice.com\/de\/wp-json\/wp\/v2\/product_cat?post=203727"},{"taxonomy":"product_tag","embeddable":true,"href":"https:\/\/ab-marineservice.com\/de\/wp-json\/wp\/v2\/product_tag?post=203727"}],"curies":[{"name":"wp","href":"https:\/\/api.w.org\/{rel}","templated":true}]}}