{"id":203728,"date":"2023-08-02T00:34:39","date_gmt":"2023-08-01T22:34:39","guid":{"rendered":"https:\/\/ab-marineservice.com\/product\/anlasser-1192\/"},"modified":"2026-03-24T17:39:46","modified_gmt":"2026-03-24T16:39:46","slug":"anlasser-1192","status":"publish","type":"product","link":"https:\/\/ab-marineservice.com\/de\/produkt\/anlasser-1192\/","title":{"rendered":"Atlas Startermotor 2,5 kW &#8211; 12V, 9 Z\u00e4hne"},"content":{"rendered":"<p><strong>Technische Daten:<\/strong><br \/>\nSpannung: 12<br \/>\nLeistung: 2,5 kW<br \/>\nFittingkante: 77,00 mm<br \/>\nZ\u00e4hne: 9<br \/>\nBasisposition des Antriebzahnrads: 21,00 mm<br \/>\nB+: M8<br \/>\nAnzahl der Montageschraubenl\u00f6cher: 2<br \/>\nPosition: +140\u00b0<br \/>\nDrehung: CW<\/p>\n<p><strong>Querverweise:<\/strong><br \/>\n1109359 Bosch<br \/>\n1109360 Bosch<br \/>\n63523620760 Magneti Marelli<br \/>\n115344 HC-Cargo<br \/>\n116685 HC-Cargo<br \/>\n16008N WAI<br \/>\n1986S00741 Bosch<br \/>\n5010370 Meat &#038; Doria<br \/>\n5010370G Meat &#038; Doria<br \/>\n520504092 PSH<br \/>\n58402610 Lombardini<br \/>\n58402680 Lombardini<br \/>\n63523620760 Magneti Marelli<br \/>\nBOS0001109359 Wood Auto<br \/>\nF032116685 HC-Cargo<br \/>\nMT71CB Magneti Marelli<br \/>\nRNL109360 RNL<br \/>\nSEG0001109359 Wood Auto<br \/>\nSTR50642 Wood Auto<br \/>\nWOOSTR50642 Wood Auto<\/p>\n","protected":false},"excerpt":{"rendered":"<p>Verbessern Sie die Startkapazit\u00e4t Ihres Motors mit dem originalen Atlas 2,5 kW Startermotor. Geeignet f\u00fcr 12V-Systeme, mit einem leistungsstarken 2,5kW Motor und 9 Z\u00e4hnen f\u00fcr zuverl\u00e4ssige Leistung.<\/p>\n","protected":false},"featured_media":423583,"comment_status":"open","ping_status":"closed","template":"","meta":[],"location":[4160,20835],"product_brand":[26252],"product_cat":[1222,1463,1464,1474],"product_tag":[],"class_list":{"0":"post-203728","1":"product","2":"type-product","3":"status-publish","4":"has-post-thumbnail","6":"location-psh","7":"location-psh-poland","8":"product_brand-wai-global","9":"product_cat-motorteile","10":"product_cat-anlasser","11":"product_cat-innenbordstarter","12":"product_cat-verschiedene-de","13":"product_shipping_class-paket-0-10-kg","15":"first","16":"instock","17":"sale","18":"taxable","19":"shipping-taxable","20":"purchasable","21":"product-type-simple"},"group_of_quantity":0,"min_quantity":0,"max_quantity":"","exclude_order_quantity_value_rules":"no","exclude_category_quantity_rules":"no","combine_variations":"no","locations":[{"id":4160,"name":"PSH","slug":"psh","quantity":""},{"id":20835,"name":"PSH Poland","slug":"psh-poland","quantity":""}],"_links":{"self":[{"href":"https:\/\/ab-marineservice.com\/de\/wp-json\/wp\/v2\/product\/203728","targetHints":{"allow":["GET"]}}],"collection":[{"href":"https:\/\/ab-marineservice.com\/de\/wp-json\/wp\/v2\/product"}],"about":[{"href":"https:\/\/ab-marineservice.com\/de\/wp-json\/wp\/v2\/types\/product"}],"replies":[{"embeddable":true,"href":"https:\/\/ab-marineservice.com\/de\/wp-json\/wp\/v2\/comments?post=203728"}],"wp:featuredmedia":[{"embeddable":true,"href":"https:\/\/ab-marineservice.com\/de\/wp-json\/wp\/v2\/media\/423583"}],"wp:attachment":[{"href":"https:\/\/ab-marineservice.com\/de\/wp-json\/wp\/v2\/media?parent=203728"}],"wp:term":[{"taxonomy":"location","embeddable":true,"href":"https:\/\/ab-marineservice.com\/de\/wp-json\/wp\/v2\/location?post=203728"},{"taxonomy":"product_brand","embeddable":true,"href":"https:\/\/ab-marineservice.com\/de\/wp-json\/wp\/v2\/product_brand?post=203728"},{"taxonomy":"product_cat","embeddable":true,"href":"https:\/\/ab-marineservice.com\/de\/wp-json\/wp\/v2\/product_cat?post=203728"},{"taxonomy":"product_tag","embeddable":true,"href":"https:\/\/ab-marineservice.com\/de\/wp-json\/wp\/v2\/product_tag?post=203728"}],"curies":[{"name":"wp","href":"https:\/\/api.w.org\/{rel}","templated":true}]}}