{"id":20589,"date":"2019-04-06T10:25:43","date_gmt":"2019-04-06T08:25:43","guid":{"rendered":"https:\/\/ab-marineservice.com\/product\/kuhlerdeckel-vetus\/"},"modified":"2026-04-09T19:01:02","modified_gmt":"2026-04-09T17:01:02","slug":"kuhlerdeckel-vetus","status":"publish","type":"product","link":"https:\/\/ab-marineservice.com\/de\/produkt\/kuhlerdeckel-vetus\/","title":{"rendered":"K\u00fchlerdeckel Vetus"},"content":{"rendered":"<p>Dieser K\u00fchlerdeckel f\u00fcr Vetus-Motoren \u00f6ffnet bei 0,9 bar Druck.<\/p>\n","protected":false},"excerpt":{"rendered":"<p>Radiatorverschluss Vetus f\u00fcr Vetus-Motoren \u00f6ffnet bei 0,9 bar Druck.<\/p>\n<p><strong>Abmessungen:<\/strong><br \/>\nVerschlussh\u00f6he: 25,00 mm<br \/>\nKelkdurchmesser: 38,00 mm<br \/>\nAu\u00dfendurchmesser: 60,00 mm<\/p>\n","protected":false},"featured_media":20447,"comment_status":"open","ping_status":"closed","template":"","meta":[],"location":[],"product_brand":[],"product_cat":[2245],"product_tag":[],"class_list":{"0":"post-20589","1":"product","2":"type-product","3":"status-publish","4":"has-post-thumbnail","6":"product_cat-kuhlerdeckel","7":"product_shipping_class-paket-0-10-kg","9":"first","10":"instock","11":"sale","12":"taxable","13":"shipping-taxable","14":"purchasable","15":"product-type-simple"},"group_of_quantity":0,"min_quantity":0,"max_quantity":"","exclude_order_quantity_value_rules":"no","exclude_category_quantity_rules":"no","combine_variations":"no","locations":[{"id":3905,"name":"AB Marine","slug":"ab-marine-service","quantity":""},{"id":4275,"name":"AES Emmeloord","slug":"aes-emmeloord","quantity":""},{"id":4276,"name":"AES Lemmer","slug":"aes-lemmer","quantity":""}],"_links":{"self":[{"href":"https:\/\/ab-marineservice.com\/de\/wp-json\/wp\/v2\/product\/20589","targetHints":{"allow":["GET"]}}],"collection":[{"href":"https:\/\/ab-marineservice.com\/de\/wp-json\/wp\/v2\/product"}],"about":[{"href":"https:\/\/ab-marineservice.com\/de\/wp-json\/wp\/v2\/types\/product"}],"replies":[{"embeddable":true,"href":"https:\/\/ab-marineservice.com\/de\/wp-json\/wp\/v2\/comments?post=20589"}],"wp:featuredmedia":[{"embeddable":true,"href":"https:\/\/ab-marineservice.com\/de\/wp-json\/wp\/v2\/media\/20447"}],"wp:attachment":[{"href":"https:\/\/ab-marineservice.com\/de\/wp-json\/wp\/v2\/media?parent=20589"}],"wp:term":[{"taxonomy":"location","embeddable":true,"href":"https:\/\/ab-marineservice.com\/de\/wp-json\/wp\/v2\/location?post=20589"},{"taxonomy":"product_brand","embeddable":true,"href":"https:\/\/ab-marineservice.com\/de\/wp-json\/wp\/v2\/product_brand?post=20589"},{"taxonomy":"product_cat","embeddable":true,"href":"https:\/\/ab-marineservice.com\/de\/wp-json\/wp\/v2\/product_cat?post=20589"},{"taxonomy":"product_tag","embeddable":true,"href":"https:\/\/ab-marineservice.com\/de\/wp-json\/wp\/v2\/product_tag?post=20589"}],"curies":[{"name":"wp","href":"https:\/\/api.w.org\/{rel}","templated":true}]}}