{"id":208816,"date":"2023-08-05T17:11:26","date_gmt":"2023-08-05T15:11:26","guid":{"rendered":"https:\/\/ab-marineservice.com\/?post_type=product&#038;p=208816"},"modified":"2026-01-22T14:34:14","modified_gmt":"2026-01-22T13:34:14","slug":"mitsubishi-schiffsmotor-9ps-k2ad","status":"publish","type":"product","link":"https:\/\/ab-marineservice.com\/de\/produkt\/mitsubishi-schiffsmotor-9ps-k2ad\/","title":{"rendered":"Mitsubishi Schiffsmotor 9PS K2AD W\u00e4rmetauscher und Impellerpumpe"},"content":{"rendered":"<p><iframe loading=\"lazy\" width=\"1250\" height=\"703\" src=\"https:\/\/www.youtube.com\/embed\/LC_peFZBoIU\" title=\"Mitsubishi K2e\" frameborder=\"0\" allow=\"accelerometer; autoplay; clipboard-write; encrypted-media; gyroscope; picture-in-picture; web-share\" allowfullscreen><\/iframe><\/p>\n","protected":false},"excerpt":{"rendered":"<p>Sie suchen einen zuverl\u00e4ssigen Schiffsmotor?<br \/>\nUnsere Motoren werden standardm\u00e4\u00dfig ausgiebig getestet und nachgepr\u00fcft, um einen langfristigen Betrieb nach dem Einbau zu gew\u00e4hrleisten.<br \/>\nAuf unserer Kasse-Seite k\u00f6nnen Sie mit allen sicheren Zahlungsmitteln bezahlen. So k\u00f6nnen Sie sicher sein, dass Sie einen reibungslosen Einkauf haben!<br \/>\nStandardversand innerhalb und au\u00dferhalb Europas. <\/p>\n<p>Ein Video des laufenden Motors finden Sie unten auf der Seite.<br \/>\nWir geben zus\u00e4tzlich 3 Monate Garantie und 14 Tage Bedenkzeit.<br \/>\nBei Fragen k\u00f6nnen Sie uns gerne kontaktieren.<\/p>\n<p>Mitsubishi K2A Schiffsmotor.<\/p>\n<p>W\u00e4rmetauscher und Impellerpumpe<\/p>\n<p>Leistung: 9 PS<br \/>\nKraftstoff: Diesel<\/p>\n<p>Wendegetriebe Hurth HBW50 2:1 R<\/p>\n<p>Gut laufende Motor mit Wendegetriebe.<\/p>\n<p>Link zum Werkstatthandbuch K2A <a href=\"https:\/\/ab-marineservice.com\/wp-content\/uploads\/2023\/08\/K2-KE70-KE75-Mitsubishi.pdf\" target=\"_blank\" rel=\"noopener\">K2 KE70 KE75 Mitsubishi<\/a><\/p>\n<p>A 660.00mm<br \/>\nB 470.00mm<br \/>\nC 500.00mm<br \/>\nD 200.00mm<br \/>\nE 420.00mm<br \/>\nF 250.00mm<\/p>\n<p>Wir versenden europaweit.<\/p>\n<p><strong> Bleiben Sie jede Woche \u00fcber unsere neuesten Angebote auf dem Laufenden, <a href=\"https:\/\/ab-marineservice.com\/de\/angebot-gebrauchte-schiffsmotoren\/\"> melden Sie sich hier bitte an <\/a>!<\/strong><\/p>\n","protected":false},"featured_media":333461,"comment_status":"open","ping_status":"closed","template":"","meta":[],"location":[15418],"product_brand":[],"product_cat":[10450],"product_tag":[],"class_list":{"0":"post-208816","1":"product","2":"type-product","3":"status-publish","4":"has-post-thumbnail","6":"location-ab-motoren","7":"product_cat-verkaufte-motoren","8":"product_shipping_class-palettenversand","10":"first","11":"outofstock","12":"sale","13":"shipping-taxable","14":"purchasable","15":"product-type-simple"},"group_of_quantity":0,"min_quantity":0,"max_quantity":"","exclude_order_quantity_value_rules":"no","exclude_category_quantity_rules":"no","combine_variations":"no","locations":[{"id":15418,"name":"AB Motoren","slug":"ab-motoren","quantity":""}],"_links":{"self":[{"href":"https:\/\/ab-marineservice.com\/de\/wp-json\/wp\/v2\/product\/208816","targetHints":{"allow":["GET"]}}],"collection":[{"href":"https:\/\/ab-marineservice.com\/de\/wp-json\/wp\/v2\/product"}],"about":[{"href":"https:\/\/ab-marineservice.com\/de\/wp-json\/wp\/v2\/types\/product"}],"replies":[{"embeddable":true,"href":"https:\/\/ab-marineservice.com\/de\/wp-json\/wp\/v2\/comments?post=208816"}],"wp:featuredmedia":[{"embeddable":true,"href":"https:\/\/ab-marineservice.com\/de\/wp-json\/wp\/v2\/media\/333461"}],"wp:attachment":[{"href":"https:\/\/ab-marineservice.com\/de\/wp-json\/wp\/v2\/media?parent=208816"}],"wp:term":[{"taxonomy":"location","embeddable":true,"href":"https:\/\/ab-marineservice.com\/de\/wp-json\/wp\/v2\/location?post=208816"},{"taxonomy":"product_brand","embeddable":true,"href":"https:\/\/ab-marineservice.com\/de\/wp-json\/wp\/v2\/product_brand?post=208816"},{"taxonomy":"product_cat","embeddable":true,"href":"https:\/\/ab-marineservice.com\/de\/wp-json\/wp\/v2\/product_cat?post=208816"},{"taxonomy":"product_tag","embeddable":true,"href":"https:\/\/ab-marineservice.com\/de\/wp-json\/wp\/v2\/product_tag?post=208816"}],"curies":[{"name":"wp","href":"https:\/\/api.w.org\/{rel}","templated":true}]}}