{"id":21374,"date":"2019-05-13T12:10:31","date_gmt":"2019-05-13T10:10:31","guid":{"rendered":"https:\/\/ab-marineservice.com\/product\/automatische-schmierpatrone-skf-universal\/"},"modified":"2025-06-16T21:52:53","modified_gmt":"2025-06-16T19:52:53","slug":"automatische-schmierpatrone-skf-universal","status":"publish","type":"product","link":"https:\/\/ab-marineservice.com\/de\/produkt\/automatische-schmierpatrone-skf-universal\/","title":{"rendered":"Automatische Schmierpatrone SKF universal"},"content":{"rendered":"<p>Die automatische Schmierpatrone SKF universal ist eine einfache L\u00f6sung f\u00fcr das Schmieren von mechanischen Teilen unter anderem auf Booten.<\/p>\n<p><iframe loading=\"lazy\" src=\"https:\/\/www.youtube.com\/embed\/kDPBffdP960\" width=\"705\" height=\"397\" frameborder=\"0\" allowfullscreen=\"allowfullscreen\"><\/iframe><\/p>\n<p>Wenn Sie Fragen zu diesem Produkt haben, k\u00f6nnen Sie sich jederzeit <a href=\"https:\/\/ab-marineservice.com\/de\/kontakt\/\">an uns wenden<\/a><\/p>\n","protected":false},"excerpt":{"rendered":"<p>Das SKF Schmiersystem ist eine einfache L\u00f6sung f\u00fcr das Schmieren von mechanischen Teilen unter anderem auf Booten. Wo normalerweise eine Fettspritze ben\u00f6tigt wird oder das Drehen und F\u00fcllen von Schmierb\u00fcchsen notwendig ist, k\u00f6nnen Sie einfach das Simalube Schmiersystem anwenden und Fettpatronen auswechseln. Die Funktion und der Umfang der Schmierung kann automatisch am Ger\u00e4t eingestellt und bis zu einem Jahr lang aufrechterhalten werden.<\/p>\n<p>Inhalt: 125 ml<br \/>\nDie Dauer manuell auf 1 bis 12 Monate einstellen<br \/>\nAnschluss: R1\/4 Gewinde<br \/>\nTemperatur: -20 bis +60 \u00b0C<br \/>\nMax. Betriebsdruck: 5 bar<br \/>\nSpritzwasserdicht IP 68<\/p>\n<p>Maximall\u00e4nge an zu schliessen Leitung: 300 mm<\/p>\n<p>Gef\u00fcllt mit universellem Schmierfett LAGD\/ WA2 Multi-purpose EP mineralisch<\/p>\n","protected":false},"featured_media":21196,"comment_status":"open","ping_status":"closed","template":"","meta":[],"location":[3905,4275,4276],"product_brand":[],"product_cat":[2187,2192,25584,23637,1208],"product_tag":[],"class_list":{"0":"post-21374","1":"product","2":"type-product","3":"status-publish","4":"has-post-thumbnail","6":"location-ab-marine-service","7":"location-aes-emmeloord","8":"location-aes-lemmer","9":"product_cat-schmiermittel","10":"product_cat-ol-und-fett","11":"product_cat-automatische-schmierung","12":"product_cat-schraubenwellen-schmierung","13":"product_cat-elektrische-bauteile","14":"product_shipping_class-paket-0-10-kg","16":"first","17":"instock","18":"sale","19":"taxable","20":"shipping-taxable","21":"purchasable","22":"product-type-simple"},"group_of_quantity":0,"min_quantity":0,"max_quantity":"","exclude_order_quantity_value_rules":"no","exclude_category_quantity_rules":"no","combine_variations":"no","locations":[{"id":3905,"name":"AB Marine","slug":"ab-marine-service","quantity":""},{"id":4275,"name":"AES Emmeloord","slug":"aes-emmeloord","quantity":""},{"id":4276,"name":"AES Lemmer","slug":"aes-lemmer","quantity":""}],"_links":{"self":[{"href":"https:\/\/ab-marineservice.com\/de\/wp-json\/wp\/v2\/product\/21374","targetHints":{"allow":["GET"]}}],"collection":[{"href":"https:\/\/ab-marineservice.com\/de\/wp-json\/wp\/v2\/product"}],"about":[{"href":"https:\/\/ab-marineservice.com\/de\/wp-json\/wp\/v2\/types\/product"}],"replies":[{"embeddable":true,"href":"https:\/\/ab-marineservice.com\/de\/wp-json\/wp\/v2\/comments?post=21374"}],"wp:featuredmedia":[{"embeddable":true,"href":"https:\/\/ab-marineservice.com\/de\/wp-json\/wp\/v2\/media\/21196"}],"wp:attachment":[{"href":"https:\/\/ab-marineservice.com\/de\/wp-json\/wp\/v2\/media?parent=21374"}],"wp:term":[{"taxonomy":"location","embeddable":true,"href":"https:\/\/ab-marineservice.com\/de\/wp-json\/wp\/v2\/location?post=21374"},{"taxonomy":"product_brand","embeddable":true,"href":"https:\/\/ab-marineservice.com\/de\/wp-json\/wp\/v2\/product_brand?post=21374"},{"taxonomy":"product_cat","embeddable":true,"href":"https:\/\/ab-marineservice.com\/de\/wp-json\/wp\/v2\/product_cat?post=21374"},{"taxonomy":"product_tag","embeddable":true,"href":"https:\/\/ab-marineservice.com\/de\/wp-json\/wp\/v2\/product_tag?post=21374"}],"curies":[{"name":"wp","href":"https:\/\/api.w.org\/{rel}","templated":true}]}}