{"id":223852,"date":"2023-08-09T01:01:29","date_gmt":"2023-08-08T23:01:29","guid":{"rendered":"https:\/\/ab-marineservice.com\/product\/flachsteckverteiler-blau\/"},"modified":"2025-08-28T13:51:24","modified_gmt":"2025-08-28T11:51:24","slug":"pvc-flachsteckerhulse-huckepack-63x08-blau-verpackung-5-stuck","status":"publish","type":"product","link":"https:\/\/ab-marineservice.com\/de\/produkt\/pvc-flachsteckerhulse-huckepack-63x08-blau-verpackung-5-stuck\/","title":{"rendered":"PVC Flachsteckerh\u00fclse Huckepack 6,3X0,8 blau Verpackung 5 St\u00fcck"},"content":{"rendered":"","protected":false},"excerpt":{"rendered":"<p>PVC Flachsteckerh\u00fclse Huckepack 6,3X0,8 blau Verpackung 5 St\u00fcck<\/p>\n","protected":false},"featured_media":386313,"comment_status":"open","ping_status":"closed","template":"","meta":[],"location":[4275,4276],"product_brand":[],"product_cat":[17061,15336,15342],"product_tag":[],"class_list":{"0":"post-223852","1":"product","2":"type-product","3":"status-publish","4":"has-post-thumbnail","6":"location-aes-emmeloord","7":"location-aes-lemmer","8":"product_cat-kabel-und-kabelschuh","9":"product_cat-amp-stecker","10":"product_cat-kabelschu-blau-1-5-2-5mm","11":"product_shipping_class-paket-0-10-kg","13":"first","14":"instock","15":"sale","16":"taxable","17":"shipping-taxable","18":"purchasable","19":"product-type-simple"},"group_of_quantity":0,"min_quantity":0,"max_quantity":"","exclude_order_quantity_value_rules":"no","exclude_category_quantity_rules":"no","combine_variations":"no","locations":[{"id":4275,"name":"AES Emmeloord","slug":"aes-emmeloord","quantity":""},{"id":4276,"name":"AES Lemmer","slug":"aes-lemmer","quantity":""}],"_links":{"self":[{"href":"https:\/\/ab-marineservice.com\/de\/wp-json\/wp\/v2\/product\/223852","targetHints":{"allow":["GET"]}}],"collection":[{"href":"https:\/\/ab-marineservice.com\/de\/wp-json\/wp\/v2\/product"}],"about":[{"href":"https:\/\/ab-marineservice.com\/de\/wp-json\/wp\/v2\/types\/product"}],"replies":[{"embeddable":true,"href":"https:\/\/ab-marineservice.com\/de\/wp-json\/wp\/v2\/comments?post=223852"}],"wp:featuredmedia":[{"embeddable":true,"href":"https:\/\/ab-marineservice.com\/de\/wp-json\/wp\/v2\/media\/386313"}],"wp:attachment":[{"href":"https:\/\/ab-marineservice.com\/de\/wp-json\/wp\/v2\/media?parent=223852"}],"wp:term":[{"taxonomy":"location","embeddable":true,"href":"https:\/\/ab-marineservice.com\/de\/wp-json\/wp\/v2\/location?post=223852"},{"taxonomy":"product_brand","embeddable":true,"href":"https:\/\/ab-marineservice.com\/de\/wp-json\/wp\/v2\/product_brand?post=223852"},{"taxonomy":"product_cat","embeddable":true,"href":"https:\/\/ab-marineservice.com\/de\/wp-json\/wp\/v2\/product_cat?post=223852"},{"taxonomy":"product_tag","embeddable":true,"href":"https:\/\/ab-marineservice.com\/de\/wp-json\/wp\/v2\/product_tag?post=223852"}],"curies":[{"name":"wp","href":"https:\/\/api.w.org\/{rel}","templated":true}]}}