{"id":23674,"date":"2019-10-23T16:04:53","date_gmt":"2019-10-23T14:04:53","guid":{"rendered":"https:\/\/ab-marineservice.com\/product\/kuhlsystem-frost-temperaturtester-glycomat\/"},"modified":"2025-04-21T12:43:35","modified_gmt":"2025-04-21T10:43:35","slug":"kuhlsystem-frost-temperaturtester-glycomat-40c","status":"publish","type":"product","link":"https:\/\/ab-marineservice.com\/de\/produkt\/kuhlsystem-frost-temperaturtester-glycomat-40c\/","title":{"rendered":"K\u00fchlsystem Frost Temperaturtester Glycomat  -40\u00b0C"},"content":{"rendered":"<p><iframe loading=\"lazy\" src=\"https:\/\/www.youtube.com\/embed\/amGDMFHNkTE\" width=\"1195\" height=\"672\" frameborder=\"0\" allowfullscreen=\"allowfullscreen\"><\/iframe><\/p>\n","protected":false},"excerpt":{"rendered":"<p><strong>Produktbeschreibung:<\/strong><\/p>\n<p>W\u00e4hrend der Winterlagerung ist nicht nur das Entleeren des Au\u00dfenwasserk\u00fchlsystems wichtig, sondern auch das indirekte K\u00fchlsystem muss auf Frostschutztemperatur gepr\u00fcft werden.<\/p>\n<p><strong>Temperaturtester Frostschutzmittel K\u00fchlmittel<\/strong><br \/>\nGeeignet f\u00fcr Ethylenglykol-Gemische aus K\u00fchler- und Waschfl\u00fcssigkeit.<br \/>\nDurch Zusammendr\u00fccken des Luftbalgs wird K\u00fchlmittel aus dem K\u00fchlsystem angesaugt.<br \/>\nDer F\u00fcllstand zeigt sofort die Gradzahl an, die das Glykol aushalten kann.<\/p>\n<p>Temperaturbereich: 0 bis &#8211; 40 \u00b0C<br \/>\nGesamtl\u00e4nge: 155mm<br \/>\nPumpe mit Saugschlauch: 200 mm<\/p>\n","protected":false},"featured_media":354206,"comment_status":"open","ping_status":"closed","template":"","meta":[],"location":[3905,4275,4276],"product_brand":[],"product_cat":[1316,1320,1617],"product_tag":[],"class_list":{"0":"post-23674","1":"product","2":"type-product","3":"status-publish","4":"has-post-thumbnail","6":"location-ab-marine-service","7":"location-aes-emmeloord","8":"location-aes-lemmer","9":"product_cat-impellerpumpen","10":"product_cat-impellerpumpen-motorspezifisch","11":"product_cat-caterpillar-de-2","12":"product_shipping_class-paket-0-10-kg","14":"first","15":"instock","16":"sale","17":"taxable","18":"shipping-taxable","19":"purchasable","20":"product-type-simple"},"group_of_quantity":0,"min_quantity":0,"max_quantity":"","exclude_order_quantity_value_rules":"no","exclude_category_quantity_rules":"no","combine_variations":"no","locations":[{"id":3905,"name":"AB Marine","slug":"ab-marine-service","quantity":""},{"id":4275,"name":"AES Emmeloord","slug":"aes-emmeloord","quantity":""},{"id":4276,"name":"AES Lemmer","slug":"aes-lemmer","quantity":""}],"_links":{"self":[{"href":"https:\/\/ab-marineservice.com\/de\/wp-json\/wp\/v2\/product\/23674","targetHints":{"allow":["GET"]}}],"collection":[{"href":"https:\/\/ab-marineservice.com\/de\/wp-json\/wp\/v2\/product"}],"about":[{"href":"https:\/\/ab-marineservice.com\/de\/wp-json\/wp\/v2\/types\/product"}],"replies":[{"embeddable":true,"href":"https:\/\/ab-marineservice.com\/de\/wp-json\/wp\/v2\/comments?post=23674"}],"wp:featuredmedia":[{"embeddable":true,"href":"https:\/\/ab-marineservice.com\/de\/wp-json\/wp\/v2\/media\/354206"}],"wp:attachment":[{"href":"https:\/\/ab-marineservice.com\/de\/wp-json\/wp\/v2\/media?parent=23674"}],"wp:term":[{"taxonomy":"location","embeddable":true,"href":"https:\/\/ab-marineservice.com\/de\/wp-json\/wp\/v2\/location?post=23674"},{"taxonomy":"product_brand","embeddable":true,"href":"https:\/\/ab-marineservice.com\/de\/wp-json\/wp\/v2\/product_brand?post=23674"},{"taxonomy":"product_cat","embeddable":true,"href":"https:\/\/ab-marineservice.com\/de\/wp-json\/wp\/v2\/product_cat?post=23674"},{"taxonomy":"product_tag","embeddable":true,"href":"https:\/\/ab-marineservice.com\/de\/wp-json\/wp\/v2\/product_tag?post=23674"}],"curies":[{"name":"wp","href":"https:\/\/api.w.org\/{rel}","templated":true}]}}