{"id":241585,"date":"2023-08-10T11:02:09","date_gmt":"2023-08-10T09:02:09","guid":{"rendered":"https:\/\/ab-marineservice.com\/product\/ac-dc-induktiv-multimeter\/"},"modified":"2025-12-23T07:44:26","modified_gmt":"2025-12-23T06:44:26","slug":"ampere-zange-400v-ac-dc-400a","status":"publish","type":"product","link":"https:\/\/ab-marineservice.com\/de\/produkt\/ampere-zange-400v-ac-dc-400a\/","title":{"rendered":"Digitales Multimeter Voltmeter AC\/DC 0-600V 10A"},"content":{"rendered":"","protected":false},"excerpt":{"rendered":"<div class=\"tab-items-title\">\n<div id=\"tab-label-trustpilot.reviews\" class=\"data item title\" aria-labeledby=\"tab-label-trustpilot.reviews-title\"><span style=\"font-size: 1.618em;\">Beschreibung<\/span><\/div>\n<\/div>\n<div class=\"left-column-wrapper\">\n<div id=\"description\" class=\"data item content description\" data-id=\"#description\" data-role=\"content\">\n<div class=\"clearfix\">\n<div class=\"product attribute description\">\n<div class=\"value\">Digitales CATII Multimeter mit einem Messbereich bis 600 V, sowohl f\u00fcr Wechsel- als auch Gleichspannung. Au\u00dferdem k\u00f6nnen Sie den Strom bis zu 10 A DC messen, den Widerstand bis zu 2 M Ohm, Dioden \u00fcberpr\u00fcfen und das Multimeter verf\u00fcgt \u00fcber eine Funktion zur Identifikation eines Stromkreises mit einem akustischen Signal. Dieses Multimeter hat ein beleuchtetes LCD-Display und wird mit 2 Pr\u00fcfleitungen geliefert.<\/div>\n<\/p><\/div>\n<\/p><\/div>\n<\/p><\/div>\n<div id=\"additional\" class=\"data item content \" data-id=\"#additional\" data-role=\"content\">\n<div class=\"clearfix\">\n<h3>Spezifikationen<\/h3>\n<div class=\"additional-attributes-wrapper table-wrapper\">\n<table id=\"product-attribute-specs-table\" class=\"data table additional-attributes\">\n<caption class=\"table-caption\">Weitere Informationen<\/caption>\n<tbody>\n<tr>\n<th class=\"col label\" scope=\"row\">Artikelnummer<\/th>\n<td class=\"col data article-number\" data-th=\"Artikelnummer\">8801<\/td>\n<\/tr>\n<tr>\n<th class=\"col label\" scope=\"row\">Marke<\/th>\n<td class=\"col data\" data-th=\"Marke\">Laser<\/td>\n<\/tr>\n<tr>\n<th class=\"col label\" scope=\"row\">EAN<\/th>\n<td class=\"col data\" data-th=\"EAN\">5018341088019<\/td>\n<\/tr>\n<tr>\n<th class=\"col label\" scope=\"row\">Gewicht<\/th>\n<td class=\"col data\" data-th=\"Gewicht\">320 g<\/td>\n<\/tr>\n<tr>\n<th class=\"col label\" scope=\"row\">L x B x H<\/th>\n<td class=\"col data\" data-th=\"L x B x H\">138 x 69 x 31 mm<\/td>\n<\/tr>\n<tr>\n<th class=\"col label\" scope=\"row\">DC-Strombereich<\/th>\n<td class=\"col data\" data-th=\"DC-Strombereich\">10 A<\/td>\n<\/tr>\n<tr>\n<th class=\"col label\" scope=\"row\">Widerstandsbereich<\/th>\n<td class=\"col data\" data-th=\"Widerstandsbereich\">2 M Ohm<\/td>\n<\/tr>\n<tr>\n<th class=\"col label\" scope=\"row\">AC-Spannungsbereich<\/th>\n<td class=\"col data\" data-th=\"AC-Spannungsbereich\">0 &#8211; 600 V<\/td>\n<\/tr>\n<tr>\n<th class=\"col label\" scope=\"row\">DC-Spannungsbereich<\/th>\n<td class=\"col data\" data-th=\"DC-Spannungsbereich\">0 &#8211; 600 V<\/td>\n<\/tr>\n<tr>\n<th class=\"col label\" scope=\"row\">Isolierklasse<\/th>\n<td class=\"col data\" data-th=\"Isolierklasse\">CAT.II &#8211; 600 V<\/td>\n<\/tr>\n<\/tbody>\n<\/table><\/div>\n<\/p><\/div>\n<\/p><\/div>\n<\/div>\n","protected":false},"featured_media":417857,"comment_status":"open","ping_status":"closed","template":"","meta":[],"location":[4275,4276],"product_brand":[],"product_cat":[1436,14968],"product_tag":[],"class_list":{"0":"post-241585","1":"product","2":"type-product","3":"status-publish","4":"has-post-thumbnail","6":"location-aes-emmeloord","7":"location-aes-lemmer","8":"product_cat-wartung","9":"product_cat-werkzeuge","10":"product_shipping_class-paket-0-10-kg","12":"first","13":"instock","14":"taxable","15":"shipping-taxable","16":"purchasable","17":"product-type-simple"},"group_of_quantity":0,"min_quantity":0,"max_quantity":"","exclude_order_quantity_value_rules":"no","exclude_category_quantity_rules":"no","combine_variations":"no","locations":[{"id":4275,"name":"AES Emmeloord","slug":"aes-emmeloord","quantity":""},{"id":4276,"name":"AES Lemmer","slug":"aes-lemmer","quantity":""}],"_links":{"self":[{"href":"https:\/\/ab-marineservice.com\/de\/wp-json\/wp\/v2\/product\/241585","targetHints":{"allow":["GET"]}}],"collection":[{"href":"https:\/\/ab-marineservice.com\/de\/wp-json\/wp\/v2\/product"}],"about":[{"href":"https:\/\/ab-marineservice.com\/de\/wp-json\/wp\/v2\/types\/product"}],"replies":[{"embeddable":true,"href":"https:\/\/ab-marineservice.com\/de\/wp-json\/wp\/v2\/comments?post=241585"}],"wp:featuredmedia":[{"embeddable":true,"href":"https:\/\/ab-marineservice.com\/de\/wp-json\/wp\/v2\/media\/417857"}],"wp:attachment":[{"href":"https:\/\/ab-marineservice.com\/de\/wp-json\/wp\/v2\/media?parent=241585"}],"wp:term":[{"taxonomy":"location","embeddable":true,"href":"https:\/\/ab-marineservice.com\/de\/wp-json\/wp\/v2\/location?post=241585"},{"taxonomy":"product_brand","embeddable":true,"href":"https:\/\/ab-marineservice.com\/de\/wp-json\/wp\/v2\/product_brand?post=241585"},{"taxonomy":"product_cat","embeddable":true,"href":"https:\/\/ab-marineservice.com\/de\/wp-json\/wp\/v2\/product_cat?post=241585"},{"taxonomy":"product_tag","embeddable":true,"href":"https:\/\/ab-marineservice.com\/de\/wp-json\/wp\/v2\/product_tag?post=241585"}],"curies":[{"name":"wp","href":"https:\/\/api.w.org\/{rel}","templated":true}]}}