{"id":281966,"date":"2023-08-30T11:24:26","date_gmt":"2023-08-30T09:24:26","guid":{"rendered":"https:\/\/ab-marineservice.com\/product\/1004-650-007-antriebspl-o-3355-bbd3131ul\/"},"modified":"2026-05-05T16:15:13","modified_gmt":"2026-05-05T14:15:13","slug":"1004-650-007-antriebspl-o-3355-bbd3131ul","status":"publish","type":"product","link":"https:\/\/ab-marineservice.com\/de\/produkt\/1004-650-007-antriebspl-o-3355-bbd3131ul\/","title":{"rendered":"D\u00e4mpferplatte 335,50 mm &#8211; BBD3131UL"},"content":{"rendered":"<p>Durchmesser der D\u00e4mpferplatte: 335,50 mm<\/p>\n","protected":false},"excerpt":{"rendered":"<p>D\u00e4mpferplatte \u00d8 335,50, BBD3131UL ist f\u00fcr Antriebe konzipiert, die diese R\u00fcckplatte verwenden. Die D\u00e4mpferplatte d\u00e4mpft Torsionskr\u00e4fte in der Kupplung, wodurch Schwingungen reduziert und der Betrieb des Getriebes reibungsloser und zuverl\u00e4ssiger wird. Durch die Federwirkung bleibt der Antriebsstrang vor pl\u00f6tzlichen Lastspitzen gesch\u00fctzt, der Verschlei\u00df wird begrenzt und die Lebensdauer des Systems verl\u00e4ngert.<\/p>\n<h4>Hauptmerkmale und Vorteile:<\/h4>\n<p><strong>Durchmesser 335,50\u202fmm:<\/strong> Passt pr\u00e4zise auf den entsprechenden Antrieb.<br \/>\n<strong>Torsionsd\u00e4mpfung:<\/strong> Reduziert St\u00f6\u00dfe und Schwingungen in der Kupplung.<br \/>\n<strong>Schutz des Antriebsstrangs:<\/strong> Verhindert \u00fcberm\u00e4\u00dfigen Verschlei\u00df und erh\u00f6ht die Lebensdauer.<br \/>\n<strong>Stabiler Betrieb:<\/strong> Sorgt f\u00fcr zuverl\u00e4ssige Getriebeleistung.<\/p>\n","protected":false},"featured_media":330252,"comment_status":"open","ping_status":"closed","template":"","meta":[],"location":[],"product_brand":[],"product_cat":[2969],"product_tag":[],"class_list":{"0":"post-281966","1":"product","2":"type-product","3":"status-publish","4":"has-post-thumbnail","6":"product_cat-dampferplatten","7":"product_shipping_class-paket-0-10-kg","9":"first","10":"instock","11":"sale","12":"taxable","13":"shipping-taxable","14":"purchasable","15":"product-type-simple"},"group_of_quantity":0,"min_quantity":0,"max_quantity":"","exclude_order_quantity_value_rules":"no","exclude_category_quantity_rules":"no","combine_variations":"no","locations":[{"id":3906,"name":"Dintra","slug":"dintra","quantity":""}],"_links":{"self":[{"href":"https:\/\/ab-marineservice.com\/de\/wp-json\/wp\/v2\/product\/281966","targetHints":{"allow":["GET"]}}],"collection":[{"href":"https:\/\/ab-marineservice.com\/de\/wp-json\/wp\/v2\/product"}],"about":[{"href":"https:\/\/ab-marineservice.com\/de\/wp-json\/wp\/v2\/types\/product"}],"replies":[{"embeddable":true,"href":"https:\/\/ab-marineservice.com\/de\/wp-json\/wp\/v2\/comments?post=281966"}],"wp:featuredmedia":[{"embeddable":true,"href":"https:\/\/ab-marineservice.com\/de\/wp-json\/wp\/v2\/media\/330252"}],"wp:attachment":[{"href":"https:\/\/ab-marineservice.com\/de\/wp-json\/wp\/v2\/media?parent=281966"}],"wp:term":[{"taxonomy":"location","embeddable":true,"href":"https:\/\/ab-marineservice.com\/de\/wp-json\/wp\/v2\/location?post=281966"},{"taxonomy":"product_brand","embeddable":true,"href":"https:\/\/ab-marineservice.com\/de\/wp-json\/wp\/v2\/product_brand?post=281966"},{"taxonomy":"product_cat","embeddable":true,"href":"https:\/\/ab-marineservice.com\/de\/wp-json\/wp\/v2\/product_cat?post=281966"},{"taxonomy":"product_tag","embeddable":true,"href":"https:\/\/ab-marineservice.com\/de\/wp-json\/wp\/v2\/product_tag?post=281966"}],"curies":[{"name":"wp","href":"https:\/\/api.w.org\/{rel}","templated":true}]}}