{"id":282093,"date":"2023-08-30T11:27:12","date_gmt":"2023-08-30T09:27:12","guid":{"rendered":"https:\/\/ab-marineservice.com\/product\/xl-lube-gummilager-35x1875x140-mm-br\/"},"modified":"2026-01-31T09:01:44","modified_gmt":"2026-01-31T08:01:44","slug":"xl-lube-gummilager-35x1875x140-mm-messing","status":"publish","type":"product","link":"https:\/\/ab-marineservice.com\/de\/produkt\/xl-lube-gummilager-35x1875x140-mm-messing\/","title":{"rendered":"Michigan Aqualube Gummilager Messing 35&#215;1,875&#8243;x140mm"},"content":{"rendered":"<p><strong>Technische Daten:<\/strong><br \/>\nWellen Durchmesser: 35.00 mm<br \/>\nAu\u00dfendurchmesser: 1,875&#8243;<br \/>\nProduktl\u00e4nge: 140.00 mm<\/p>\n","protected":false},"excerpt":{"rendered":"<p>Michigan Aqualube Messing-Gummilager, Abmessungen 35&#215;1,875&#8243;x140mm. Robustes Design f\u00fcr maritime Anwendungen, bietet zuverl\u00e4ssige D\u00e4mpfung und Schutz f\u00fcr Antriebssysteme.<\/p>\n","protected":false},"featured_media":284410,"comment_status":"open","ping_status":"closed","template":"","meta":[],"location":[6695],"product_brand":[],"product_cat":[5618],"product_tag":[],"class_list":{"0":"post-282093","1":"product","2":"type-product","3":"status-publish","4":"has-post-thumbnail","6":"location-exalto","7":"product_cat-xl-lube-gummilager","8":"product_shipping_class-paket-0-10-kg","10":"first","11":"onbackorder","12":"taxable","13":"shipping-taxable","14":"purchasable","15":"product-type-simple"},"group_of_quantity":0,"min_quantity":0,"max_quantity":"","exclude_order_quantity_value_rules":"no","exclude_category_quantity_rules":"no","combine_variations":"no","locations":[{"id":6695,"name":"Exalto","slug":"exalto","quantity":""}],"_links":{"self":[{"href":"https:\/\/ab-marineservice.com\/de\/wp-json\/wp\/v2\/product\/282093","targetHints":{"allow":["GET"]}}],"collection":[{"href":"https:\/\/ab-marineservice.com\/de\/wp-json\/wp\/v2\/product"}],"about":[{"href":"https:\/\/ab-marineservice.com\/de\/wp-json\/wp\/v2\/types\/product"}],"replies":[{"embeddable":true,"href":"https:\/\/ab-marineservice.com\/de\/wp-json\/wp\/v2\/comments?post=282093"}],"wp:featuredmedia":[{"embeddable":true,"href":"https:\/\/ab-marineservice.com\/de\/wp-json\/wp\/v2\/media\/284410"}],"wp:attachment":[{"href":"https:\/\/ab-marineservice.com\/de\/wp-json\/wp\/v2\/media?parent=282093"}],"wp:term":[{"taxonomy":"location","embeddable":true,"href":"https:\/\/ab-marineservice.com\/de\/wp-json\/wp\/v2\/location?post=282093"},{"taxonomy":"product_brand","embeddable":true,"href":"https:\/\/ab-marineservice.com\/de\/wp-json\/wp\/v2\/product_brand?post=282093"},{"taxonomy":"product_cat","embeddable":true,"href":"https:\/\/ab-marineservice.com\/de\/wp-json\/wp\/v2\/product_cat?post=282093"},{"taxonomy":"product_tag","embeddable":true,"href":"https:\/\/ab-marineservice.com\/de\/wp-json\/wp\/v2\/product_tag?post=282093"}],"curies":[{"name":"wp","href":"https:\/\/api.w.org\/{rel}","templated":true}]}}