{"id":285687,"date":"2023-06-21T10:35:47","date_gmt":"2023-06-21T08:35:47","guid":{"rendered":"https:\/\/ab-marineservice.com\/product\/impellerpumpe-iveco-aifa-8065-m12-st164\/"},"modified":"2025-05-25T17:41:58","modified_gmt":"2025-05-25T15:41:58","slug":"impellerpumpe-iveco-aifa-8065-m12-st164","status":"publish","type":"product","link":"https:\/\/ab-marineservice.com\/de\/produkt\/impellerpumpe-iveco-aifa-8065-m12-st164\/","title":{"rendered":"Impellerpumpe Iveco Aifa 8065 M12 ST164"},"content":{"rendered":"<p>Impellerpumpe Iveco Aifa 8065 M12 K\u00fchlwasserpumpe.<br \/>\nDie ideale K\u00fchlwasserpumpe als Ersatz f\u00fcr Impellerpumpe Iveco Aifa 8065 M12<\/p>\n<p>Passende Impeller: <a href=\"https:\/\/ab-marineservice.com\/de\/produkt\/impeller-seasall-s220-s250-yanmar-128620-42200\/\">7526-01<\/a><\/p>\n","protected":false},"excerpt":{"rendered":"<p><strong>Die Pumpe wird inklusive Laufrad geliefert.<\/strong><\/p>\n<p>Impellerpumpe Iveco Aifa 8065 M12 K\u00fchlwasserpumpe. Die ideale K\u00fchlwasserpumpe als Ersatz f\u00fcr diese Iveco Schiffsmotoren.<\/p>\n<p>Diese K\u00fchlwasserpumpe f\u00fcr die Iveco- und Perkins-Schiffsmotoren ist ideal f\u00fcr den Ersatz der originalen Johnson-, Jabsco-, JMP- oder Sherwood-Impellerpumpe.<br \/>\nDie hochwertige und h\u00e4ufig verbesserte Version des Originals bietet eine zuverl\u00e4ssige L\u00f6sung f\u00fcr den Austausch Ihrer Bootspumpe.<br \/>\nAlle Teile wie der Impeller und die innere Verschlei\u00dfteile sind die gleichen wie die Originalversion f\u00fcr Wartung oder \u00dcberholung, sodass Sie immer noch \u00fcberall hingehen k\u00f6nnen.<\/p>\n<p>Bei Fragen zu diesem Produkt, dieser Teile oder dem Typ oder der Anwendung, nehmen Sie <a href=\"https:\/\/ab-marineservice.com\/de\/kontakt\/\">Kontakt<\/a> auf.<\/p>\n","protected":false},"featured_media":338925,"comment_status":"open","ping_status":"closed","template":"","meta":[],"location":[],"product_brand":[],"product_cat":[1316,1320,2343],"product_tag":[],"class_list":{"0":"post-285687","1":"product","2":"type-product","3":"status-publish","4":"has-post-thumbnail","6":"product_cat-impellerpumpen","7":"product_cat-impellerpumpen-motorspezifisch","8":"product_cat-iveco-de-4","9":"product_shipping_class-paket-0-10-kg","11":"first","12":"outofstock","13":"sale","14":"taxable","15":"shipping-taxable","16":"purchasable","17":"product-type-simple"},"group_of_quantity":0,"min_quantity":0,"max_quantity":"","exclude_order_quantity_value_rules":"no","exclude_category_quantity_rules":"no","combine_variations":"no","locations":[],"_links":{"self":[{"href":"https:\/\/ab-marineservice.com\/de\/wp-json\/wp\/v2\/product\/285687","targetHints":{"allow":["GET"]}}],"collection":[{"href":"https:\/\/ab-marineservice.com\/de\/wp-json\/wp\/v2\/product"}],"about":[{"href":"https:\/\/ab-marineservice.com\/de\/wp-json\/wp\/v2\/types\/product"}],"replies":[{"embeddable":true,"href":"https:\/\/ab-marineservice.com\/de\/wp-json\/wp\/v2\/comments?post=285687"}],"wp:featuredmedia":[{"embeddable":true,"href":"https:\/\/ab-marineservice.com\/de\/wp-json\/wp\/v2\/media\/338925"}],"wp:attachment":[{"href":"https:\/\/ab-marineservice.com\/de\/wp-json\/wp\/v2\/media?parent=285687"}],"wp:term":[{"taxonomy":"location","embeddable":true,"href":"https:\/\/ab-marineservice.com\/de\/wp-json\/wp\/v2\/location?post=285687"},{"taxonomy":"product_brand","embeddable":true,"href":"https:\/\/ab-marineservice.com\/de\/wp-json\/wp\/v2\/product_brand?post=285687"},{"taxonomy":"product_cat","embeddable":true,"href":"https:\/\/ab-marineservice.com\/de\/wp-json\/wp\/v2\/product_cat?post=285687"},{"taxonomy":"product_tag","embeddable":true,"href":"https:\/\/ab-marineservice.com\/de\/wp-json\/wp\/v2\/product_tag?post=285687"}],"curies":[{"name":"wp","href":"https:\/\/api.w.org\/{rel}","templated":true}]}}