{"id":286567,"date":"2026-01-14T17:55:01","date_gmt":"2026-01-14T16:55:01","guid":{"rendered":"https:\/\/ab-marineservice.com\/?post_type=product&#038;p=286567"},"modified":"2026-04-29T17:58:55","modified_gmt":"2026-04-29T15:58:55","slug":"ruggerini-mm150-schiffsmotor-15ps-mit-wendegetriebe","status":"publish","type":"product","link":"https:\/\/ab-marineservice.com\/de\/produkt\/ruggerini-mm150-schiffsmotor-15ps-mit-wendegetriebe\/","title":{"rendered":"Ruggerini MM150 Schiffsmotor 15PS mit Wendegetriebe"},"content":{"rendered":"<p><iframe loading=\"lazy\" title=\"Ruggerini MM150 scheepsmotor 15Pk met keerkoppeling\" src=\"https:\/\/www.youtube.com\/embed\/XhZ1sdbgDKU\" width=\"478\" height=\"849\" frameborder=\"0\" allowfullscreen=\"allowfullscreen\"><\/iframe><\/p>\n","protected":false},"excerpt":{"rendered":"<p><strong>Suchen Sie einen zuverl\u00e4ssigen Schiffsmotor?<\/strong><br \/>\nUnsere Motoren werden standardm\u00e4\u00dfig gr\u00fcndlich getestet und \u00fcberpr\u00fcft, um eine langfristige Funktion nach dem Einbau zu gew\u00e4hrleisten.<br \/>\nAuf unserer Checkout-Seite k\u00f6nnen Sie sicher mit allen g\u00e4ngigen Zahlungsmethoden bezahlen \u2013 so ist ein problemloser Kauf garantiert!<br \/>\nStandardversand innerhalb Europas und weit dar\u00fcber hinaus.<\/p>\n<p>Ein Video des laufenden Motors finden Sie unten auf der Seite.<br \/>\nAu\u00dferdem bieten wir 3 Monate Garantie und 14 Tage Widerrufsrecht.<br \/>\nBei Fragen k\u00f6nnen Sie uns gerne kontaktieren.<\/p>\n<p><strong>Motor<\/strong><br \/>\nMotor Marke: Ruggerini<br \/>\nMotortyp: MM150<br \/>\nBaujahr: &#8211;<br \/>\nLeistung: 14 PS<br \/>\nDrehzahl: 3000 rpm<br \/>\nZylinderanzahl: 2<br \/>\nKraftstoff: Diesel<\/p>\n<p><strong>Armaturenbrett<\/strong><br \/>\nArmaturenbrett: Nein<br \/>\nZwischenkabel: Nein<\/p>\n<p><strong>K\u00fchlsystemtyp:<\/strong><br \/>\nW\u00e4rmetauscher<\/p>\n<p><strong>Getriebe:<\/strong><br \/>\n\u00dcbersetzung: 2.05<br \/>\nTyp: Hurth HBW50-2R<\/p>\n<p><strong>Abmessungen:<\/strong><br \/>\nA = 690mm<br \/>\nB = 420mm<br \/>\nC = 495mm<br \/>\nD = 130mm<br \/>\nE = 360mm<br \/>\nF = 355mm<\/p>\n<p>Bedienungsanleitung (Link): <a href=\"https:\/\/ab-marineservice.com\/wp-content\/uploads\/2023\/10\/MO_MM_150_191_301_351_EN_DE_FR.pdf\">Ruggerini MM150 MM190 MM301 MM351<\/a><\/p>\n<p>Wir liefern in ganz Europa. Mit 14 Tagen Widerrufsrecht und 3 Monaten Garantie auf den internen Motor.<\/p>\n<p><strong>Bleiben Sie w\u00f6chentlich \u00fcber unsere neuesten Angebote informiert, <a href=\"https:\/\/ab-marineservice.com\/de\/angebot-gebrauchte-schiffsmotoren\/\">melden Sie sich hier an<\/a>!<\/strong><\/p>\n<p>Zus\u00e4tzlich gelten die folgenden Bedingungen f\u00fcr den Kaufvertrag von Gebrauchtartikeln: <a href=\"https:\/\/ab-marineservice.com\/de\/kontakt\/allgemeine-bedingungen\/\">Link<\/a><\/p>\n<p>Wir liefern in ganz Europa.<\/p>\n","protected":false},"featured_media":385402,"comment_status":"open","ping_status":"closed","template":"","meta":[],"location":[],"product_brand":[],"product_cat":[10450],"product_tag":[],"class_list":{"0":"post-286567","1":"product","2":"type-product","3":"status-publish","4":"has-post-thumbnail","6":"product_cat-verkaufte-motoren","7":"product_shipping_class-palettenversand","9":"first","10":"outofstock","11":"shipping-taxable","12":"product-type-simple"},"group_of_quantity":0,"min_quantity":0,"max_quantity":"","exclude_order_quantity_value_rules":"no","exclude_category_quantity_rules":"no","combine_variations":"no","locations":[{"id":15418,"name":"AB Motoren","slug":"ab-motoren","quantity":""}],"_links":{"self":[{"href":"https:\/\/ab-marineservice.com\/de\/wp-json\/wp\/v2\/product\/286567","targetHints":{"allow":["GET"]}}],"collection":[{"href":"https:\/\/ab-marineservice.com\/de\/wp-json\/wp\/v2\/product"}],"about":[{"href":"https:\/\/ab-marineservice.com\/de\/wp-json\/wp\/v2\/types\/product"}],"replies":[{"embeddable":true,"href":"https:\/\/ab-marineservice.com\/de\/wp-json\/wp\/v2\/comments?post=286567"}],"wp:featuredmedia":[{"embeddable":true,"href":"https:\/\/ab-marineservice.com\/de\/wp-json\/wp\/v2\/media\/385402"}],"wp:attachment":[{"href":"https:\/\/ab-marineservice.com\/de\/wp-json\/wp\/v2\/media?parent=286567"}],"wp:term":[{"taxonomy":"location","embeddable":true,"href":"https:\/\/ab-marineservice.com\/de\/wp-json\/wp\/v2\/location?post=286567"},{"taxonomy":"product_brand","embeddable":true,"href":"https:\/\/ab-marineservice.com\/de\/wp-json\/wp\/v2\/product_brand?post=286567"},{"taxonomy":"product_cat","embeddable":true,"href":"https:\/\/ab-marineservice.com\/de\/wp-json\/wp\/v2\/product_cat?post=286567"},{"taxonomy":"product_tag","embeddable":true,"href":"https:\/\/ab-marineservice.com\/de\/wp-json\/wp\/v2\/product_tag?post=286567"}],"curies":[{"name":"wp","href":"https:\/\/api.w.org\/{rel}","templated":true}]}}