{"id":302200,"date":"2024-02-28T20:40:43","date_gmt":"2024-02-28T19:40:43","guid":{"rendered":"https:\/\/ab-marineservice.com\/?post_type=product&#038;p=302200"},"modified":"2026-01-22T14:33:58","modified_gmt":"2026-01-22T13:33:58","slug":"volvo-penta-d1-30f-schiffsmotor-nur-motor","status":"publish","type":"product","link":"https:\/\/ab-marineservice.com\/de\/produkt\/volvo-penta-d1-30f-schiffsmotor-nur-motor\/","title":{"rendered":"Volvo Penta D1-30F Schiffsmotor (nur Motor)"},"content":{"rendered":"<p><iframe loading=\"lazy\" title=\"Volvo Penta D1-30\" src=\"https:\/\/www.youtube.com\/embed\/PoOMbF3Ntyw\" width=\"1250\" height=\"703\" frameborder=\"0\" allowfullscreen=\"allowfullscreen\"><\/iframe><\/p>\n","protected":false},"excerpt":{"rendered":"<p>Sie suchen einen zuverl\u00e4ssigen Schiffsmotor?<br \/>\nUnsere Motoren werden standardm\u00e4\u00dfig ausgiebig getestet und nachgepr\u00fcft, um einen langfristigen Betrieb nach dem Einbau zu gew\u00e4hrleisten.<br \/>\nAuf unserer Kasse-Seite k\u00f6nnen Sie mit allen sicheren Zahlungsmitteln bezahlen. So k\u00f6nnen Sie sicher sein, dass Sie einen reibungslosen Einkauf haben!<br \/>\nStandardversand innerhalb und au\u00dferhalb Europas. <\/p>\n<p>Ein Video des laufenden Motors finden Sie unten auf der Seite.<br \/>\nWir geben zus\u00e4tzlich 3 Monate Garantie und 14 Tage Bedenkzeit.<br \/>\nBei Fragen k\u00f6nnen Sie uns gerne kontaktieren.<\/p>\n<p>Volvo Penta D1-30F  Innenbordmotor.<\/p>\n<p>Leichtg\u00e4ngiger Motor. Intern gepr\u00fcft.<\/p>\n<p>Stundenzahl: 2516<\/p>\n<p>* kein Armaturenbrett<\/p>\n<p><a href=\"https:\/\/ab-marineservice.com\/wp-content\/uploads\/2022\/04\/english_D1-30.pdf\">Datenblatt  D1-30<\/a><\/p>\n<p><a href=\"https:\/\/ab-marineservice.com\/wp-content\/uploads\/2021\/03\/D1-13-D1-20-D1-30-D2-40.pdf\">Werkstatthandbuch D1-13, D1-20, D1-30, D2-40<\/a><\/p>\n<p>Wir versenden europaweit.<\/p>\n<p>Mit einer 14-t\u00e4gigen Bedenkzeit und einer 3-monatigen Garantie auf den internen Motor.<\/p>\n<p><strong>Bleiben Sie jede Woche \u00fcber unsere neuesten Angebote auf dem Laufenden, <a href=\"https:\/\/ab-marineservice.com\/de\/angebot-gebrauchte-schiffsmotoren\/\">melden Sie sich bitte hier an<\/a>!<\/strong><\/p>\n","protected":false},"featured_media":302204,"comment_status":"open","ping_status":"closed","template":"","meta":[],"location":[15418],"product_brand":[],"product_cat":[10450],"product_tag":[],"class_list":{"0":"post-302200","1":"product","2":"type-product","3":"status-publish","4":"has-post-thumbnail","6":"location-ab-motoren","7":"product_cat-verkaufte-motoren","8":"product_shipping_class-palettenversand","10":"first","11":"outofstock","12":"shipping-taxable","13":"purchasable","14":"product-type-simple"},"group_of_quantity":0,"min_quantity":0,"max_quantity":"","exclude_order_quantity_value_rules":"no","exclude_category_quantity_rules":"no","combine_variations":"no","locations":[{"id":15418,"name":"AB Motoren","slug":"ab-motoren","quantity":""}],"_links":{"self":[{"href":"https:\/\/ab-marineservice.com\/de\/wp-json\/wp\/v2\/product\/302200","targetHints":{"allow":["GET"]}}],"collection":[{"href":"https:\/\/ab-marineservice.com\/de\/wp-json\/wp\/v2\/product"}],"about":[{"href":"https:\/\/ab-marineservice.com\/de\/wp-json\/wp\/v2\/types\/product"}],"replies":[{"embeddable":true,"href":"https:\/\/ab-marineservice.com\/de\/wp-json\/wp\/v2\/comments?post=302200"}],"wp:featuredmedia":[{"embeddable":true,"href":"https:\/\/ab-marineservice.com\/de\/wp-json\/wp\/v2\/media\/302204"}],"wp:attachment":[{"href":"https:\/\/ab-marineservice.com\/de\/wp-json\/wp\/v2\/media?parent=302200"}],"wp:term":[{"taxonomy":"location","embeddable":true,"href":"https:\/\/ab-marineservice.com\/de\/wp-json\/wp\/v2\/location?post=302200"},{"taxonomy":"product_brand","embeddable":true,"href":"https:\/\/ab-marineservice.com\/de\/wp-json\/wp\/v2\/product_brand?post=302200"},{"taxonomy":"product_cat","embeddable":true,"href":"https:\/\/ab-marineservice.com\/de\/wp-json\/wp\/v2\/product_cat?post=302200"},{"taxonomy":"product_tag","embeddable":true,"href":"https:\/\/ab-marineservice.com\/de\/wp-json\/wp\/v2\/product_tag?post=302200"}],"curies":[{"name":"wp","href":"https:\/\/api.w.org\/{rel}","templated":true}]}}