{"id":31400,"date":"2020-03-24T17:55:44","date_gmt":"2020-03-24T16:55:44","guid":{"rendered":"https:\/\/ab-marineservice.com\/product\/zinkanode-1-4-15-mm\/"},"modified":"2026-02-05T17:13:14","modified_gmt":"2026-02-05T16:13:14","slug":"zink-anode-1-4-bsp-15mm-martec-950-7300","status":"publish","type":"product","link":"https:\/\/ab-marineservice.com\/de\/produkt\/zink-anode-1-4-bsp-15mm-martec-950-7300\/","title":{"rendered":"Zink Anode 1\/4 (bsp) 15mm Martec 950-7300"},"content":{"rendered":"<p>Zinkanode 1\/4&#8243; &#8211; 15 mm<br \/>\nDiese Zinkanode kann auch f\u00fcr seewassergek\u00fchlte K\u00fchl- und Gefrierger\u00e4te von Isotherm wie z. B. das Magnum-K\u00fchlger\u00e4t -95 TP39544 verwendet werden.<\/p>\n<p><strong>Achtung:<\/strong>Diese Stiftanode ist die 15mm-Version.<br \/>\nKlicken Sie auf den Link f\u00fcr die <a href=\"https:\/\/ab-marineservice.com\/de\/produkt\/zinkanode-1-4-40-00-mm\/\">40 mm Stiftanode<\/a><\/p>\n<p>Ersatznummern:<br \/>\nIsotherm SBE00008AA<\/p>\n<p>K\u00fchlsystem:<br \/>\nPerkins: M60<br \/>\nVolvo Penta: MD22<\/p>\n<p>F\u00fcr Bemerkungen oder Fragen k\u00f6nnen Sie jederzeit <a href=\"https:\/\/ab-marineservice.com\/de\/kontakt\/\">Kontakt<\/a> mit uns aufnehmen.<\/p>\n","protected":false},"excerpt":{"rendered":"<p>Zinkanode f\u00fcr K\u00fchlsysteme.<\/p>\n<p>Gewindegr\u00f6\u00dfe: 1\/4<br \/>\nL\u00e4nge Anode: 15.00 mm<\/p>\n","protected":false},"featured_media":31303,"comment_status":"open","ping_status":"closed","template":"","meta":[],"location":[3905,4152],"product_brand":[25911],"product_cat":[1310,3222,6011,5959],"product_tag":[],"class_list":{"0":"post-31400","1":"product","2":"type-product","3":"status-publish","4":"has-post-thumbnail","6":"location-ab-marine-service","7":"location-tecnoseal","8":"product_brand-tecnoseal","9":"product_cat-kuhlungsteile","10":"product_cat-anoden","11":"product_cat-waermetauscher-bleistiftanoden","12":"product_cat-sonstige-bleistiftanoden","13":"product_shipping_class-paket-0-10-kg","15":"first","16":"instock","17":"sale","18":"taxable","19":"shipping-taxable","20":"purchasable","21":"product-type-simple"},"group_of_quantity":0,"min_quantity":0,"max_quantity":"","exclude_order_quantity_value_rules":"no","exclude_category_quantity_rules":"no","combine_variations":"no","locations":[{"id":3905,"name":"AB Marine","slug":"ab-marine-service","quantity":""},{"id":4152,"name":"Tecnoseal","slug":"tecnoseal","quantity":""}],"_links":{"self":[{"href":"https:\/\/ab-marineservice.com\/de\/wp-json\/wp\/v2\/product\/31400","targetHints":{"allow":["GET"]}}],"collection":[{"href":"https:\/\/ab-marineservice.com\/de\/wp-json\/wp\/v2\/product"}],"about":[{"href":"https:\/\/ab-marineservice.com\/de\/wp-json\/wp\/v2\/types\/product"}],"replies":[{"embeddable":true,"href":"https:\/\/ab-marineservice.com\/de\/wp-json\/wp\/v2\/comments?post=31400"}],"wp:featuredmedia":[{"embeddable":true,"href":"https:\/\/ab-marineservice.com\/de\/wp-json\/wp\/v2\/media\/31303"}],"wp:attachment":[{"href":"https:\/\/ab-marineservice.com\/de\/wp-json\/wp\/v2\/media?parent=31400"}],"wp:term":[{"taxonomy":"location","embeddable":true,"href":"https:\/\/ab-marineservice.com\/de\/wp-json\/wp\/v2\/location?post=31400"},{"taxonomy":"product_brand","embeddable":true,"href":"https:\/\/ab-marineservice.com\/de\/wp-json\/wp\/v2\/product_brand?post=31400"},{"taxonomy":"product_cat","embeddable":true,"href":"https:\/\/ab-marineservice.com\/de\/wp-json\/wp\/v2\/product_cat?post=31400"},{"taxonomy":"product_tag","embeddable":true,"href":"https:\/\/ab-marineservice.com\/de\/wp-json\/wp\/v2\/product_tag?post=31400"}],"curies":[{"name":"wp","href":"https:\/\/api.w.org\/{rel}","templated":true}]}}