{"id":314639,"date":"2026-01-14T17:55:01","date_gmt":"2026-01-14T16:55:01","guid":{"rendered":"https:\/\/ab-marineservice.com\/?post_type=product&#038;p=314639"},"modified":"2025-10-17T17:38:59","modified_gmt":"2025-10-17T15:38:59","slug":"bukh-dv20-20ps-schiffsmotor-mit-wendegetriebe","status":"publish","type":"product","link":"https:\/\/ab-marineservice.com\/de\/produkt\/bukh-dv20-20ps-schiffsmotor-mit-wendegetriebe\/","title":{"rendered":"Bukh DV20 20ps Schiffsmotor mit Wendegetriebe"},"content":{"rendered":"<p><iframe loading=\"lazy\" title=\"Bukh DV10 scheepsmotor met keerkoppeling\" src=\"https:\/\/www.youtube.com\/embed\/TmVufTkY89E\" width=\"1250\" height=\"703\" frameborder=\"0\" allowfullscreen=\"allowfullscreen\"><\/iframe><\/p>\n","protected":false},"excerpt":{"rendered":"<p>Sie suchen einen zuverl\u00e4ssigen Schiffsmotor?<br \/>\nUnsere Motoren werden standardm\u00e4\u00dfig ausgiebig getestet und nachgepr\u00fcft, um einen langfristigen Betrieb nach dem Einbau zu gew\u00e4hrleisten.<br \/>\nAuf unserer Kasse-Seite k\u00f6nnen Sie mit allen sicheren Zahlungsmitteln bezahlen. So k\u00f6nnen Sie sicher sein, dass Sie einen reibungslosen Einkauf haben!<br \/>\nStandardversand innerhalb und au\u00dferhalb Europas.<\/p>\n<p>Ein Video des laufenden Motors finden Sie unten auf der Seite.<br \/>\nMit 14 Tagen Widerrufsrecht und 12 Monaten Garantie auf die Motorteile.<br \/>\nBei Fragen k\u00f6nnen Sie uns gerne kontaktieren.<\/p>\n<p><strong>Motor<\/strong><br \/>\nMarke Motor: Bukh<br \/>\nType Motor: DV20<br \/>\nBaujahr:<br \/>\nLeistung: 20 Ps<br \/>\nDrehzahl: 3000 rpm<br \/>\nZylinderzahl: 2<br \/>\nKraftstoff: Diesel<\/p>\n<p><strong>Armaturenbrett<\/strong><br \/>\nArmaturenbrett: Ja<br \/>\nZwischenkabel: Nein<\/p>\n<p><strong>Typ K\u00fchlsystem:<\/strong><br \/>\nAu\u00dfenwasserk\u00fchlung<\/p>\n<p><strong>Wendegetriebe:<\/strong><br \/>\nVerh\u00e4ltnis: 2.5<br \/>\nTyp: ZF BW-6<\/p>\n<p><strong>Abmessungen:<\/strong><br \/>\nA = 820mm<br \/>\nB = 440mm<br \/>\nC = 670mm<br \/>\nD = 114mm<br \/>\nE = 400mm<br \/>\nF = 435mm<\/p>\n<p>Handleitung DV10 BUKH <a href=\"https:\/\/ab-marineservice.com\/wp-content\/uploads\/2021\/03\/Bukh-DV10-DV20.pdf\">Bukh DV10, DV20 Werkstatt-Handbuch<\/a><\/p>\n<p>Wir versenden europaweit!<\/p>\n<p>Mit 14 Tagen Widerrufsrecht und 12 Monaten Garantie auf die Motorteile.<\/p>\n<p><strong> Bleiben Sie jede Woche \u00fcber unsere neuesten Angebote auf dem Laufenden, <a href=\"https:\/\/ab-marineservice.com\/de\/angebot-gebrauchte-schiffsmotoren\/\"> melden Sie sich hier bitte an <\/a>!<\/strong><\/p>\n","protected":false},"featured_media":398822,"comment_status":"open","ping_status":"closed","template":"","meta":[],"location":[],"product_brand":[],"product_cat":[10450],"product_tag":[],"class_list":{"0":"post-314639","1":"product","2":"type-product","3":"status-publish","4":"has-post-thumbnail","6":"product_cat-verkaufte-motoren","7":"product_shipping_class-palettenversand","9":"first","10":"outofstock","11":"shipping-taxable","12":"purchasable","13":"product-type-simple"},"group_of_quantity":0,"min_quantity":0,"max_quantity":"","exclude_order_quantity_value_rules":"no","exclude_category_quantity_rules":"no","combine_variations":"no","locations":[{"id":15418,"name":"AB Motoren","slug":"ab-motoren","quantity":""}],"_links":{"self":[{"href":"https:\/\/ab-marineservice.com\/de\/wp-json\/wp\/v2\/product\/314639","targetHints":{"allow":["GET"]}}],"collection":[{"href":"https:\/\/ab-marineservice.com\/de\/wp-json\/wp\/v2\/product"}],"about":[{"href":"https:\/\/ab-marineservice.com\/de\/wp-json\/wp\/v2\/types\/product"}],"replies":[{"embeddable":true,"href":"https:\/\/ab-marineservice.com\/de\/wp-json\/wp\/v2\/comments?post=314639"}],"wp:featuredmedia":[{"embeddable":true,"href":"https:\/\/ab-marineservice.com\/de\/wp-json\/wp\/v2\/media\/398822"}],"wp:attachment":[{"href":"https:\/\/ab-marineservice.com\/de\/wp-json\/wp\/v2\/media?parent=314639"}],"wp:term":[{"taxonomy":"location","embeddable":true,"href":"https:\/\/ab-marineservice.com\/de\/wp-json\/wp\/v2\/location?post=314639"},{"taxonomy":"product_brand","embeddable":true,"href":"https:\/\/ab-marineservice.com\/de\/wp-json\/wp\/v2\/product_brand?post=314639"},{"taxonomy":"product_cat","embeddable":true,"href":"https:\/\/ab-marineservice.com\/de\/wp-json\/wp\/v2\/product_cat?post=314639"},{"taxonomy":"product_tag","embeddable":true,"href":"https:\/\/ab-marineservice.com\/de\/wp-json\/wp\/v2\/product_tag?post=314639"}],"curies":[{"name":"wp","href":"https:\/\/api.w.org\/{rel}","templated":true}]}}