{"id":317613,"date":"2024-06-04T11:19:04","date_gmt":"2024-06-04T09:19:05","guid":{"rendered":"https:\/\/ab-marineservice.com\/?post_type=product&#038;p=317613"},"modified":"2025-08-19T14:11:00","modified_gmt":"2025-08-19T12:11:00","slug":"getriebe-zf45-251-hydraulisch","status":"publish","type":"product","link":"https:\/\/ab-marineservice.com\/de\/produkt\/getriebe-zf45-251-hydraulisch\/","title":{"rendered":"Getriebe ZF45 2,5:1 hydraulisch"},"content":{"rendered":"","protected":false},"excerpt":{"rendered":"<p>Hydraulisches Getriebe ZF45 2.5:1 *Achtung: wird ohne \u00d6lk\u00fchler geliefert Lieferung in ganz Europa! <strong>Bleiben Sie w\u00f6chentlich \u00fcber unsere neuesten Angebote informiert, <a href=\"https:\/\/ab-marineservice.com\/de\/angebot-gebrauchte-schiffsmotoren\/\">melden Sie sich hier an<\/a>!<\/strong><\/p>\n<p>Wir liefern in ganz Europa. Mit 14 Tagen Widerrufsrecht und 3 Monaten Garantie.<\/p>\n","protected":false},"featured_media":317632,"comment_status":"open","ping_status":"closed","template":"","meta":[],"location":[15418],"product_brand":[],"product_cat":[20838],"product_tag":[],"class_list":{"0":"post-317613","1":"product","2":"type-product","3":"status-publish","4":"has-post-thumbnail","6":"location-ab-motoren","7":"product_cat-gebrauchte-getriebe","8":"product_shipping_class-palettenversand","10":"first","11":"instock","12":"shipping-taxable","13":"purchasable","14":"product-type-simple"},"group_of_quantity":0,"min_quantity":0,"max_quantity":"","exclude_order_quantity_value_rules":"no","exclude_category_quantity_rules":"no","combine_variations":"no","locations":[{"id":15418,"name":"AB Motoren","slug":"ab-motoren","quantity":""}],"_links":{"self":[{"href":"https:\/\/ab-marineservice.com\/de\/wp-json\/wp\/v2\/product\/317613","targetHints":{"allow":["GET"]}}],"collection":[{"href":"https:\/\/ab-marineservice.com\/de\/wp-json\/wp\/v2\/product"}],"about":[{"href":"https:\/\/ab-marineservice.com\/de\/wp-json\/wp\/v2\/types\/product"}],"replies":[{"embeddable":true,"href":"https:\/\/ab-marineservice.com\/de\/wp-json\/wp\/v2\/comments?post=317613"}],"wp:featuredmedia":[{"embeddable":true,"href":"https:\/\/ab-marineservice.com\/de\/wp-json\/wp\/v2\/media\/317632"}],"wp:attachment":[{"href":"https:\/\/ab-marineservice.com\/de\/wp-json\/wp\/v2\/media?parent=317613"}],"wp:term":[{"taxonomy":"location","embeddable":true,"href":"https:\/\/ab-marineservice.com\/de\/wp-json\/wp\/v2\/location?post=317613"},{"taxonomy":"product_brand","embeddable":true,"href":"https:\/\/ab-marineservice.com\/de\/wp-json\/wp\/v2\/product_brand?post=317613"},{"taxonomy":"product_cat","embeddable":true,"href":"https:\/\/ab-marineservice.com\/de\/wp-json\/wp\/v2\/product_cat?post=317613"},{"taxonomy":"product_tag","embeddable":true,"href":"https:\/\/ab-marineservice.com\/de\/wp-json\/wp\/v2\/product_tag?post=317613"}],"curies":[{"name":"wp","href":"https:\/\/api.w.org\/{rel}","templated":true}]}}