{"id":323234,"date":"2024-07-30T09:11:48","date_gmt":"2024-07-30T07:11:50","guid":{"rendered":"https:\/\/ab-marineservice.com\/?post_type=product&#038;p=323234"},"modified":"2024-07-30T09:25:39","modified_gmt":"2024-07-30T07:25:39","slug":"separ-alarmtyp-gl-klasse-zeitplan","status":"publish","type":"product","link":"https:\/\/ab-marineservice.com\/de\/produkt\/separ-alarmtyp-gl-klasse-zeitplan\/","title":{"rendered":"Separ Alarmtyp GL, Klasse + Zeitplan"},"content":{"rendered":"","protected":false},"excerpt":{"rendered":"<p>ALARM-GL<\/p>\n<p>L\u00e4nge 150 mm (einschlie\u00dflich T\u00fclle 175 mm)<br \/>\nBreite 82 mm<br \/>\nH\u00f6he 50 mm<\/p>\n<p>Downloads:<br \/>\n<a href=\"http:\/\/connection scheme Alarming type GL.pdf\" rel=\"noopener\" target=\"_blank\">https:\/\/static.filterwebshop.nl\/files\/aansluitschema%20Alarmering%20type%20GL.pdf< \/a><\/p>\n","protected":false},"featured_media":323245,"comment_status":"open","ping_status":"closed","template":"","meta":[],"location":[15439],"product_brand":[],"product_cat":[1369,1373,1973,9786],"product_tag":[],"class_list":{"0":"post-323234","1":"product","2":"type-product","3":"status-publish","4":"has-post-thumbnail","6":"location-snijder","7":"product_cat-kraftstofffilter","8":"product_cat-dieselfilter-separ","9":"product_cat-separ-filterteile","10":"product_cat-andere-komponenten","11":"product_shipping_class-paket-0-10-kg","13":"first","14":"onbackorder","15":"taxable","16":"shipping-taxable","17":"purchasable","18":"product-type-simple"},"group_of_quantity":0,"min_quantity":0,"max_quantity":"","exclude_order_quantity_value_rules":"no","exclude_category_quantity_rules":"no","combine_variations":"no","locations":[{"id":15439,"name":"Snijder","slug":"snijder","quantity":""}],"_links":{"self":[{"href":"https:\/\/ab-marineservice.com\/de\/wp-json\/wp\/v2\/product\/323234","targetHints":{"allow":["GET"]}}],"collection":[{"href":"https:\/\/ab-marineservice.com\/de\/wp-json\/wp\/v2\/product"}],"about":[{"href":"https:\/\/ab-marineservice.com\/de\/wp-json\/wp\/v2\/types\/product"}],"replies":[{"embeddable":true,"href":"https:\/\/ab-marineservice.com\/de\/wp-json\/wp\/v2\/comments?post=323234"}],"wp:featuredmedia":[{"embeddable":true,"href":"https:\/\/ab-marineservice.com\/de\/wp-json\/wp\/v2\/media\/323245"}],"wp:attachment":[{"href":"https:\/\/ab-marineservice.com\/de\/wp-json\/wp\/v2\/media?parent=323234"}],"wp:term":[{"taxonomy":"location","embeddable":true,"href":"https:\/\/ab-marineservice.com\/de\/wp-json\/wp\/v2\/location?post=323234"},{"taxonomy":"product_brand","embeddable":true,"href":"https:\/\/ab-marineservice.com\/de\/wp-json\/wp\/v2\/product_brand?post=323234"},{"taxonomy":"product_cat","embeddable":true,"href":"https:\/\/ab-marineservice.com\/de\/wp-json\/wp\/v2\/product_cat?post=323234"},{"taxonomy":"product_tag","embeddable":true,"href":"https:\/\/ab-marineservice.com\/de\/wp-json\/wp\/v2\/product_tag?post=323234"}],"curies":[{"name":"wp","href":"https:\/\/api.w.org\/{rel}","templated":true}]}}