{"id":324553,"date":"2024-08-14T14:29:29","date_gmt":"2024-08-14T12:29:29","guid":{"rendered":"https:\/\/ab-marineservice.com\/?post_type=product&#038;p=324553"},"modified":"2026-03-13T16:10:37","modified_gmt":"2026-03-13T15:10:37","slug":"volvo-penta-md2010-10ps-schiffsmotor","status":"publish","type":"product","link":"https:\/\/ab-marineservice.com\/de\/produkt\/volvo-penta-md2010-10ps-schiffsmotor\/","title":{"rendered":"Volvo Penta MD2010 10PS Schiffsmotor"},"content":{"rendered":"<p><iframe loading=\"lazy\" width=\"478\" height=\"849\" src=\"https:\/\/www.youtube.com\/embed\/79lLaRJrr38\" title=\"Volvo Penta MD2020 20pk scheepsmotor (alleen motor)\" frameborder=\"0\" allow=\"accelerometer; autoplay; clipboard-write; encrypted-media; gyroscope; picture-in-picture; web-share\" referrerpolicy=\"strict-origin-when-cross-origin\" allowfullscreen><\/iframe><\/p>\n","protected":false},"excerpt":{"rendered":"<p>Sie suchen einen zuverl\u00e4ssigen Schiffsmotor?<br \/>\nUnsere Motoren werden standardm\u00e4\u00dfig ausgiebig getestet und nachgepr\u00fcft, um einen langfristigen Betrieb nach dem Einbau zu gew\u00e4hrleisten.<br \/>\nAuf unserer Kasse-Seite k\u00f6nnen Sie mit allen sicheren Zahlungsmitteln bezahlen. So k\u00f6nnen Sie sicher sein, dass Sie einen reibungslosen Einkauf haben!<br \/>\nStandardversand innerhalb und au\u00dferhalb Europas.<\/p>\n<p>Ein Video des laufenden Motors finden Sie unten auf der Seite.<br \/>\nWir geben zus\u00e4tzlich 3 Monate Garantie und 14 Tage Bedenkzeit.<br \/>\nBei Fragen k\u00f6nnen Sie uns gerne kontaktieren.<\/p>\n<p>Volvo Penta MD2020 Schiffsmotor.<\/p>\n<p><strong>Motor<\/strong><br \/>\nMarke Motor: Volvo Penta<br \/>\nType Motor: MD2010 B<br \/>\nBaujahr:<br \/>\nLeistung: 10 Ps<br \/>\nDrehzahl: 3600 rpm<br \/>\nZylinderzahl: 2<br \/>\nKraftstoff: Diesel<\/p>\n<p><strong>Armaturenbrett<\/strong><br \/>\nArmaturenbrett: Ja<br \/>\nZwischenkabel: Ja<\/p>\n<p><strong>Typ K\u00fchlsystem:<\/strong><br \/>\nW\u00e4rmetauscher<\/p>\n<p><strong>Wendegetriebe:<\/strong><br \/>\nVerh\u00e4ltnis: 2.3<br \/>\nTyp: MS2L-D<\/p>\n<p><strong>Abmessungen:<\/strong><br \/>\nA = 700mm<br \/>\nB = 480mm<br \/>\nC = 500mm<br \/>\nD = 150mm<br \/>\nE = 410mm<br \/>\nF = 280mm<\/p>\n<p>Gut laufende Schiffsmotor.<br \/>\nW\u00e4rmetauscher und Impellerpumpe.<\/p>\n<p>Link: <a href=\"https:\/\/ab-marineservice.com\/wp-content\/uploads\/2021\/11\/MD2010-MD2020-MD2030-MD2040.pdf\">Werkstatthandbuch: MD2030<\/a><br \/>\nLink: <a href=\"https:\/\/ab-marineservice.com\/wp-content\/uploads\/2021\/11\/MD2030-Brochure.pdf\">MD2010 Brosch\u00fcre<\/a><\/p>\n<p>Wir versenden europaweit!<\/p>\n<p>Wir versenden europaweit. Mit einer 14-t\u00e4gigen Bedenkzeit und einer 3-monatigen Garantie auf den internen Motor.<\/p>\n<p><strong>Bleiben Sie jede Woche \u00fcber unsere neuesten Angebote auf dem Laufenden, <a href=\"https:\/\/ab-marineservice.com\/de\/angebot-gebrauchte-schiffsmotoren\/\">melden Sie sich bitte hier an<\/a>!<\/strong><\/p>\n<p>&nbsp;<\/p>\n","protected":false},"featured_media":414494,"comment_status":"open","ping_status":"closed","template":"","meta":[],"location":[],"product_brand":[],"product_cat":[1516,3146],"product_tag":[],"class_list":{"0":"post-324553","1":"product","2":"type-product","3":"status-publish","4":"has-post-thumbnail","6":"product_cat-bootsmotoren-gebraucht","7":"product_cat-innenbordmotoren-5-30ps","8":"product_shipping_class-palettenversand","10":"first","11":"instock","12":"shipping-taxable","13":"purchasable","14":"product-type-simple"},"group_of_quantity":0,"min_quantity":0,"max_quantity":"","exclude_order_quantity_value_rules":"no","exclude_category_quantity_rules":"no","combine_variations":"no","locations":[{"id":15418,"name":"AB Motoren","slug":"ab-motoren","quantity":""}],"_links":{"self":[{"href":"https:\/\/ab-marineservice.com\/de\/wp-json\/wp\/v2\/product\/324553","targetHints":{"allow":["GET"]}}],"collection":[{"href":"https:\/\/ab-marineservice.com\/de\/wp-json\/wp\/v2\/product"}],"about":[{"href":"https:\/\/ab-marineservice.com\/de\/wp-json\/wp\/v2\/types\/product"}],"replies":[{"embeddable":true,"href":"https:\/\/ab-marineservice.com\/de\/wp-json\/wp\/v2\/comments?post=324553"}],"wp:featuredmedia":[{"embeddable":true,"href":"https:\/\/ab-marineservice.com\/de\/wp-json\/wp\/v2\/media\/414494"}],"wp:attachment":[{"href":"https:\/\/ab-marineservice.com\/de\/wp-json\/wp\/v2\/media?parent=324553"}],"wp:term":[{"taxonomy":"location","embeddable":true,"href":"https:\/\/ab-marineservice.com\/de\/wp-json\/wp\/v2\/location?post=324553"},{"taxonomy":"product_brand","embeddable":true,"href":"https:\/\/ab-marineservice.com\/de\/wp-json\/wp\/v2\/product_brand?post=324553"},{"taxonomy":"product_cat","embeddable":true,"href":"https:\/\/ab-marineservice.com\/de\/wp-json\/wp\/v2\/product_cat?post=324553"},{"taxonomy":"product_tag","embeddable":true,"href":"https:\/\/ab-marineservice.com\/de\/wp-json\/wp\/v2\/product_tag?post=324553"}],"curies":[{"name":"wp","href":"https:\/\/api.w.org\/{rel}","templated":true}]}}