{"id":325041,"date":"2024-08-14T16:33:46","date_gmt":"2024-08-14T14:33:46","guid":{"rendered":"https:\/\/ab-marineservice.com\/product\/yanmar-3ym30-20ps-schiffsmotor-komplett\/"},"modified":"2026-01-22T14:32:52","modified_gmt":"2026-01-22T13:32:52","slug":"yanmar-3hm-27ps-schiffsmotor-mit-wendegetriebe","status":"publish","type":"product","link":"https:\/\/ab-marineservice.com\/de\/produkt\/yanmar-3hm-27ps-schiffsmotor-mit-wendegetriebe\/","title":{"rendered":"Yanmar 3HM 27PS Schiffsmotor mit Wendegetriebe"},"content":{"rendered":"<p><iframe loading=\"lazy\" title=\"Yanmar 3HM scheepsmotor\" src=\"https:\/\/www.youtube.com\/embed\/HvOmMRkm7L4\" width=\"458\" height=\"815\" frameborder=\"0\" allowfullscreen=\"allowfullscreen\"><\/iframe><\/p>\n","protected":false},"excerpt":{"rendered":"<p>Sie suchen einen zuverl\u00e4ssigen Schiffsmotor?<br \/>\nUnsere Motoren werden standardm\u00e4\u00dfig ausgiebig getestet und nachgepr\u00fcft, um einen langfristigen Betrieb nach dem Einbau zu gew\u00e4hrleisten.<br \/>\nAuf unserer Kasse-Seite k\u00f6nnen Sie mit allen sicheren Zahlungsmitteln bezahlen. So k\u00f6nnen Sie sicher sein, dass Sie einen reibungslosen Einkauf haben!<br \/>\nStandardversand innerhalb und au\u00dferhalb Europas. <\/p>\n<p>Ein Video des laufenden Motors finden Sie unten auf der Seite.<br \/>\nWir geben zus\u00e4tzlich 3 Monate Garantie und 14 Tage Bedenkzeit.<br \/>\nBei Fragen k\u00f6nnen Sie uns gerne kontaktieren.<\/p>\n<p>Sehr gut laufende Motor!<\/p>\n<p><strong>Motor<\/strong><br \/>\nMarke Motor: Yanmar<br \/>\nType Motor: 3HM<br \/>\nLeistung: 27Ps<br \/>\nDrehzahl: 3200Rpm<br \/>\nZylinderzahl: 3<br \/>\nKraftstoff: Diesel<\/p>\n<p><strong>Armaturenbrett<\/strong><br \/>\nArmaturenbrett: Ja<\/p>\n<p><strong>Typ K\u00fchlsystem:<\/strong><br \/>\nAu\u00dfenwasserk\u00fchlung<\/p>\n<p><strong>Wendegetriebe:<\/strong><br \/>\nVerh\u00e4ltnis:\u00a0 2.83<br \/>\nTyp: kanzaki KBW10 Ratio<\/p>\n<p><strong>Abmessungen:<\/strong><br \/>\nA = 795mm<br \/>\nB = 460mm<br \/>\nC = 610mm<br \/>\nD = 230mm<br \/>\nE = 410mm<br \/>\nF = 440mm<\/p>\n<p>Werkstatthandbuch: <a href=\"https:\/\/ab-marineservice.com\/wp-content\/uploads\/2024\/08\/Yanmar_1GM-10L_2GM-F-L_3GM-D-F-L_3HM-F-L.pdf\">Werkstatthandbuch 3HM<\/a><br \/>\nErsatzteilliste: <a href=\"https:\/\/ab-marineservice.com\/wp-content\/uploads\/2024\/08\/Yanmar-3HM35-onderdeleln-lijst.pdf\">Yanmar 3HM Teilliste<\/a><\/p>\n<p>Wir versenden europaweit. Mit einer 14-t\u00e4gigen Bedenkzeit und einer 3-monatigen Garantie auf den internen Motor.<\/p>\n<p><strong>Bleiben Sie jede Woche \u00fcber unsere neuesten Angebote auf dem Laufenden, <a href=\"https:\/\/ab-marineservice.com\/de\/angebot-gebrauchte-schiffsmotoren\/\">melden Sie sich bitte hier an<\/a>!<\/strong><\/p>\n","protected":false},"featured_media":340002,"comment_status":"open","ping_status":"closed","template":"","meta":[],"location":[],"product_brand":[],"product_cat":[10450],"product_tag":[],"class_list":{"0":"post-325041","1":"product","2":"type-product","3":"status-publish","4":"has-post-thumbnail","6":"product_cat-verkaufte-motoren","7":"product_shipping_class-palettenversand","9":"first","10":"outofstock","11":"shipping-taxable","12":"purchasable","13":"product-type-simple"},"group_of_quantity":0,"min_quantity":0,"max_quantity":"","exclude_order_quantity_value_rules":"no","exclude_category_quantity_rules":"no","combine_variations":"no","locations":[{"id":15418,"name":"AB Motoren","slug":"ab-motoren","quantity":""}],"_links":{"self":[{"href":"https:\/\/ab-marineservice.com\/de\/wp-json\/wp\/v2\/product\/325041","targetHints":{"allow":["GET"]}}],"collection":[{"href":"https:\/\/ab-marineservice.com\/de\/wp-json\/wp\/v2\/product"}],"about":[{"href":"https:\/\/ab-marineservice.com\/de\/wp-json\/wp\/v2\/types\/product"}],"replies":[{"embeddable":true,"href":"https:\/\/ab-marineservice.com\/de\/wp-json\/wp\/v2\/comments?post=325041"}],"wp:featuredmedia":[{"embeddable":true,"href":"https:\/\/ab-marineservice.com\/de\/wp-json\/wp\/v2\/media\/340002"}],"wp:attachment":[{"href":"https:\/\/ab-marineservice.com\/de\/wp-json\/wp\/v2\/media?parent=325041"}],"wp:term":[{"taxonomy":"location","embeddable":true,"href":"https:\/\/ab-marineservice.com\/de\/wp-json\/wp\/v2\/location?post=325041"},{"taxonomy":"product_brand","embeddable":true,"href":"https:\/\/ab-marineservice.com\/de\/wp-json\/wp\/v2\/product_brand?post=325041"},{"taxonomy":"product_cat","embeddable":true,"href":"https:\/\/ab-marineservice.com\/de\/wp-json\/wp\/v2\/product_cat?post=325041"},{"taxonomy":"product_tag","embeddable":true,"href":"https:\/\/ab-marineservice.com\/de\/wp-json\/wp\/v2\/product_tag?post=325041"}],"curies":[{"name":"wp","href":"https:\/\/api.w.org\/{rel}","templated":true}]}}