{"id":325042,"date":"2024-08-14T15:59:35","date_gmt":"2024-08-14T13:59:35","guid":{"rendered":"https:\/\/ab-marineservice.com\/product\/yanmar-2qm20h-20ps-schiffsmotor\/"},"modified":"2026-03-09T15:35:24","modified_gmt":"2026-03-09T14:35:24","slug":"yanmar-2qm20h-20ps-schiffsmotor","status":"publish","type":"product","link":"https:\/\/ab-marineservice.com\/de\/produkt\/yanmar-2qm20h-20ps-schiffsmotor\/","title":{"rendered":"Yanmar 2QM20H 20PS Schiffsmotor"},"content":{"rendered":"","protected":false},"excerpt":{"rendered":"<p>Ein Video des laufenden Motors findest du am Ende der Seite.<br \/>\nAu\u00dferdem bieten wir eine 3-monatige Garantie und eine 14-t\u00e4gige R\u00fcckgabefrist.<\/p>\n<p><strong>Motor<\/strong><br \/>\nMarke: Yanmar<br \/>\nMotortyp: 2QM20H<br \/>\nBaujahr:<br \/>\nLeistung: 20 PS<br \/>\nDrehzahl: 2600<br \/>\nAnzahl der Zylinder: 2<br \/>\nKraftstoff: Diesel<\/p>\n<p><strong>Dashboard<\/strong><br \/>\nDashboard: Nein<br \/>\nZwischenkabel: Nein<\/p>\n<p><strong>K\u00fchlsystemtyp:<\/strong><br \/>\nAu\u00dfenwasser-K\u00fchlung<\/p>\n<p><strong>Keerkupplung:<\/strong><br \/>\n\u00dcbersetzung: 2,14<br \/>\nTyp: Kanzaki KBW10<\/p>\n<p><strong>Abmessungen:<\/strong><br \/>\nA = 850mm<br \/>\nB = 650mm<br \/>\nC = 670mm<br \/>\nD = V117\/A200mm<br \/>\nE = 595mm<br \/>\nF = 420mm<\/p>\n<p>Hinweis: Dieser Motor wird ohne Motorlager geliefert. Diese k\u00f6nnen auf Anfrage beigef\u00fcgt werden.<\/p>\n<p>Werkstatt-Handbuch: <a href=\"https:\/\/ab-marineservice.com\/wp-content\/uploads\/2024\/08\/Service_Manuel_2QM20_et_3QM30.pages.1_20.pdf\">(link) Yanmar 2QM20, 3QM30<\/a><\/p>\n<p>Ersatzteilliste: <a href=\"https:\/\/ab-marineservice.com\/wp-content\/uploads\/2024\/08\/3QM-2QM-3QM30-2QM20.pdf\">(link) 3QM 2QM 3QM30 2QM20<\/a><\/p>\n<p>Wir versenden in ganz Europa. Mit einer 14-t\u00e4gigen R\u00fcckgabefrist und 3 Monaten Garantie auf den Innenmotor.<\/p>\n<p><strong>Bleiben Sie auf dem Laufenden mit unseren neuesten Angeboten, <a href=\"https:\/\/ab-marineservice.com\/de\/angebot-gebrauchte-schiffsmotoren\/\">melden Sie sich hier an<\/a>!<\/strong><\/p>\n","protected":false},"featured_media":428435,"comment_status":"open","ping_status":"closed","template":"","meta":[],"location":[15418],"product_brand":[],"product_cat":[1516,3146],"product_tag":[],"class_list":{"0":"post-325042","1":"product","2":"type-product","3":"status-publish","4":"has-post-thumbnail","6":"location-ab-motoren","7":"product_cat-bootsmotoren-gebraucht","8":"product_cat-innenbordmotoren-5-30ps","9":"product_shipping_class-palettenversand","11":"first","12":"outofstock","13":"shipping-taxable","14":"purchasable","15":"product-type-simple"},"group_of_quantity":0,"min_quantity":0,"max_quantity":"","exclude_order_quantity_value_rules":"no","exclude_category_quantity_rules":"no","combine_variations":"no","locations":[{"id":15418,"name":"AB Motoren","slug":"ab-motoren","quantity":""}],"_links":{"self":[{"href":"https:\/\/ab-marineservice.com\/de\/wp-json\/wp\/v2\/product\/325042","targetHints":{"allow":["GET"]}}],"collection":[{"href":"https:\/\/ab-marineservice.com\/de\/wp-json\/wp\/v2\/product"}],"about":[{"href":"https:\/\/ab-marineservice.com\/de\/wp-json\/wp\/v2\/types\/product"}],"replies":[{"embeddable":true,"href":"https:\/\/ab-marineservice.com\/de\/wp-json\/wp\/v2\/comments?post=325042"}],"wp:featuredmedia":[{"embeddable":true,"href":"https:\/\/ab-marineservice.com\/de\/wp-json\/wp\/v2\/media\/428435"}],"wp:attachment":[{"href":"https:\/\/ab-marineservice.com\/de\/wp-json\/wp\/v2\/media?parent=325042"}],"wp:term":[{"taxonomy":"location","embeddable":true,"href":"https:\/\/ab-marineservice.com\/de\/wp-json\/wp\/v2\/location?post=325042"},{"taxonomy":"product_brand","embeddable":true,"href":"https:\/\/ab-marineservice.com\/de\/wp-json\/wp\/v2\/product_brand?post=325042"},{"taxonomy":"product_cat","embeddable":true,"href":"https:\/\/ab-marineservice.com\/de\/wp-json\/wp\/v2\/product_cat?post=325042"},{"taxonomy":"product_tag","embeddable":true,"href":"https:\/\/ab-marineservice.com\/de\/wp-json\/wp\/v2\/product_tag?post=325042"}],"curies":[{"name":"wp","href":"https:\/\/api.w.org\/{rel}","templated":true}]}}