{"id":326939,"date":"2024-09-10T17:28:44","date_gmt":"2024-09-10T15:28:44","guid":{"rendered":"https:\/\/ab-marineservice.com\/product\/50-einstiegsleuchte-blau-10-33v\/"},"modified":"2025-05-02T12:30:07","modified_gmt":"2025-05-02T10:30:07","slug":"hm-50-einstiegsleuchte-blau-10-33v","status":"publish","type":"product","link":"https:\/\/ab-marineservice.com\/de\/produkt\/hm-50-einstiegsleuchte-blau-10-33v\/","title":{"rendered":"HM 50 Einstiegsleuchte blau 10-33V"},"content":{"rendered":"","protected":false},"excerpt":{"rendered":"<p>Zeitlos formsch\u00f6ne LED Leuchten f\u00fcr ansprechende Illumination von Treppenstufen oder gezielte Akzentbeleuchtung innen und au\u00dfen.<\/p>\n<p>Diese formsch\u00f6ne Einbauleuchte strahlt in einem Winkel von 30\u00b0 abw\u00e4rts und ist somit ideal f\u00fcr die Beleuchtung von Treppenstufen, Sockeln oder G\u00e4ngen.<\/p>\n<p>Dualvolt -Technik sorgt f\u00fcr gleichbleibende Lichtleistung von 12 V bis 24 V bei niedrigem Energieverbrauch.<\/p>\n<p>Jede Leuchte ist mit 120 mm verzinntem Kabel vorverkabelt und wird mit 2 Montageschrauben ausgeliefert.<\/p>\n<p>Erh\u00e4ltlich in den Lichtfarben Wei\u00df, Warmwei\u00df, Blau, Gelb oder Rot und mit Abdeckungen aus wei\u00dfem, schwarzem, verchromtem, satiniertem oder vergoldetem Kunststoff sowie in rostfreiem Edelstahl 316 poliert.<\/p>\n","protected":false},"featured_media":327279,"comment_status":"open","ping_status":"closed","template":"","meta":[],"location":[4275,4276],"product_brand":[],"product_cat":[1208,10725],"product_tag":[],"class_list":{"0":"post-326939","1":"product","2":"type-product","3":"status-publish","4":"has-post-thumbnail","6":"location-aes-emmeloord","7":"location-aes-lemmer","8":"product_cat-elektrische-bauteile","9":"product_cat-hella-marine-de","10":"product_shipping_class-paket-0-10-kg","12":"first","13":"instock","14":"sale","15":"taxable","16":"shipping-taxable","17":"purchasable","18":"product-type-simple"},"group_of_quantity":0,"min_quantity":0,"max_quantity":"","exclude_order_quantity_value_rules":"no","exclude_category_quantity_rules":"no","combine_variations":"no","locations":[{"id":4275,"name":"AES Emmeloord","slug":"aes-emmeloord","quantity":""},{"id":4276,"name":"AES Lemmer","slug":"aes-lemmer","quantity":""}],"_links":{"self":[{"href":"https:\/\/ab-marineservice.com\/de\/wp-json\/wp\/v2\/product\/326939","targetHints":{"allow":["GET"]}}],"collection":[{"href":"https:\/\/ab-marineservice.com\/de\/wp-json\/wp\/v2\/product"}],"about":[{"href":"https:\/\/ab-marineservice.com\/de\/wp-json\/wp\/v2\/types\/product"}],"replies":[{"embeddable":true,"href":"https:\/\/ab-marineservice.com\/de\/wp-json\/wp\/v2\/comments?post=326939"}],"wp:featuredmedia":[{"embeddable":true,"href":"https:\/\/ab-marineservice.com\/de\/wp-json\/wp\/v2\/media\/327279"}],"wp:attachment":[{"href":"https:\/\/ab-marineservice.com\/de\/wp-json\/wp\/v2\/media?parent=326939"}],"wp:term":[{"taxonomy":"location","embeddable":true,"href":"https:\/\/ab-marineservice.com\/de\/wp-json\/wp\/v2\/location?post=326939"},{"taxonomy":"product_brand","embeddable":true,"href":"https:\/\/ab-marineservice.com\/de\/wp-json\/wp\/v2\/product_brand?post=326939"},{"taxonomy":"product_cat","embeddable":true,"href":"https:\/\/ab-marineservice.com\/de\/wp-json\/wp\/v2\/product_cat?post=326939"},{"taxonomy":"product_tag","embeddable":true,"href":"https:\/\/ab-marineservice.com\/de\/wp-json\/wp\/v2\/product_tag?post=326939"}],"curies":[{"name":"wp","href":"https:\/\/api.w.org\/{rel}","templated":true}]}}