{"id":327301,"date":"2024-09-10T17:28:35","date_gmt":"2024-09-10T15:28:35","guid":{"rendered":"https:\/\/ab-marineservice.com\/product\/hm-arbeitsleuchte-m70-led-gen-iv-spot\/"},"modified":"2025-05-02T12:30:18","modified_gmt":"2025-05-02T10:30:18","slug":"hm-arbeitsleuchte-m70-led-gen-iv-spot","status":"publish","type":"product","link":"https:\/\/ab-marineservice.com\/de\/produkt\/hm-arbeitsleuchte-m70-led-gen-iv-spot\/","title":{"rendered":"HM Arbeitsleuchte M70 LED Gen IV Spot"},"content":{"rendered":"","protected":false},"excerpt":{"rendered":"<p>Die vierte Auflage des beliebten Modul 70 LED-Deckscheinwerfers bietet nun 2900 Lumen Lichtleistung, zwei verschiedene Lichtverteilungen und eine CoroSafe-Beschichtung f\u00fcr noch mehr Korrossionsschutz.<\/p>\n<p>Ausgestattet mit drei Hochleistungs-Multichip-LEDs erzeugt das Modul 70 PRO LED 2900 gemessene Lumen bei einem Energieverbrauch von lediglich 21 Watt (1,83A@12V DC).<\/p>\n<p>Das Modul 70 PRO ist in zwei Lichtverteilungen erh\u00e4ltlich: Die breitstrahlende Version eignet sich besonders f\u00fcr den Einsatz im Nahbereich, f\u00fcr Cockpit, Deck oder Arbeitsbereiche. Die engstrahlende Variante bietet eine konzentrierte Lichtverteilung f\u00fcr Anwendungen, z.B. als Suchschweinwerfer oder Mastbeleuchtung.<\/p>\n<p>Hermetisch versigelt (IP69K) und mit der neuen CoroSafe-Technik beschichtet, eignet sich der Modul 70 LED bestens f\u00fcr den Einsatz auf rauer See. Zwei zus\u00e4tzliche Schichten und die Kombination unterschiedlicher Beschichtungsverfahren bieten einen verbesserten Schutz gegen Besch\u00e4digungen und erh\u00f6hen die Korrosionsbest\u00e4ndigkeit des Scheinwerfers deutlich.<\/p>\n<p>Modernste Multivolt -Schaltkreise stellen eine gleichm\u00e4\u00dfige Beleuchtung auch bei starken Spannungsschwankungen sicher. Vorverkabelt mit Marinekabel und einem einzelnen 316 Edelstahl-Bolzen l\u00e4sst sich der Arbeitsscheinwerfer schnell installieren.<\/p>\n","protected":false},"featured_media":327298,"comment_status":"open","ping_status":"closed","template":"","meta":[],"location":[4275,4276],"product_brand":[],"product_cat":[1208,10725],"product_tag":[],"class_list":{"0":"post-327301","1":"product","2":"type-product","3":"status-publish","4":"has-post-thumbnail","6":"location-aes-emmeloord","7":"location-aes-lemmer","8":"product_cat-elektrische-bauteile","9":"product_cat-hella-marine-de","10":"product_shipping_class-paket-0-10-kg","12":"first","13":"onbackorder","14":"sale","15":"taxable","16":"shipping-taxable","17":"purchasable","18":"product-type-simple"},"group_of_quantity":0,"min_quantity":0,"max_quantity":"","exclude_order_quantity_value_rules":"no","exclude_category_quantity_rules":"no","combine_variations":"no","locations":[{"id":4275,"name":"AES Emmeloord","slug":"aes-emmeloord","quantity":""},{"id":4276,"name":"AES Lemmer","slug":"aes-lemmer","quantity":""}],"_links":{"self":[{"href":"https:\/\/ab-marineservice.com\/de\/wp-json\/wp\/v2\/product\/327301","targetHints":{"allow":["GET"]}}],"collection":[{"href":"https:\/\/ab-marineservice.com\/de\/wp-json\/wp\/v2\/product"}],"about":[{"href":"https:\/\/ab-marineservice.com\/de\/wp-json\/wp\/v2\/types\/product"}],"replies":[{"embeddable":true,"href":"https:\/\/ab-marineservice.com\/de\/wp-json\/wp\/v2\/comments?post=327301"}],"wp:featuredmedia":[{"embeddable":true,"href":"https:\/\/ab-marineservice.com\/de\/wp-json\/wp\/v2\/media\/327298"}],"wp:attachment":[{"href":"https:\/\/ab-marineservice.com\/de\/wp-json\/wp\/v2\/media?parent=327301"}],"wp:term":[{"taxonomy":"location","embeddable":true,"href":"https:\/\/ab-marineservice.com\/de\/wp-json\/wp\/v2\/location?post=327301"},{"taxonomy":"product_brand","embeddable":true,"href":"https:\/\/ab-marineservice.com\/de\/wp-json\/wp\/v2\/product_brand?post=327301"},{"taxonomy":"product_cat","embeddable":true,"href":"https:\/\/ab-marineservice.com\/de\/wp-json\/wp\/v2\/product_cat?post=327301"},{"taxonomy":"product_tag","embeddable":true,"href":"https:\/\/ab-marineservice.com\/de\/wp-json\/wp\/v2\/product_tag?post=327301"}],"curies":[{"name":"wp","href":"https:\/\/api.w.org\/{rel}","templated":true}]}}