{"id":327310,"date":"2024-09-10T17:27:57","date_gmt":"2024-09-10T15:27:57","guid":{"rendered":"https:\/\/ab-marineservice.com\/product\/hm-naviled-complete-ii-laternenset-8-28-volt-weis\/"},"modified":"2025-05-19T17:24:29","modified_gmt":"2025-05-19T15:24:29","slug":"hm-naviled-complete-ii-laternenset-8-28-volt-weis","status":"publish","type":"product","link":"https:\/\/ab-marineservice.com\/de\/produkt\/hm-naviled-complete-ii-laternenset-8-28-volt-weis\/","title":{"rendered":"HM naviLed Complete II Laternenset 8-28 Volt wei\u00df"},"content":{"rendered":"","protected":false},"excerpt":{"rendered":"<p>Kompakte LED Navigationslaternen zur Aufdeckmontage \u2013<br \/>\nformsch\u00f6n, energieeffizient, langlebig.<\/p>\n<p>Minimale Leistungsaufnahme bei voller Tragweite<br \/>\nNaviLED  ben\u00f6tigen weniger als 10% der Leistung, die eine herk\u00f6mmliche Navigationslaternen mit Gl\u00fchlampen aufnimmt, um die gleiche Tragweite zu erzielen. Die zwei Seitenlaternen (Steuerbord und Backbord) verbrauchen zusammen weniger als 2 Watt.<\/p>\n<p>Keine Gl\u00fchlampen. Keine Wartungsintervalle. Extrem langlebig.<br \/>\nLEDs sind robuste Halbleiterbausteine, die keinerlei Gl\u00fchf\u00e4den haben, die brechen k\u00f6nnen, so dass die Laternen absolut sto\u00dffest und vibrationsunempfindlich sind.<\/p>\n<p>Multivolt\u2122 12\/24V DC<br \/>\nModernste Schaltkreise, wassergesch\u00fctzt im Innern der Leuchte verbaut, garantieren eine gleichm\u00e4\u00dfige Lichtleistung zwischen 9 und 32 Volt und sch\u00fctzen das Lichtmodul vor Spannungsspitzen und Verpolung.<\/p>\n<p>Sichtbarkeit und Sicherheit auf See<br \/>\nHella marine Pr\u00e4zisionsoptiken sorgen f\u00fcr akkurate Hell-Dunkel-Grenzen und verbessern die Sichtbarkeit im Vergleich zu Navigationslaternen mit Gl\u00fchf\u00e4den.<\/p>\n<p>Vorverkabelung<br \/>\nDie Vorverkabelung aller Hella marine LED Navigationslaternen erm\u00f6glicht eine schnelle, sichere und wasserdichte Installation.<\/p>\n<p>International zugelassen<br \/>\nZugelassen entsprechend den Anforderungen von IMO COL REG, USCG, ABYC A-16 und RINA. <\/p>\n","protected":false},"featured_media":327308,"comment_status":"open","ping_status":"closed","template":"","meta":[],"location":[4275,4276],"product_brand":[],"product_cat":[1208,10725],"product_tag":[],"class_list":{"0":"post-327310","1":"product","2":"type-product","3":"status-publish","4":"has-post-thumbnail","6":"location-aes-emmeloord","7":"location-aes-lemmer","8":"product_cat-elektrische-bauteile","9":"product_cat-hella-marine-de","10":"product_shipping_class-paket-0-10-kg","12":"first","13":"instock","14":"sale","15":"taxable","16":"shipping-taxable","17":"purchasable","18":"product-type-simple"},"group_of_quantity":0,"min_quantity":0,"max_quantity":"","exclude_order_quantity_value_rules":"no","exclude_category_quantity_rules":"no","combine_variations":"no","locations":[{"id":4275,"name":"AES Emmeloord","slug":"aes-emmeloord","quantity":""},{"id":4276,"name":"AES Lemmer","slug":"aes-lemmer","quantity":""}],"_links":{"self":[{"href":"https:\/\/ab-marineservice.com\/de\/wp-json\/wp\/v2\/product\/327310","targetHints":{"allow":["GET"]}}],"collection":[{"href":"https:\/\/ab-marineservice.com\/de\/wp-json\/wp\/v2\/product"}],"about":[{"href":"https:\/\/ab-marineservice.com\/de\/wp-json\/wp\/v2\/types\/product"}],"replies":[{"embeddable":true,"href":"https:\/\/ab-marineservice.com\/de\/wp-json\/wp\/v2\/comments?post=327310"}],"wp:featuredmedia":[{"embeddable":true,"href":"https:\/\/ab-marineservice.com\/de\/wp-json\/wp\/v2\/media\/327308"}],"wp:attachment":[{"href":"https:\/\/ab-marineservice.com\/de\/wp-json\/wp\/v2\/media?parent=327310"}],"wp:term":[{"taxonomy":"location","embeddable":true,"href":"https:\/\/ab-marineservice.com\/de\/wp-json\/wp\/v2\/location?post=327310"},{"taxonomy":"product_brand","embeddable":true,"href":"https:\/\/ab-marineservice.com\/de\/wp-json\/wp\/v2\/product_brand?post=327310"},{"taxonomy":"product_cat","embeddable":true,"href":"https:\/\/ab-marineservice.com\/de\/wp-json\/wp\/v2\/product_cat?post=327310"},{"taxonomy":"product_tag","embeddable":true,"href":"https:\/\/ab-marineservice.com\/de\/wp-json\/wp\/v2\/product_tag?post=327310"}],"curies":[{"name":"wp","href":"https:\/\/api.w.org\/{rel}","templated":true}]}}