{"id":327511,"date":"2024-09-10T17:26:34","date_gmt":"2024-09-10T15:26:34","guid":{"rendered":"https:\/\/ab-marineservice.com\/product\/schalter-serie-8455-edelstahl-12-volt-rot-tastend\/"},"modified":"2025-05-02T12:31:57","modified_gmt":"2025-05-02T10:31:57","slug":"schalter-serie-8455-edelstahl-12-volt-rot-tastend","status":"publish","type":"product","link":"https:\/\/ab-marineservice.com\/de\/produkt\/schalter-serie-8455-edelstahl-12-volt-rot-tastend\/","title":{"rendered":"Schalter Serie 8455 Edelstahl 12 Volt Rot, tastend"},"content":{"rendered":"","protected":false},"excerpt":{"rendered":"<p>Hochwertige Edelstahlschalter mit attraktivem LED-Leuchtring<\/p>\n<p>Ideal zur Steuerung von Leuchten und anderem Zubeh\u00f6r im Innen- und Au\u00dfenbereich. Die Schalter aus Edelstahl 304 sind nach Installation IP 67 zertifiziert und f\u00fcr die Montage in individuelle Schalttafeln geeignet.<\/p>\n<p>Die Hella marine LED Schalter haben sich in Steuers\u00e4ulen an Bord der j\u00fcngsten Generation Volvo Ocean Rennyachten weltweit unter extremen Witterungsverh\u00e4ltnissen bew\u00e4hrt.<\/p>\n<p>Je nach Verkabelung sind die Leuchtringe konstant oder lediglich bei Aktivierung des Schalters beleuchtet.<\/p>\n<p>Zur Produktserie geh\u00f6ren ebenfalls passende Edelstahl-Warnschalter mit LED Leuchtringen.<\/p>\n","protected":false},"featured_media":327494,"comment_status":"open","ping_status":"closed","template":"","meta":[],"location":[4275,4276],"product_brand":[],"product_cat":[1208,10725,1284,1285],"product_tag":[],"class_list":{"0":"post-327511","1":"product","2":"type-product","3":"status-publish","4":"has-post-thumbnail","6":"location-aes-emmeloord","7":"location-aes-lemmer","8":"product_cat-elektrische-bauteile","9":"product_cat-hella-marine-de","10":"product_cat-drucktaster","11":"product_cat-drucktaster-fest-geschaltet","12":"product_shipping_class-paket-0-10-kg","14":"first","15":"instock","16":"sale","17":"taxable","18":"shipping-taxable","19":"purchasable","20":"product-type-simple"},"group_of_quantity":0,"min_quantity":0,"max_quantity":"","exclude_order_quantity_value_rules":"no","exclude_category_quantity_rules":"no","combine_variations":"no","locations":[{"id":4275,"name":"AES Emmeloord","slug":"aes-emmeloord","quantity":""},{"id":4276,"name":"AES Lemmer","slug":"aes-lemmer","quantity":""}],"_links":{"self":[{"href":"https:\/\/ab-marineservice.com\/de\/wp-json\/wp\/v2\/product\/327511","targetHints":{"allow":["GET"]}}],"collection":[{"href":"https:\/\/ab-marineservice.com\/de\/wp-json\/wp\/v2\/product"}],"about":[{"href":"https:\/\/ab-marineservice.com\/de\/wp-json\/wp\/v2\/types\/product"}],"replies":[{"embeddable":true,"href":"https:\/\/ab-marineservice.com\/de\/wp-json\/wp\/v2\/comments?post=327511"}],"wp:featuredmedia":[{"embeddable":true,"href":"https:\/\/ab-marineservice.com\/de\/wp-json\/wp\/v2\/media\/327494"}],"wp:attachment":[{"href":"https:\/\/ab-marineservice.com\/de\/wp-json\/wp\/v2\/media?parent=327511"}],"wp:term":[{"taxonomy":"location","embeddable":true,"href":"https:\/\/ab-marineservice.com\/de\/wp-json\/wp\/v2\/location?post=327511"},{"taxonomy":"product_brand","embeddable":true,"href":"https:\/\/ab-marineservice.com\/de\/wp-json\/wp\/v2\/product_brand?post=327511"},{"taxonomy":"product_cat","embeddable":true,"href":"https:\/\/ab-marineservice.com\/de\/wp-json\/wp\/v2\/product_cat?post=327511"},{"taxonomy":"product_tag","embeddable":true,"href":"https:\/\/ab-marineservice.com\/de\/wp-json\/wp\/v2\/product_tag?post=327511"}],"curies":[{"name":"wp","href":"https:\/\/api.w.org\/{rel}","templated":true}]}}