{"id":328414,"date":"2024-09-30T17:33:16","date_gmt":"2024-09-30T15:33:19","guid":{"rendered":"https:\/\/ab-marineservice.com\/?post_type=product&#038;p=328414"},"modified":"2024-12-11T16:14:12","modified_gmt":"2024-12-11T15:14:12","slug":"varta-blue-dynamic-d48-12v-60ah-540-en","status":"publish","type":"product","link":"https:\/\/ab-marineservice.com\/de\/produkt\/varta-blue-dynamic-d48-12v-60ah-540-en\/","title":{"rendered":"VARTA BLUE Dynamic D48 12V 60Ah &#8211; 540 EN"},"content":{"rendered":"","protected":false},"excerpt":{"rendered":"<p>Wenn Sie auf die Sicherheit Ihres Fahrzeugs und die kontinuierliche Energie angewiesen sind, um alles an einem Tag zu erledigen, liefern VARTA Blue Dynamic-Batterien die zus\u00e4tzliche Energie, die Sie f\u00fcr Ihr Fahrzeug ben\u00f6tigen. Wenn Sie m\u00f6chten, dass Ihr Fahrzeug unter allen Umst\u00e4nden startet, ist die Blue Dynamic-Batterielinie die richtige Wahl f\u00fcr Sie.<\/p>\n<p>Abmessungen in mm (LxBxH): 232x173x225<\/p>\n","protected":false},"featured_media":328425,"comment_status":"open","ping_status":"closed","template":"","meta":[],"location":[4275,4276],"product_brand":[],"product_cat":[4282,4353,4355],"product_tag":[],"class_list":{"0":"post-328414","1":"product","2":"type-product","3":"status-publish","4":"has-post-thumbnail","6":"location-aes-emmeloord","7":"location-aes-lemmer","8":"product_cat-victron-de","9":"product_cat-batterie","10":"product_cat-batterien","11":"product_shipping_class-paket-0-10-kg","13":"first","14":"instock","15":"sale","16":"taxable","17":"shipping-taxable","18":"purchasable","19":"product-type-simple"},"group_of_quantity":0,"min_quantity":0,"max_quantity":"","exclude_order_quantity_value_rules":"no","exclude_category_quantity_rules":"no","combine_variations":"no","locations":[{"id":4275,"name":"AES Emmeloord","slug":"aes-emmeloord","quantity":""},{"id":4276,"name":"AES Lemmer","slug":"aes-lemmer","quantity":""}],"_links":{"self":[{"href":"https:\/\/ab-marineservice.com\/de\/wp-json\/wp\/v2\/product\/328414","targetHints":{"allow":["GET"]}}],"collection":[{"href":"https:\/\/ab-marineservice.com\/de\/wp-json\/wp\/v2\/product"}],"about":[{"href":"https:\/\/ab-marineservice.com\/de\/wp-json\/wp\/v2\/types\/product"}],"replies":[{"embeddable":true,"href":"https:\/\/ab-marineservice.com\/de\/wp-json\/wp\/v2\/comments?post=328414"}],"wp:featuredmedia":[{"embeddable":true,"href":"https:\/\/ab-marineservice.com\/de\/wp-json\/wp\/v2\/media\/328425"}],"wp:attachment":[{"href":"https:\/\/ab-marineservice.com\/de\/wp-json\/wp\/v2\/media?parent=328414"}],"wp:term":[{"taxonomy":"location","embeddable":true,"href":"https:\/\/ab-marineservice.com\/de\/wp-json\/wp\/v2\/location?post=328414"},{"taxonomy":"product_brand","embeddable":true,"href":"https:\/\/ab-marineservice.com\/de\/wp-json\/wp\/v2\/product_brand?post=328414"},{"taxonomy":"product_cat","embeddable":true,"href":"https:\/\/ab-marineservice.com\/de\/wp-json\/wp\/v2\/product_cat?post=328414"},{"taxonomy":"product_tag","embeddable":true,"href":"https:\/\/ab-marineservice.com\/de\/wp-json\/wp\/v2\/product_tag?post=328414"}],"curies":[{"name":"wp","href":"https:\/\/api.w.org\/{rel}","templated":true}]}}