{"id":329198,"date":"2024-10-04T14:29:15","date_gmt":"2024-10-04T12:29:18","guid":{"rendered":"https:\/\/ab-marineservice.com\/?post_type=product&#038;p=329198"},"modified":"2025-04-18T15:01:57","modified_gmt":"2025-04-18T13:01:57","slug":"edelstahlkappe-25%e2%80%b3-fur-destroyer-lenkrad","status":"publish","type":"product","link":"https:\/\/ab-marineservice.com\/de\/produkt\/edelstahlkappe-25%e2%80%b3-fur-destroyer-lenkrad\/","title":{"rendered":"Edelstahlkappe, 2,5\u2033 f\u00fcr Destroyer-Lenkrad"},"content":{"rendered":"","protected":false},"excerpt":{"rendered":"<p><strong>Produktinfo:<\/strong><br \/>\nEdelstahlkappe, 2,5\u2033 f\u00fcr Destroyer-Rad (Upgrade f\u00fcr Rad ohne Knopf) (passend f\u00fcr 150- und 170-Modelle)<\/p>\n","protected":false},"featured_media":329202,"comment_status":"open","ping_status":"closed","template":"","meta":[],"location":[],"product_brand":[27663],"product_cat":[1222,2246,10804],"product_tag":[],"class_list":{"0":"post-329198","1":"product","2":"type-product","3":"status-publish","4":"has-post-thumbnail","6":"product_brand-schmitt-marine","7":"product_cat-motorteile","8":"product_cat-motorbedienung","9":"product_cat-lenkrad","10":"product_shipping_class-paket-0-10-kg","12":"first","13":"onbackorder","14":"sale","15":"taxable","16":"shipping-taxable","17":"purchasable","18":"product-type-simple"},"group_of_quantity":0,"min_quantity":0,"max_quantity":"","exclude_order_quantity_value_rules":"no","exclude_category_quantity_rules":"no","combine_variations":"no","locations":[{"id":4172,"name":"Clouds","slug":"clouds","quantity":""}],"_links":{"self":[{"href":"https:\/\/ab-marineservice.com\/de\/wp-json\/wp\/v2\/product\/329198","targetHints":{"allow":["GET"]}}],"collection":[{"href":"https:\/\/ab-marineservice.com\/de\/wp-json\/wp\/v2\/product"}],"about":[{"href":"https:\/\/ab-marineservice.com\/de\/wp-json\/wp\/v2\/types\/product"}],"replies":[{"embeddable":true,"href":"https:\/\/ab-marineservice.com\/de\/wp-json\/wp\/v2\/comments?post=329198"}],"wp:featuredmedia":[{"embeddable":true,"href":"https:\/\/ab-marineservice.com\/de\/wp-json\/wp\/v2\/media\/329202"}],"wp:attachment":[{"href":"https:\/\/ab-marineservice.com\/de\/wp-json\/wp\/v2\/media?parent=329198"}],"wp:term":[{"taxonomy":"location","embeddable":true,"href":"https:\/\/ab-marineservice.com\/de\/wp-json\/wp\/v2\/location?post=329198"},{"taxonomy":"product_brand","embeddable":true,"href":"https:\/\/ab-marineservice.com\/de\/wp-json\/wp\/v2\/product_brand?post=329198"},{"taxonomy":"product_cat","embeddable":true,"href":"https:\/\/ab-marineservice.com\/de\/wp-json\/wp\/v2\/product_cat?post=329198"},{"taxonomy":"product_tag","embeddable":true,"href":"https:\/\/ab-marineservice.com\/de\/wp-json\/wp\/v2\/product_tag?post=329198"}],"curies":[{"name":"wp","href":"https:\/\/api.w.org\/{rel}","templated":true}]}}