{"id":332038,"date":"2024-10-23T16:38:12","date_gmt":"2024-10-23T14:38:13","guid":{"rendered":"https:\/\/ab-marineservice.com\/?post_type=product&#038;p=332038"},"modified":"2025-03-12T15:54:28","modified_gmt":"2025-03-12T14:54:28","slug":"multiplus-ii-12v-5000va-220a-50a-230v","status":"publish","type":"product","link":"https:\/\/ab-marineservice.com\/de\/produkt\/multiplus-ii-12v-5000va-220a-50a-230v\/","title":{"rendered":"MultiPlus-II 12V\/5000VA\/220A-50A 230V"},"content":{"rendered":"","protected":false},"excerpt":{"rendered":"<p>PMP122505010 Victron<\/p>\n<p>Der MultiPlus-II vereint die Funktionen des MultiPlus und des MultiGrid.<br \/>\nEs verf\u00fcgt \u00fcber alle Funktionen des MultiPlus und zus\u00e4tzlich \u00fcber eine externe Stromwandleroption zur Implementierung von PowerControl und PowerAssist sowie zur Optimierung des Eigenverbrauchs mit externer Stromerkennung (max. 32 A).<br \/>\nEs verf\u00fcgt au\u00dferdem \u00fcber alle Funktionen des MultiGrid mit integriertem Inselschutz und einer wachsenden Liste an L\u00e4nderzulassungen.<br \/>\nHinweis: F\u00fcr kurze Zeit wurde dieses Produkt auch MultiGrid-II genannt.<\/p>\n<p>Datenblatt: <a href=\"https:\/\/www.victronenergy.nl\/upload\/documents\/Datasheet-MultiPlus-II-inverter-charger-NL.pdf\" rel=\"noopener\" target=\"_blank\">MultiPlus -II 3kVA &#8211; 15kVA 230V<\/a><br \/>\nHandbuch: <a href=\"http:\/\/chrome-extension:\/\/efaidnbmnnnibpcajpcglclefindmkaj\/https:\/\/www.victronenergy.com\/upload\/documents\/MultiPlus-II_230V\/32424-MultiPlus-II___Quattro-II-pdf-en.pdf \" rel=\"noopener\" target=\"_blank\">MultiPlus-II 230V (PDF)<\/a><br \/>\nAbmessungen: <a href=\"https:\/\/www.victronenergy.nl\/upload\/documents\/MultiPlus-II-12V5000VA-220-50-230V-PMP122505010.pdf\" rel=\"noopener\" target=\"_blank\">MultiPlus- II 12\/5000\/220-50 230V<\/a><br \/>\nVideos: <a href=\"https:\/\/youtu.be\/AEPmjkyg7UY?list=PLnKCJA0l3E6balmPIyOD3wmiqgVE9DeVG\" rel=\"noopener\" target=\"_blank\">Wussten Sie, dass Sie die Firmware eines MultiPlus mit einem Android-Telefon aktualisieren k\u00f6nnen?< \/a><br \/>\n<a href=\"https:\/\/www.youtube.com\/watch?v=mEN15Z_S4kE&#038;feature=youtu.be\" rel=\"noopener\" target=\"_blank\">So richten Sie den BMV-Batteriemonitor f\u00fcr Blei- und Lithiumbatterien ein< \/ a><br \/>\n<a href=\"https:\/\/www.youtube.com\/watch?v=nU5yUY6VhIU\" rel=\"noopener\" target=\"_blank\">Einf\u00fchrung: MultiPlus-II<\/a><\/p>\n","protected":false},"featured_media":338167,"comment_status":"open","ping_status":"closed","template":"","meta":[],"location":[4275,4276],"product_brand":[],"product_cat":[4282,4607,7808],"product_tag":[],"class_list":{"0":"post-332038","1":"product","2":"type-product","3":"status-publish","4":"has-post-thumbnail","6":"location-aes-emmeloord","7":"location-aes-lemmer","8":"product_cat-victron-de","9":"product_cat-umwandler-batterieladegerate","10":"product_cat-multiplus-ii-de","11":"product_shipping_class-paket-0-10-kg","13":"first","14":"outofstock","15":"taxable","16":"shipping-taxable","17":"purchasable","18":"product-type-simple"},"group_of_quantity":0,"min_quantity":0,"max_quantity":"","exclude_order_quantity_value_rules":"no","exclude_category_quantity_rules":"no","combine_variations":"no","locations":[{"id":4275,"name":"AES Emmeloord","slug":"aes-emmeloord","quantity":""},{"id":4276,"name":"AES Lemmer","slug":"aes-lemmer","quantity":""}],"_links":{"self":[{"href":"https:\/\/ab-marineservice.com\/de\/wp-json\/wp\/v2\/product\/332038","targetHints":{"allow":["GET"]}}],"collection":[{"href":"https:\/\/ab-marineservice.com\/de\/wp-json\/wp\/v2\/product"}],"about":[{"href":"https:\/\/ab-marineservice.com\/de\/wp-json\/wp\/v2\/types\/product"}],"replies":[{"embeddable":true,"href":"https:\/\/ab-marineservice.com\/de\/wp-json\/wp\/v2\/comments?post=332038"}],"wp:featuredmedia":[{"embeddable":true,"href":"https:\/\/ab-marineservice.com\/de\/wp-json\/wp\/v2\/media\/338167"}],"wp:attachment":[{"href":"https:\/\/ab-marineservice.com\/de\/wp-json\/wp\/v2\/media?parent=332038"}],"wp:term":[{"taxonomy":"location","embeddable":true,"href":"https:\/\/ab-marineservice.com\/de\/wp-json\/wp\/v2\/location?post=332038"},{"taxonomy":"product_brand","embeddable":true,"href":"https:\/\/ab-marineservice.com\/de\/wp-json\/wp\/v2\/product_brand?post=332038"},{"taxonomy":"product_cat","embeddable":true,"href":"https:\/\/ab-marineservice.com\/de\/wp-json\/wp\/v2\/product_cat?post=332038"},{"taxonomy":"product_tag","embeddable":true,"href":"https:\/\/ab-marineservice.com\/de\/wp-json\/wp\/v2\/product_tag?post=332038"}],"curies":[{"name":"wp","href":"https:\/\/api.w.org\/{rel}","templated":true}]}}