{"id":332049,"date":"2024-10-23T18:05:39","date_gmt":"2024-10-23T16:05:40","guid":{"rendered":"https:\/\/ab-marineservice.com\/?post_type=product&#038;p=332049"},"modified":"2024-12-13T15:05:53","modified_gmt":"2024-12-13T14:05:53","slug":"multi-rs-solar-48v-6000va-100a-450-100","status":"publish","type":"product","link":"https:\/\/ab-marineservice.com\/de\/produkt\/multi-rs-solar-48v-6000va-100a-450-100\/","title":{"rendered":"Multi RS Solar 48V\/6000VA\/100A-450\/100"},"content":{"rendered":"","protected":false},"excerpt":{"rendered":"<p>PMR482602020 Victron<\/p>\n<p>Der Multi RS Solar 48\/6000 ist ein 48-V-6-kVA-Wechselrichter\/Batterieladeger\u00e4t mit zwei unabh\u00e4ngigen 3-kWp-PV-450-V-MPPT-Zulaufeing\u00e4ngen f\u00fcr insgesamt 6-kWp-PV.<\/p>\n<p>Dank Hochfrequenztechnik und neuem Design wiegt dieser leistungsstarke Wechselrichter\/Ladeger\u00e4t nur 11 kg. Dar\u00fcber hinaus verf\u00fcgt der Wechselrichter\/Ladeger\u00e4t \u00fcber einen hervorragenden Wirkungsgrad, einen geringen Standby-Verbrauch und einen sehr leisen Betrieb.<\/p>\n<p>Der Bildschirm zeigt Batterie-, Wechselrichter- und PV-Parameter. Dieselben Parameter k\u00f6nnen mit einem Smartphone oder einem anderen Bluetooth-Ger\u00e4t mithilfe der VictronConnect-App angezeigt werden.<\/p>\n<p>Mitte 2023 wurde der Multi RS von einem einzelnen MPPT-Tracker zu einem Dual-MPPT-Tracker-Modell \u00fcberarbeitet.<\/p>\n<p>Datenblatt: <a href=\"https:\/\/www.victronenergy.nl\/upload\/documents\/Datasheet-Multi-RS-Solar-Dual-Tracker-NL.pdf\" rel=\"noopener\" target=\"_blank\">Multi RS Solar Dual Tracker<\/a><br \/>\nHandbuch: <a href=\"https:\/\/www.victronenergy.com\/upload\/documents\/Multi_RS_Solar\/62787-Multi_RS_Solar-pdf-en.pdf\" rel=\"noopener\" target=\"_blank\">Multi RS Solar (PDF) <\/a><br \/>\nAbmessungen: <a href=\"https:\/\/www.victronenergy.nl\/upload\/documents\/Multi-RS-Solar-PMR482602020.pdf\" rel=\"noopener\" target=\"_blank\">Multi RS Solar 48\/6000\/100 -450\/100 &#8211; PMR482602020<\/a><\/p>\n","protected":false},"featured_media":332059,"comment_status":"open","ping_status":"closed","template":"","meta":[],"location":[4275,4276],"product_brand":[],"product_cat":[4282,4607,7818],"product_tag":[],"class_list":{"0":"post-332049","1":"product","2":"type-product","3":"status-publish","4":"has-post-thumbnail","6":"location-aes-emmeloord","7":"location-aes-lemmer","8":"product_cat-victron-de","9":"product_cat-umwandler-batterieladegerate","10":"product_cat-multi-rs-solar-de","11":"product_shipping_class-paket-0-10-kg","13":"first","14":"instock","15":"taxable","16":"shipping-taxable","17":"purchasable","18":"product-type-simple"},"group_of_quantity":0,"min_quantity":0,"max_quantity":"","exclude_order_quantity_value_rules":"no","exclude_category_quantity_rules":"no","combine_variations":"no","locations":[{"id":4275,"name":"AES Emmeloord","slug":"aes-emmeloord","quantity":""},{"id":4276,"name":"AES Lemmer","slug":"aes-lemmer","quantity":""}],"_links":{"self":[{"href":"https:\/\/ab-marineservice.com\/de\/wp-json\/wp\/v2\/product\/332049","targetHints":{"allow":["GET"]}}],"collection":[{"href":"https:\/\/ab-marineservice.com\/de\/wp-json\/wp\/v2\/product"}],"about":[{"href":"https:\/\/ab-marineservice.com\/de\/wp-json\/wp\/v2\/types\/product"}],"replies":[{"embeddable":true,"href":"https:\/\/ab-marineservice.com\/de\/wp-json\/wp\/v2\/comments?post=332049"}],"wp:featuredmedia":[{"embeddable":true,"href":"https:\/\/ab-marineservice.com\/de\/wp-json\/wp\/v2\/media\/332059"}],"wp:attachment":[{"href":"https:\/\/ab-marineservice.com\/de\/wp-json\/wp\/v2\/media?parent=332049"}],"wp:term":[{"taxonomy":"location","embeddable":true,"href":"https:\/\/ab-marineservice.com\/de\/wp-json\/wp\/v2\/location?post=332049"},{"taxonomy":"product_brand","embeddable":true,"href":"https:\/\/ab-marineservice.com\/de\/wp-json\/wp\/v2\/product_brand?post=332049"},{"taxonomy":"product_cat","embeddable":true,"href":"https:\/\/ab-marineservice.com\/de\/wp-json\/wp\/v2\/product_cat?post=332049"},{"taxonomy":"product_tag","embeddable":true,"href":"https:\/\/ab-marineservice.com\/de\/wp-json\/wp\/v2\/product_tag?post=332049"}],"curies":[{"name":"wp","href":"https:\/\/api.w.org\/{rel}","templated":true}]}}