{"id":332358,"date":"2024-10-26T16:12:21","date_gmt":"2024-10-26T14:12:27","guid":{"rendered":"https:\/\/ab-marineservice.com\/?post_type=product&#038;p=332358"},"modified":"2024-10-26T16:23:43","modified_gmt":"2024-10-26T14:23:43","slug":"ev-ladestation-ns","status":"publish","type":"product","link":"https:\/\/ab-marineservice.com\/de\/produkt\/ev-ladestation-ns\/","title":{"rendered":"EV-Ladestation NS"},"content":{"rendered":"","protected":false},"excerpt":{"rendered":"<p>EVC200300200 Victron<\/p>\n<p>Die EV-Ladestation NS verf\u00fcgt \u00fcber dreiphasige und einphasige Kapazit\u00e4ten. Die Ladestation f\u00fcr Elektrofahrzeuge liefert maximal 22 kW Wechselstrom im dreiphasigen oder 7,3 kW im einphasigen Modus.<\/p>\n<p>Das Ger\u00e4t ist technisch identisch mit der EV-Ladestation, verf\u00fcgt jedoch \u00fcber ein neues modernes Design, ist in drei Farben erh\u00e4ltlich und ohne integrierten LCD-Bildschirm. Die Erstinstallation, Einrichtung und \u00dcberwachung erfolgt von VictronConnect \u00fcber Bluetooth und\/oder das integrierte Webinterface \u00fcber einen WLAN-Zugangspunkt oder ein WLAN-LAN.<\/p>\n<p>Es ist m\u00f6glich, das Ladeger\u00e4t vollst\u00e4ndig zu integrieren und \u00fcber ein Victron Energy GX-Ger\u00e4t und VRM aus der Ferne zu \u00fcberwachen.<\/p>\n<p>Diese EV-Ladestation NS l\u00e4sst sich nicht nur vollst\u00e4ndig in ein Victron Energy GX-Ger\u00e4t und VRM integrieren. Wenn Sie \u00fcber PV (innerhalb des Victron-\u00d6kosystems) oder Solarpaneele verf\u00fcgen, kann sie auch so eingestellt werden, dass sie \u00fcbersch\u00fcssige Sonnenenergie zum Laden nutzt Dein Auto. Manuelle und geplante Modi bieten je nach System noch mehr Flexibilit\u00e4t, um auf die Bed\u00fcrfnisse des Elektrofahrzeugs zu reagieren.<\/p>\n<p>Es verf\u00fcgt \u00fcber einen vollst\u00e4ndig programmierbaren RGB-Lichtring rund um den Ladeanschluss, der je nach Stromstatus (nicht angeschlossen, geladen, geladen usw.) mehrere Lichteffekte anzeigt, um den Ger\u00e4testatus schnell zu ermitteln.<\/p>\n<p>Datenblatt: <a href=\"https:\/\/www.victronenergy.nl\/upload\/documents\/Datasheet-EV-Charging-Station-NS-NL.pdf\" rel=\"noopener\" target=\"_blank\">EV Ladestation NS<\/a><br \/>\nHandbuch: <a href=\"https:\/\/www.victronenergy.com\/upload\/documents\/EV_Charging_Station_NS\/114524-EV_Charging_Station-pdf-nl.pdf\" rel=\"noopener\" target=\"_blank\">EV-Ladestation NS (PDF )<\/a><br \/>\nAbmessungen: <a href=\"https:\/\/www.victronenergy.nl\/upload\/documents\/EV-Charging-station-NS.pdf\" rel=\"noopener\" target=\"_blank\">EV-Ladestation NS<\/a> <br \/>\nVideo: <a href=\"https:\/\/www.youtube.com\/watch?v=H7rQLGDTOM8\" rel=\"noopener\" target=\"_blank\">EV-Ladestation Victron Energy \u2013 Technisches Handbuch<\/a><\/p>\n","protected":false},"featured_media":332371,"comment_status":"open","ping_status":"closed","template":"","meta":[],"location":[4275,4276],"product_brand":[],"product_cat":[4282,4606],"product_tag":[],"class_list":{"0":"post-332358","1":"product","2":"type-product","3":"status-publish","4":"has-post-thumbnail","6":"location-aes-emmeloord","7":"location-aes-lemmer","8":"product_cat-victron-de","9":"product_cat-ev-charging-de","10":"product_shipping_class-paket-0-10-kg","12":"first","13":"onbackorder","14":"sale","15":"taxable","16":"shipping-taxable","17":"purchasable","18":"product-type-simple"},"group_of_quantity":0,"min_quantity":0,"max_quantity":"","exclude_order_quantity_value_rules":"no","exclude_category_quantity_rules":"no","combine_variations":"no","locations":[{"id":4275,"name":"AES Emmeloord","slug":"aes-emmeloord","quantity":""},{"id":4276,"name":"AES Lemmer","slug":"aes-lemmer","quantity":""}],"_links":{"self":[{"href":"https:\/\/ab-marineservice.com\/de\/wp-json\/wp\/v2\/product\/332358","targetHints":{"allow":["GET"]}}],"collection":[{"href":"https:\/\/ab-marineservice.com\/de\/wp-json\/wp\/v2\/product"}],"about":[{"href":"https:\/\/ab-marineservice.com\/de\/wp-json\/wp\/v2\/types\/product"}],"replies":[{"embeddable":true,"href":"https:\/\/ab-marineservice.com\/de\/wp-json\/wp\/v2\/comments?post=332358"}],"wp:featuredmedia":[{"embeddable":true,"href":"https:\/\/ab-marineservice.com\/de\/wp-json\/wp\/v2\/media\/332371"}],"wp:attachment":[{"href":"https:\/\/ab-marineservice.com\/de\/wp-json\/wp\/v2\/media?parent=332358"}],"wp:term":[{"taxonomy":"location","embeddable":true,"href":"https:\/\/ab-marineservice.com\/de\/wp-json\/wp\/v2\/location?post=332358"},{"taxonomy":"product_brand","embeddable":true,"href":"https:\/\/ab-marineservice.com\/de\/wp-json\/wp\/v2\/product_brand?post=332358"},{"taxonomy":"product_cat","embeddable":true,"href":"https:\/\/ab-marineservice.com\/de\/wp-json\/wp\/v2\/product_cat?post=332358"},{"taxonomy":"product_tag","embeddable":true,"href":"https:\/\/ab-marineservice.com\/de\/wp-json\/wp\/v2\/product_tag?post=332358"}],"curies":[{"name":"wp","href":"https:\/\/api.w.org\/{rel}","templated":true}]}}