{"id":332991,"date":"2024-10-31T19:38:01","date_gmt":"2024-10-31T18:38:03","guid":{"rendered":"https:\/\/ab-marineservice.com\/?post_type=product&#038;p=332991"},"modified":"2024-10-31T19:48:51","modified_gmt":"2024-10-31T18:48:51","slug":"ekrano-gx","status":"publish","type":"product","link":"https:\/\/ab-marineservice.com\/de\/produkt\/ekrano-gx\/","title":{"rendered":"Ekrano GX"},"content":{"rendered":"","protected":false},"excerpt":{"rendered":"<p>BPP900480100 Victron<\/p>\n<p>Das Ekrano GX ist ein voll ausgestattetes Kommunikationszentrum, das mit den neuesten Fern\u00fcberwachungsfunktionen ausgestattet ist. Erhalten Sie mit diesem neuesten Mitglied der GX-Familie die ultimative Kontrolle und sp\u00fcren Sie die Macht, wirklich die Kontrolle zu haben.<\/p>\n<p>\u00dcberpr\u00fcfen Sie Echtzeitdaten und Analysen auf dem integrierten 7-Zoll-Touchscreen mit dem brandneuen und intuitiven Venus OS. Der Ekrano GX ist ein flexibles Kraftpaket, das in jedes Victron-System integriert werden kann, komplett mit einer Reihe von Hardware-Anschl\u00fcssen f\u00fcr jeden Bedarf. \u00dcber das Victron Remote Management (VRM)-Portal und die VictronConnect-App k\u00f6nnen Sie von \u00fcberall auf das System zugreifen und es bedienen. Betreten Sie mit dem Ekrano GX<\/p>\n<p> eine neue \u00c4ra der vollst\u00e4ndigen und dynamischen Systemsteuerung<\/p>\n<p>Datenblatt: <a href=\"https:\/\/www.victronenergy.com\/upload\/documents\/Datasheet-Ekrano-GX-NL.pdf\" rel=\"noopener\" target=\"_blank\">Ekrano GX<\/a ><br \/>\nHandbuch: <a href=\"https:\/\/www.victronenergy.com\/upload\/documents\/Ekrano_GX\/140558-CCGX__Venus_GX__Cerbo_GX__Cerbo-S_GX_Manual-pdf-nl.pdf\" rel=\"noopener\" target=\"_blank\">Ekrano GX (PDF )<\/a><br \/>\nAbmessungen: <a href=\"https:\/\/www.victronenergy.com\/upload\/documents\/DimensionDrawing-Ekrano-GX.pdf\" rel=\"noopener\" target=\"_blank\">Ekrano GX<\/a><\/p>\n","protected":false},"featured_media":333004,"comment_status":"open","ping_status":"closed","template":"","meta":[],"location":[4275,4276],"product_brand":[],"product_cat":[4282,4383,7726,4377],"product_tag":[],"class_list":{"0":"post-332991","1":"product","2":"type-product","3":"status-publish","4":"has-post-thumbnail","6":"location-aes-emmeloord","7":"location-aes-lemmer","8":"product_cat-victron-de","9":"product_cat-sonstige","10":"product_cat-display-paneele","11":"product_cat-panels-und-systemuberwachung","12":"product_shipping_class-paket-0-10-kg","14":"first","15":"instock","16":"taxable","17":"shipping-taxable","18":"purchasable","19":"product-type-simple"},"group_of_quantity":0,"min_quantity":0,"max_quantity":"","exclude_order_quantity_value_rules":"no","exclude_category_quantity_rules":"no","combine_variations":"no","locations":[{"id":4275,"name":"AES Emmeloord","slug":"aes-emmeloord","quantity":""},{"id":4276,"name":"AES Lemmer","slug":"aes-lemmer","quantity":""}],"_links":{"self":[{"href":"https:\/\/ab-marineservice.com\/de\/wp-json\/wp\/v2\/product\/332991","targetHints":{"allow":["GET"]}}],"collection":[{"href":"https:\/\/ab-marineservice.com\/de\/wp-json\/wp\/v2\/product"}],"about":[{"href":"https:\/\/ab-marineservice.com\/de\/wp-json\/wp\/v2\/types\/product"}],"replies":[{"embeddable":true,"href":"https:\/\/ab-marineservice.com\/de\/wp-json\/wp\/v2\/comments?post=332991"}],"wp:featuredmedia":[{"embeddable":true,"href":"https:\/\/ab-marineservice.com\/de\/wp-json\/wp\/v2\/media\/333004"}],"wp:attachment":[{"href":"https:\/\/ab-marineservice.com\/de\/wp-json\/wp\/v2\/media?parent=332991"}],"wp:term":[{"taxonomy":"location","embeddable":true,"href":"https:\/\/ab-marineservice.com\/de\/wp-json\/wp\/v2\/location?post=332991"},{"taxonomy":"product_brand","embeddable":true,"href":"https:\/\/ab-marineservice.com\/de\/wp-json\/wp\/v2\/product_brand?post=332991"},{"taxonomy":"product_cat","embeddable":true,"href":"https:\/\/ab-marineservice.com\/de\/wp-json\/wp\/v2\/product_cat?post=332991"},{"taxonomy":"product_tag","embeddable":true,"href":"https:\/\/ab-marineservice.com\/de\/wp-json\/wp\/v2\/product_tag?post=332991"}],"curies":[{"name":"wp","href":"https:\/\/api.w.org\/{rel}","templated":true}]}}