{"id":333310,"date":"2024-11-05T15:06:09","date_gmt":"2024-11-05T14:06:11","guid":{"rendered":"https:\/\/ab-marineservice.com\/?post_type=product&#038;p=333310"},"modified":"2024-11-05T15:10:46","modified_gmt":"2024-11-05T14:10:46","slug":"lynx-smart-bms-500-ng-m10","status":"publish","type":"product","link":"https:\/\/ab-marineservice.com\/de\/produkt\/lynx-smart-bms-500-ng-m10\/","title":{"rendered":"Lynx Smart BMS 500 NG (M10)"},"content":{"rendered":"","protected":false},"excerpt":{"rendered":"<p>LYN034160310 Victron<\/p>\n<p>Das Lynx Smart BMS ist ein dediziertes Batterie-Management-System f\u00fcr Lithium Battery Smart-Batterien von Victron. Es sind mehrere BMS-Ger\u00e4te f\u00fcr unsere Serie an Lithium Battery Smart-Batterien erh\u00e4ltlich, wobei der Lynx Smart die funktionsreichste und umfassendste Option ist. Er ist in zwei Versionen erh\u00e4ltlich: 500 A (mit M8-Sammelschienenanschl\u00fcssen) und 1000 A (mit M10-Sammelschienenanschl\u00fcssen).<\/p>\n<p>Die wichtigsten Eigenschaften sind:<\/p>\n<p>Eingebautes 500-A- oder 1000-A-Sch\u00fctz, das als R\u00fcckfallsicherung dient und auch als fernsteuerbarer Systemhauptschalter verwendet werden kann.<br \/>\nBatterie-W\u00e4chter, mit dem der Ladezustand in Prozent und weitere Daten angezeigt werden.<br \/>\nVoralarmsignal: liefert eine Warnung, bevor sich das System abschaltet, beispielsweise aufgrund einer niedrigen Zelle.<br \/>\nBluetooth zur Verwendung mit unserer VictronConnect App, zur Einrichtung und \u00dcberwachung, einschlie\u00dflich Instant Readout (Sofortige Anzeige) \u2013 die wichtigsten Daten des BMS auf einen Blick.<br \/>\nLokale \u00dcberwachung und Fern\u00fcberwachung mit einem Victron GX-Ger\u00e4t, zum Beispiel dem Cerbo GX or Ekrano GX.<br \/>\nDas Lynx Smart BMS ist Teil des modularen Lynx Distribution-Systems.<\/p>\n<p>Datenblatt: <a href=\"https:\/\/www.victronenergy.de\/upload\/documents\/Datasheet-Lynx-Smart-BMS-DE.pdf\" rel=\"noopener\" target=\"_blank\">Lynx Smart BMS<\/a><br \/>\nHandbuch: <a href=\"https:\/\/www.victronenergy.com\/upload\/documents\/Lynx_Smart_BMS\/109358-Lynx_Smart_BMS-pdf-de.pdf?_ga=2.128940748.1950855791.1713182341-1618030747.1711382177\" rel=\"noopener\" target=\"_blank\">Lynx Smart BMS<\/a><br \/>\nGeh\u00e4useabmessungen: <a href=\"https:\/\/www.victronenergy.de\/upload\/documents\/Lynx-Smart-BMS-500.pdf\" rel=\"noopener\" target=\"_blank\">Lynx Smart BMS 500<\/a><\/p>\n","protected":false},"featured_media":309421,"comment_status":"open","ping_status":"closed","template":"","meta":[],"location":[4275,4276],"product_brand":[],"product_cat":[4282,4612,7744,4383],"product_tag":[],"class_list":{"0":"post-333310","1":"product","2":"type-product","3":"status-publish","4":"has-post-thumbnail","6":"location-aes-emmeloord","7":"location-aes-lemmer","8":"product_cat-victron-de","9":"product_cat-dc-verteilungssysteme-sicherungen","10":"product_cat-lynx-de","11":"product_cat-sonstige","12":"product_shipping_class-paket-0-10-kg","14":"first","15":"instock","16":"sale","17":"taxable","18":"shipping-taxable","19":"purchasable","20":"product-type-simple"},"group_of_quantity":0,"min_quantity":0,"max_quantity":"","exclude_order_quantity_value_rules":"no","exclude_category_quantity_rules":"no","combine_variations":"no","locations":[{"id":4275,"name":"AES Emmeloord","slug":"aes-emmeloord","quantity":""},{"id":4276,"name":"AES Lemmer","slug":"aes-lemmer","quantity":""}],"_links":{"self":[{"href":"https:\/\/ab-marineservice.com\/de\/wp-json\/wp\/v2\/product\/333310","targetHints":{"allow":["GET"]}}],"collection":[{"href":"https:\/\/ab-marineservice.com\/de\/wp-json\/wp\/v2\/product"}],"about":[{"href":"https:\/\/ab-marineservice.com\/de\/wp-json\/wp\/v2\/types\/product"}],"replies":[{"embeddable":true,"href":"https:\/\/ab-marineservice.com\/de\/wp-json\/wp\/v2\/comments?post=333310"}],"wp:featuredmedia":[{"embeddable":true,"href":"https:\/\/ab-marineservice.com\/de\/wp-json\/wp\/v2\/media\/309421"}],"wp:attachment":[{"href":"https:\/\/ab-marineservice.com\/de\/wp-json\/wp\/v2\/media?parent=333310"}],"wp:term":[{"taxonomy":"location","embeddable":true,"href":"https:\/\/ab-marineservice.com\/de\/wp-json\/wp\/v2\/location?post=333310"},{"taxonomy":"product_brand","embeddable":true,"href":"https:\/\/ab-marineservice.com\/de\/wp-json\/wp\/v2\/product_brand?post=333310"},{"taxonomy":"product_cat","embeddable":true,"href":"https:\/\/ab-marineservice.com\/de\/wp-json\/wp\/v2\/product_cat?post=333310"},{"taxonomy":"product_tag","embeddable":true,"href":"https:\/\/ab-marineservice.com\/de\/wp-json\/wp\/v2\/product_tag?post=333310"}],"curies":[{"name":"wp","href":"https:\/\/api.w.org\/{rel}","templated":true}]}}