{"id":333314,"date":"2024-11-05T15:13:45","date_gmt":"2024-11-05T14:13:53","guid":{"rendered":"https:\/\/ab-marineservice.com\/?post_type=product&#038;p=333314"},"modified":"2024-11-05T15:19:39","modified_gmt":"2024-11-05T14:19:39","slug":"lynx-smart-bms-1000-ng-m10","status":"publish","type":"product","link":"https:\/\/ab-marineservice.com\/de\/produkt\/lynx-smart-bms-1000-ng-m10\/","title":{"rendered":"Lynx Smart BMS 1000 NG (M10)"},"content":{"rendered":"","protected":false},"excerpt":{"rendered":"<p>LYN034170310 Victron<\/p>\n<p>Das Lynx Smart BMS ist ein spezielles Batteriemanagementsystem f\u00fcr Victron Lithium Battery Smart-Batterien. F\u00fcr unsere Lithium Battery Smart-Serie sind mehrere BMS verf\u00fcgbar, und der Lynx Smart bietet die meisten Funktionen und alle Optionen. Es ist in zwei Versionen erh\u00e4ltlich: 500 A (mit M8-Sammelschienenanschl\u00fcssen) und 1000 A (mit M10-Sammelschienenanschl\u00fcssen).<\/p>\n<p>Die Hauptfunktionen sind:<\/p>\n<p>Eingebauter 500-A- oder 1000-A-Sch\u00fctz, der als R\u00fcckfall-Sicherheitsmechanismus dient und auch als ferngesteuerter Hauptsystemschalter geeignet ist.<br \/>\nBatteriemonitor, Ladestatus und weitere Daten werden angezeigt.<br \/>\nVoralarmsignal: Geben Sie eine Warnung ab, bevor das System beispielsweise aufgrund einer niedrigen Zellenspannung abschaltet.<br \/>\nBluetooth zur Verwendung mit unserer VictronConnect-App zur Einrichtung und \u00dcberwachung, einschlie\u00dflich Sofortanzeige \u2013 wichtige BMS-Daten auf einen Blick<br \/>\nLokale und Fern\u00fcberwachung mit einem Victron GX-Ger\u00e4t, zum Beispiel dem Cerbo GX oder Ekrano GX.<br \/>\nDas Lynx Smart BMS ist Teil des modularen Lynx DC-Verteilungssystems.<\/p>\n<p>Datenblatt: <a href=\"https:\/\/www.victronenergy.nl\/upload\/documents\/Datasheet-Lynx-Smart-BMS-NL.pdf\" rel=\"noopener\" target=\"_blank\">Lynx Smart BMS <\/a><br \/>\nHandbuch: <a href=\"https:\/\/www.victronenergy.com\/upload\/documents\/Lynx_Smart_BMS\/109358-Lynx_Smart_BMS-pdf-nl.pdf?_ga=2.100448478.1950855791.1713182341-1618030747.1711382177\" rel=\"noopener\" target=\"_blank \">Lynx Smart BMS <\/a><br \/>\nAbmessungen: <a href=\"https:\/\/www.victronenergy.nl\/upload\/documents\/Lynx-Smart-BMS-1000A(M10).pdf\" rel=\"noopener\" target=\"_blank\">Lynx Smart BMS 1000A ( M10)<\/a><\/p>\n","protected":false},"featured_media":332951,"comment_status":"open","ping_status":"closed","template":"","meta":[],"location":[4275,4276],"product_brand":[],"product_cat":[4282,4612,7744,4383],"product_tag":[],"class_list":{"0":"post-333314","1":"product","2":"type-product","3":"status-publish","4":"has-post-thumbnail","6":"location-aes-emmeloord","7":"location-aes-lemmer","8":"product_cat-victron-de","9":"product_cat-dc-verteilungssysteme-sicherungen","10":"product_cat-lynx-de","11":"product_cat-sonstige","12":"product_shipping_class-paket-0-10-kg","14":"first","15":"instock","16":"taxable","17":"shipping-taxable","18":"purchasable","19":"product-type-simple"},"group_of_quantity":0,"min_quantity":0,"max_quantity":"","exclude_order_quantity_value_rules":"no","exclude_category_quantity_rules":"no","combine_variations":"no","locations":[{"id":4275,"name":"AES Emmeloord","slug":"aes-emmeloord","quantity":""},{"id":4276,"name":"AES Lemmer","slug":"aes-lemmer","quantity":""}],"_links":{"self":[{"href":"https:\/\/ab-marineservice.com\/de\/wp-json\/wp\/v2\/product\/333314","targetHints":{"allow":["GET"]}}],"collection":[{"href":"https:\/\/ab-marineservice.com\/de\/wp-json\/wp\/v2\/product"}],"about":[{"href":"https:\/\/ab-marineservice.com\/de\/wp-json\/wp\/v2\/types\/product"}],"replies":[{"embeddable":true,"href":"https:\/\/ab-marineservice.com\/de\/wp-json\/wp\/v2\/comments?post=333314"}],"wp:featuredmedia":[{"embeddable":true,"href":"https:\/\/ab-marineservice.com\/de\/wp-json\/wp\/v2\/media\/332951"}],"wp:attachment":[{"href":"https:\/\/ab-marineservice.com\/de\/wp-json\/wp\/v2\/media?parent=333314"}],"wp:term":[{"taxonomy":"location","embeddable":true,"href":"https:\/\/ab-marineservice.com\/de\/wp-json\/wp\/v2\/location?post=333314"},{"taxonomy":"product_brand","embeddable":true,"href":"https:\/\/ab-marineservice.com\/de\/wp-json\/wp\/v2\/product_brand?post=333314"},{"taxonomy":"product_cat","embeddable":true,"href":"https:\/\/ab-marineservice.com\/de\/wp-json\/wp\/v2\/product_cat?post=333314"},{"taxonomy":"product_tag","embeddable":true,"href":"https:\/\/ab-marineservice.com\/de\/wp-json\/wp\/v2\/product_tag?post=333314"}],"curies":[{"name":"wp","href":"https:\/\/api.w.org\/{rel}","templated":true}]}}