{"id":333320,"date":"2024-11-05T15:21:38","date_gmt":"2024-11-05T14:21:39","guid":{"rendered":"https:\/\/ab-marineservice.com\/?post_type=product&#038;p=333320"},"modified":"2024-11-05T15:25:53","modified_gmt":"2024-11-05T14:25:53","slug":"lynx-shunt-ve-can-m10","status":"publish","type":"product","link":"https:\/\/ab-marineservice.com\/de\/produkt\/lynx-shunt-ve-can-m10\/","title":{"rendered":"Lynx Shunt VE.Can (M10)"},"content":{"rendered":"","protected":false},"excerpt":{"rendered":"<p>LYN040102110 Victron<\/p>\n<p>Der Lynx Shunt VE.Can ist ein intelligenter 1000 A Shunt (Nebenschlusswiderstand) mit einer Vorrichtung f\u00fcr eine Sicherung. Mit dem eingebauten Batteriew\u00e4chter l\u00e4sst sich der Ladezustand der Batterie akkurat \u00fcberwachen. Zum Auslesen der Informationen ein GX-Ger\u00e4t (z.B. Cerbo GX) verwenden. Teil des modularen Lynx Verteilungssystems.<\/p>\n<p>Datenblatt: <a href=\"https:\/\/www.victronenergy.de\/upload\/documents\/Datasheet-Lynx-Shunt-VE.Can-DE.pdf\" rel=\"noopener\" target=\"_blank\">Lynx Shunt VE.Can<\/a><br \/>\nHandbuch: <a href=\"https:\/\/www.victronenergy.com\/upload\/documents\/Lynx_Shunt_VE.Can\/24534-Lynx_Shunt_VE_Can_Manual-pdf-de.pdf?_ga=2.166557566.1950855791.1713182341-1618030747.1711382177\" rel=\"noopener\" target=\"_blank\">Lynx Shunt VE.Can<\/a><br \/>\nGeh\u00e4useabmessungen: <a href=\"https:\/\/www.victronenergy.de\/upload\/documents\/Lynx-Shunt-VE.Can.pdf\" rel=\"noopener\" target=\"_blank\">Lynx Shunt VE.Can<\/a><\/p>\n","protected":false},"featured_media":309451,"comment_status":"open","ping_status":"closed","template":"","meta":[],"location":[4275,4276],"product_brand":[],"product_cat":[4282,4612,7744,4383,4605,7748],"product_tag":[],"class_list":{"0":"post-333320","1":"product","2":"type-product","3":"status-publish","4":"has-post-thumbnail","6":"location-aes-emmeloord","7":"location-aes-lemmer","8":"product_cat-victron-de","9":"product_cat-dc-verteilungssysteme-sicherungen","10":"product_cat-lynx-de","11":"product_cat-sonstige","12":"product_cat-batteriemonitore","13":"product_cat-lynx-2-de","14":"product_shipping_class-paket-0-10-kg","16":"first","17":"onbackorder","18":"taxable","19":"shipping-taxable","20":"purchasable","21":"product-type-simple"},"group_of_quantity":0,"min_quantity":0,"max_quantity":"","exclude_order_quantity_value_rules":"no","exclude_category_quantity_rules":"no","combine_variations":"no","locations":[{"id":4275,"name":"AES Emmeloord","slug":"aes-emmeloord","quantity":""},{"id":4276,"name":"AES Lemmer","slug":"aes-lemmer","quantity":""}],"_links":{"self":[{"href":"https:\/\/ab-marineservice.com\/de\/wp-json\/wp\/v2\/product\/333320","targetHints":{"allow":["GET"]}}],"collection":[{"href":"https:\/\/ab-marineservice.com\/de\/wp-json\/wp\/v2\/product"}],"about":[{"href":"https:\/\/ab-marineservice.com\/de\/wp-json\/wp\/v2\/types\/product"}],"replies":[{"embeddable":true,"href":"https:\/\/ab-marineservice.com\/de\/wp-json\/wp\/v2\/comments?post=333320"}],"wp:featuredmedia":[{"embeddable":true,"href":"https:\/\/ab-marineservice.com\/de\/wp-json\/wp\/v2\/media\/309451"}],"wp:attachment":[{"href":"https:\/\/ab-marineservice.com\/de\/wp-json\/wp\/v2\/media?parent=333320"}],"wp:term":[{"taxonomy":"location","embeddable":true,"href":"https:\/\/ab-marineservice.com\/de\/wp-json\/wp\/v2\/location?post=333320"},{"taxonomy":"product_brand","embeddable":true,"href":"https:\/\/ab-marineservice.com\/de\/wp-json\/wp\/v2\/product_brand?post=333320"},{"taxonomy":"product_cat","embeddable":true,"href":"https:\/\/ab-marineservice.com\/de\/wp-json\/wp\/v2\/product_cat?post=333320"},{"taxonomy":"product_tag","embeddable":true,"href":"https:\/\/ab-marineservice.com\/de\/wp-json\/wp\/v2\/product_tag?post=333320"}],"curies":[{"name":"wp","href":"https:\/\/api.w.org\/{rel}","templated":true}]}}