{"id":333399,"date":"2024-11-05T16:21:32","date_gmt":"2024-11-05T15:21:33","guid":{"rendered":"https:\/\/ab-marineservice.com\/?post_type=product&#038;p=333399"},"modified":"2024-11-05T16:29:24","modified_gmt":"2024-11-05T15:29:24","slug":"gx-touch-50-flush","status":"publish","type":"product","link":"https:\/\/ab-marineservice.com\/de\/produkt\/gx-touch-50-flush\/","title":{"rendered":"GX Touch 50 flush"},"content":{"rendered":"","protected":false},"excerpt":{"rendered":"<p>BPP900455150 Victron<\/p>\n<p>Die GX Touch 50 sind Bildschirmzubeh\u00f6r f\u00fcr unseren Cerbo GX. Der 5-Zoll-Touchscreen bietet einen sofortigen \u00dcberblick \u00fcber Ihr System und erm\u00f6glicht es Ihnen, Einstellungen im Handumdrehen anzupassen. Schlie\u00dfen Sie den Cerbo GX einfach mit einem Kabel an. Das ultrad\u00fcnne, wasserdichte Design, die Montage an der Oberseite und die einfache Installation bieten gro\u00dfe Flexibilit\u00e4t bei der Gestaltung eines hellen und sauberen Armaturenbretts.<\/p>\n<p>Einfach zusammenzubauen<br \/>\nDer GX Touch wurde optimiert, um den Standards professioneller Installateure mehr als gerecht zu werden. Der Bildschirm wird einfach auf die Oberseite eines Armaturenbretts geschraubt, sodass kein perfekter Ausschnitt erstellt werden muss (wie beim ColorControl GX), und die Verbindung erfolgt mit nur einem Kabel, sodass Sie nicht viele Kabel zu einem Armaturenbrett verlegen m\u00fcssen.<\/p >\n<p>Gef\u00e4hrten<br \/>\nDer GX Touch ist ein Begleiter des Cerbo GX. Das v\u00f6llig neue Kommunikationszentrum erm\u00f6glicht Ihnen die perfekte Steuerung Ihres Systems von jedem Ort aus und maximiert dessen Leistung. Stellen Sie einfach eine Verbindung \u00fcber unser Victron Remote Management (VRM)-Portal her oder erhalten Sie dank der zus\u00e4tzlichen Bluetooth-Funktionen direkten Zugriff \u00fcber ein GX Touch, ein Multifunktionsdisplay oder unsere VictronConnect-App. Diese neueste Erg\u00e4nzung der GX-Reihe vereint das Beste aus der Konnektivit\u00e4t und definiert intelligente Energiel\u00f6sungen in jeder Hinsicht neu.<\/p>\n<p>Datenblatt: <a href=\"https:\/\/ab-marineservice.com\/wp-content\/uploads\/2023\/05\/Datasheet-Cerbo-GX-GX-Touch-NL.pdf\">Datenblatt-Cerbo-GX -GX-Touch-NL<\/a><br \/>\nAbmessungen: <a href=\"https:\/\/www.victronenergy.nl\/upload\/documents\/DimensionDrawing-BPP900455150-GX-Touch-50-Flush.pdf\" rel=\"noopener\" target=\"_blank\">GX Touch 50 Flush <\/a><br \/>\nHandbuch: <a href=\"https:\/\/www.victronenergy.com\/upload\/documents\/Energy_Storage_System\/6292-ESS_design_and_installation_manual-pdf-en.pdf?_ga=2.58169257.2098041302.1684412798-1762701390.1683295150\">Handbuch Cer bo. G X<\/a> < br \/><br \/>\nVideo:\u00a0<a href=\"https:\/\/www.youtube.com\/watch?v=3wheKaU2_qw\">https:\/\/www.youtube.com\/watch?v=3wheKaU2_qw<\/a><\/p>\n","protected":false},"featured_media":333406,"comment_status":"open","ping_status":"closed","template":"","meta":[],"location":[4275,4276],"product_brand":[],"product_cat":[4282,4383,7726,4377],"product_tag":[],"class_list":{"0":"post-333399","1":"product","2":"type-product","3":"status-publish","4":"has-post-thumbnail","6":"location-aes-emmeloord","7":"location-aes-lemmer","8":"product_cat-victron-de","9":"product_cat-sonstige","10":"product_cat-display-paneele","11":"product_cat-panels-und-systemuberwachung","12":"product_shipping_class-paket-0-10-kg","14":"first","15":"instock","16":"taxable","17":"shipping-taxable","18":"purchasable","19":"product-type-simple"},"group_of_quantity":0,"min_quantity":0,"max_quantity":"","exclude_order_quantity_value_rules":"no","exclude_category_quantity_rules":"no","combine_variations":"no","locations":[{"id":4275,"name":"AES Emmeloord","slug":"aes-emmeloord","quantity":""},{"id":4276,"name":"AES Lemmer","slug":"aes-lemmer","quantity":""}],"_links":{"self":[{"href":"https:\/\/ab-marineservice.com\/de\/wp-json\/wp\/v2\/product\/333399","targetHints":{"allow":["GET"]}}],"collection":[{"href":"https:\/\/ab-marineservice.com\/de\/wp-json\/wp\/v2\/product"}],"about":[{"href":"https:\/\/ab-marineservice.com\/de\/wp-json\/wp\/v2\/types\/product"}],"replies":[{"embeddable":true,"href":"https:\/\/ab-marineservice.com\/de\/wp-json\/wp\/v2\/comments?post=333399"}],"wp:featuredmedia":[{"embeddable":true,"href":"https:\/\/ab-marineservice.com\/de\/wp-json\/wp\/v2\/media\/333406"}],"wp:attachment":[{"href":"https:\/\/ab-marineservice.com\/de\/wp-json\/wp\/v2\/media?parent=333399"}],"wp:term":[{"taxonomy":"location","embeddable":true,"href":"https:\/\/ab-marineservice.com\/de\/wp-json\/wp\/v2\/location?post=333399"},{"taxonomy":"product_brand","embeddable":true,"href":"https:\/\/ab-marineservice.com\/de\/wp-json\/wp\/v2\/product_brand?post=333399"},{"taxonomy":"product_cat","embeddable":true,"href":"https:\/\/ab-marineservice.com\/de\/wp-json\/wp\/v2\/product_cat?post=333399"},{"taxonomy":"product_tag","embeddable":true,"href":"https:\/\/ab-marineservice.com\/de\/wp-json\/wp\/v2\/product_tag?post=333399"}],"curies":[{"name":"wp","href":"https:\/\/api.w.org\/{rel}","templated":true}]}}