{"id":333862,"date":"2024-11-07T13:36:27","date_gmt":"2024-11-07T12:36:30","guid":{"rendered":"https:\/\/ab-marineservice.com\/?post_type=product&#038;p=333862"},"modified":"2025-05-19T17:23:58","modified_gmt":"2025-05-19T15:23:58","slug":"12v-600ah-agm-super-cycle-batt-m6","status":"publish","type":"product","link":"https:\/\/ab-marineservice.com\/de\/produkt\/12v-600ah-agm-super-cycle-batt-m6\/","title":{"rendered":"12V\/600Ah AGM Super Cycle Batt. (M6)"},"content":{"rendered":"","protected":false},"excerpt":{"rendered":"<p>BAT412060082 Victron<\/p>\n<p>VRLA AGM-Batterie: Lebensdauer 7\u201310 Jahre<\/p>\n<p>Die AGM-Serie eignet sich aufgrund ihres sehr geringen Innenwiderstands hervorragend f\u00fcr Anwendungen mit hoher Stromabgabe, wie Wechselrichter, Bugstrahlruder und Winden.<\/p>\n<p>Die GEL-Batteriemodelle bieten die beste Haltbarkeit bei Tiefentladung und eine insgesamt l\u00e4ngere Lebensdauer. Durch die Verwendung reiner Materialien und Blei-Kalzium-Platten ist sowohl bei AGM- als auch bei GEL-Batterien eine sehr geringe Selbstentladung gew\u00e4hrleistet, sodass sich die Batterien auch bei l\u00e4ngerer Nichtladung nicht entladen. Beide Batterieserien werden mit flachen Kupferanschl\u00fcssen mit L\u00f6chern f\u00fcr M8-Schrauben geliefert, um einen bestm\u00f6glichen Kontakt zu gew\u00e4hrleisten, Batterieklemmen sind nicht erforderlich. Die Batterien erf\u00fcllen sowohl die europ\u00e4ischen CE- als auch die amerikanischen UL-Spezifikationen in feuerbest\u00e4ndigen ABS-Geh\u00e4usen und werden mit der weltweiten 2-Jahres-Garantie von Victron Energy geliefert.<\/p>\n<p>Datenblatt:\u00a0<a href=\"https:\/\/ab-marineservice.com\/wp-content\/uploads\/2023\/05\/Datasheet-AGM-Super-Cycle-battery-NL.pdf\">Datenblatt-AGM-Super -Cycle-battery-NL<\/a><br \/>\nAbmessungen: <a href=\"https:\/\/www.victronenergy.nl\/upload\/documents\/TNE12-60-BAT412060081.pdf\" rel=\"noopener\" target=\"_blank\">AGM Super Cycle Batterie 12V 60Ah<\/a> <br \/>\nSystemdiagramm:\u00a0<a href=\"https:\/\/ab-marineservice.com\/wp-content\/uploads\/2023\/05\/Hub-1-System-Layout-V3-4-8-2014ADR-1.pdf\">Hub &#8211; 1-System-Layout-V3-4-8-2014ADR<\/a><br \/>\nVideos:<br \/>\n<a href=\"https:\/\/youtu.be\/f2Rnn0-pkCw?list=PLnKCJA0l3E6balmPIyOD3wmiqgVE9DeVG\">Wussten Sie schon \u2013 wie Sie Ihre Blei-S\u00e4ure-Batterie pflegen?<\/a><br \/>\n<a href=\"https:\/\/youtu.be\/FTF_WDfNr8g?list=PLnKCJA0l3E6balmPIyOD3wmiqgVE9DeVG\">Wussten Sie, warum es auf einer Batterie einen C-Wert oder eine 20-Stunden-Anzeige gibt?<\/a><br \/>\n<a href=\"https:\/\/www.youtube.com\/watch?v=mEN15Z_S4kE&amp;feature=youtu.be\">So richten Sie BMW Battery Monitor f\u00fcr Blei- und Lithiumbatterien ein<\/a><\/p>\n","protected":false},"featured_media":333870,"comment_status":"open","ping_status":"closed","template":"","meta":[],"location":[4275,4276],"product_brand":[],"product_cat":[4282,4355,4339],"product_tag":[],"class_list":{"0":"post-333862","1":"product","2":"type-product","3":"status-publish","4":"has-post-thumbnail","6":"location-aes-emmeloord","7":"location-aes-lemmer","8":"product_cat-victron-de","9":"product_cat-batterien","10":"product_cat-agm-supercycle-de","11":"product_shipping_class-paket-0-10-kg","13":"first","14":"onbackorder","15":"taxable","16":"shipping-taxable","17":"purchasable","18":"product-type-simple"},"group_of_quantity":0,"min_quantity":0,"max_quantity":"","exclude_order_quantity_value_rules":"no","exclude_category_quantity_rules":"no","combine_variations":"no","locations":[{"id":4275,"name":"AES Emmeloord","slug":"aes-emmeloord","quantity":""},{"id":4276,"name":"AES Lemmer","slug":"aes-lemmer","quantity":""}],"_links":{"self":[{"href":"https:\/\/ab-marineservice.com\/de\/wp-json\/wp\/v2\/product\/333862","targetHints":{"allow":["GET"]}}],"collection":[{"href":"https:\/\/ab-marineservice.com\/de\/wp-json\/wp\/v2\/product"}],"about":[{"href":"https:\/\/ab-marineservice.com\/de\/wp-json\/wp\/v2\/types\/product"}],"replies":[{"embeddable":true,"href":"https:\/\/ab-marineservice.com\/de\/wp-json\/wp\/v2\/comments?post=333862"}],"wp:featuredmedia":[{"embeddable":true,"href":"https:\/\/ab-marineservice.com\/de\/wp-json\/wp\/v2\/media\/333870"}],"wp:attachment":[{"href":"https:\/\/ab-marineservice.com\/de\/wp-json\/wp\/v2\/media?parent=333862"}],"wp:term":[{"taxonomy":"location","embeddable":true,"href":"https:\/\/ab-marineservice.com\/de\/wp-json\/wp\/v2\/location?post=333862"},{"taxonomy":"product_brand","embeddable":true,"href":"https:\/\/ab-marineservice.com\/de\/wp-json\/wp\/v2\/product_brand?post=333862"},{"taxonomy":"product_cat","embeddable":true,"href":"https:\/\/ab-marineservice.com\/de\/wp-json\/wp\/v2\/product_cat?post=333862"},{"taxonomy":"product_tag","embeddable":true,"href":"https:\/\/ab-marineservice.com\/de\/wp-json\/wp\/v2\/product_tag?post=333862"}],"curies":[{"name":"wp","href":"https:\/\/api.w.org\/{rel}","templated":true}]}}