{"id":336918,"date":"2024-11-20T13:53:11","date_gmt":"2024-11-20T13:37:29","guid":{"rendered":"https:\/\/ab-marineservice.com\/product\/shampoo-wax\/"},"modified":"2026-05-04T15:12:15","modified_gmt":"2026-05-04T13:12:15","slug":"shampoo-wax-1-liter","status":"publish","type":"product","link":"https:\/\/ab-marineservice.com\/de\/produkt\/shampoo-wax-1-liter\/","title":{"rendered":"Shampoo Wax &#8211; 1 liter"},"content":{"rendered":"<p>Shampoo Wax ist ein mildes, synthetisches Kfz-Shampoo mit Aktivwachsadditiven. Eine Kappe Shampoo Wax auf einen Eimer mit warmem Wasser sorgt f\u00fcr gr\u00fcndliche Reinigung des Fahrzeuglacks und sch\u00fctzt ihn mit einer dauerhaften Wachsschicht.<\/p>\n<h4>Typische Standardanalysen<\/h4>\n<table class=\"table analyse-table\">\n<tr>\n<td>Siedepunkt (R\u00fcckflu\u00df)<\/td>\n<td>\n<b>100<\/b>  \u00b0C<\/td>\n<\/tr>\n<tr>\n<td>Schmelzpunkt<\/td>\n<td>\n<b>0<\/b>  \u00b0C<\/td>\n<\/tr>\n<tr>\n<td>pH &#8211; Wert<\/td>\n<td>\n<b>7,0<\/b> <\/td>\n<\/tr>\n<tr>\n<td>Dichte bei 15 \u00b0C<\/td>\n<td>\n<b>1,020<\/b>  kg\/l<\/td>\n<\/tr>\n<\/table>\n","protected":false},"excerpt":{"rendered":"<p>Shampoo Wax ist f\u00fcr alle Fahrzeuglacke geeignet. Nach der W\u00e4sche mit Shampoo Wax den Lack gr\u00fcndlich trocknen und mit einem trockenen, weichen Tuch auf Hochglanz polieren.<\/p>\n<p>1 Kappe Shampoo Wax in 1 Eimer warmes Wasser geben. Shampoo Wax ist biologisch abbaubar und muss frostfrei gelagert werden.<\/p>\n","protected":false},"featured_media":335608,"comment_status":"open","ping_status":"open","template":"","meta":[],"location":[4275,4276],"product_brand":[25894],"product_cat":[9884],"product_tag":[],"class_list":{"0":"post-336918","1":"product","2":"type-product","3":"status-publish","4":"has-post-thumbnail","6":"location-aes-emmeloord","7":"location-aes-lemmer","8":"product_brand-kroon-oil","9":"product_cat-kroon-oil","10":"product_shipping_class-paket-0-10-kg","12":"first","13":"instock","14":"sale","15":"taxable","16":"shipping-taxable","17":"purchasable","18":"product-type-simple"},"group_of_quantity":0,"min_quantity":0,"max_quantity":"","exclude_order_quantity_value_rules":"no","exclude_category_quantity_rules":"no","combine_variations":"no","locations":[{"id":4275,"name":"AES Emmeloord","slug":"aes-emmeloord","quantity":""},{"id":4276,"name":"AES Lemmer","slug":"aes-lemmer","quantity":""}],"_links":{"self":[{"href":"https:\/\/ab-marineservice.com\/de\/wp-json\/wp\/v2\/product\/336918","targetHints":{"allow":["GET"]}}],"collection":[{"href":"https:\/\/ab-marineservice.com\/de\/wp-json\/wp\/v2\/product"}],"about":[{"href":"https:\/\/ab-marineservice.com\/de\/wp-json\/wp\/v2\/types\/product"}],"replies":[{"embeddable":true,"href":"https:\/\/ab-marineservice.com\/de\/wp-json\/wp\/v2\/comments?post=336918"}],"wp:featuredmedia":[{"embeddable":true,"href":"https:\/\/ab-marineservice.com\/de\/wp-json\/wp\/v2\/media\/335608"}],"wp:attachment":[{"href":"https:\/\/ab-marineservice.com\/de\/wp-json\/wp\/v2\/media?parent=336918"}],"wp:term":[{"taxonomy":"location","embeddable":true,"href":"https:\/\/ab-marineservice.com\/de\/wp-json\/wp\/v2\/location?post=336918"},{"taxonomy":"product_brand","embeddable":true,"href":"https:\/\/ab-marineservice.com\/de\/wp-json\/wp\/v2\/product_brand?post=336918"},{"taxonomy":"product_cat","embeddable":true,"href":"https:\/\/ab-marineservice.com\/de\/wp-json\/wp\/v2\/product_cat?post=336918"},{"taxonomy":"product_tag","embeddable":true,"href":"https:\/\/ab-marineservice.com\/de\/wp-json\/wp\/v2\/product_tag?post=336918"}],"curies":[{"name":"wp","href":"https:\/\/api.w.org\/{rel}","templated":true}]}}