{"id":336919,"date":"2024-11-20T13:53:11","date_gmt":"2024-11-20T13:37:29","guid":{"rendered":"https:\/\/ab-marineservice.com\/product\/polish-wax\/"},"modified":"2025-11-25T17:46:25","modified_gmt":"2025-11-25T16:46:25","slug":"polish-wax-400-ml","status":"publish","type":"product","link":"https:\/\/ab-marineservice.com\/de\/produkt\/polish-wax-400-ml\/","title":{"rendered":"Polish Wax \u2013 400 ml"},"content":{"rendered":"<p>Polish Wax ist ein fortschrittliches Wachs auf Wasserbasis. Dank spezieller Zusammensetzung eignet es sich f\u00fcr matte Lacke, Metall, Aluminium, Titan, Karbon und Plastik. Es sorgt f\u00fcr einen exzellenten Schutz, tiefen Glanz und intensiviert die Originalfarbe.<\/p>\n","protected":false},"excerpt":{"rendered":"<p>Polish Wax in einer d\u00fcnnen Schicht auftragen. Mit einem weichen, fusselfreien Tuch abreiben. Vor Gebrauch gut sch\u00fctteln! Nicht anwenden in direktem Sonnenlicht oder an hei\u00dfen Oberfl\u00e4chen, dies kann Flecke verursachen. Vanilleduft.<\/p>\n","protected":false},"featured_media":335612,"comment_status":"open","ping_status":"open","template":"","meta":[],"location":[4275,4276],"product_brand":[25894],"product_cat":[9884],"product_tag":[],"class_list":{"0":"post-336919","1":"product","2":"type-product","3":"status-publish","4":"has-post-thumbnail","6":"location-aes-emmeloord","7":"location-aes-lemmer","8":"product_brand-kroon-oil","9":"product_cat-kroon-oil","10":"product_shipping_class-paket-0-10-kg","12":"first","13":"outofstock","14":"sale","15":"taxable","16":"shipping-taxable","17":"purchasable","18":"product-type-simple"},"group_of_quantity":0,"min_quantity":0,"max_quantity":"","exclude_order_quantity_value_rules":"no","exclude_category_quantity_rules":"no","combine_variations":"no","locations":[{"id":4275,"name":"AES Emmeloord","slug":"aes-emmeloord","quantity":""},{"id":4276,"name":"AES Lemmer","slug":"aes-lemmer","quantity":""}],"_links":{"self":[{"href":"https:\/\/ab-marineservice.com\/de\/wp-json\/wp\/v2\/product\/336919","targetHints":{"allow":["GET"]}}],"collection":[{"href":"https:\/\/ab-marineservice.com\/de\/wp-json\/wp\/v2\/product"}],"about":[{"href":"https:\/\/ab-marineservice.com\/de\/wp-json\/wp\/v2\/types\/product"}],"replies":[{"embeddable":true,"href":"https:\/\/ab-marineservice.com\/de\/wp-json\/wp\/v2\/comments?post=336919"}],"wp:featuredmedia":[{"embeddable":true,"href":"https:\/\/ab-marineservice.com\/de\/wp-json\/wp\/v2\/media\/335612"}],"wp:attachment":[{"href":"https:\/\/ab-marineservice.com\/de\/wp-json\/wp\/v2\/media?parent=336919"}],"wp:term":[{"taxonomy":"location","embeddable":true,"href":"https:\/\/ab-marineservice.com\/de\/wp-json\/wp\/v2\/location?post=336919"},{"taxonomy":"product_brand","embeddable":true,"href":"https:\/\/ab-marineservice.com\/de\/wp-json\/wp\/v2\/product_brand?post=336919"},{"taxonomy":"product_cat","embeddable":true,"href":"https:\/\/ab-marineservice.com\/de\/wp-json\/wp\/v2\/product_cat?post=336919"},{"taxonomy":"product_tag","embeddable":true,"href":"https:\/\/ab-marineservice.com\/de\/wp-json\/wp\/v2\/product_tag?post=336919"}],"curies":[{"name":"wp","href":"https:\/\/api.w.org\/{rel}","templated":true}]}}